{"id":2908,"date":"2011-04-14T14:19:27","date_gmt":"2011-04-14T13:19:27","guid":{"rendered":"https:\/\/best-poker-bonuscode.com\/ev\/"},"modified":"2011-04-14T14:19:27","modified_gmt":"2011-04-14T13:19:27","slug":"ev","status":"publish","type":"page","link":"https:\/\/best-poker-bonuscode.com\/tr\/","title":{"rendered":"Ev"},"content":{"rendered":"<p style=\"text-align: justify;\">Hangi poker sitesine kaydolaca\u011f\u0131na karar vermek, bir poker oyuncusunun vermesi gereken en \u00f6nemli kararlardan biridir. Para yat\u0131rmadan \u00f6nce, d\u00fc\u015f\u00fcnd\u00fc\u011f\u00fcn\u00fcz bir web sitesi hakk\u0131nda \u00e7evrimi\u00e7i bir poker testi okumak<\/strong> zorunludur. Baz\u0131 web siteleri yeni ba\u015flayanlar i\u00e7in, baz\u0131lar\u0131 ise ileri d\u00fczey oyuncular i\u00e7in daha iyidir. Sizin i\u00e7in bir\u00e7ok poker odas\u0131n\u0131 test ettik ve bu web sitesinde, her biri i\u00e7in incelemeler ve orada neler bulabilece\u011finize dair faydal\u0131 bilgiler yer almaktad\u0131r.<\/p>\n<p style=\"text-align: justify;\">Bir\u00e7ok oyuncu, yaln\u0131zca en y\u00fcksek bonusu sunan siteyi se\u00e7erek karar verir. Ancak sorun \u015fu ki, en y\u00fcksek bonus sizin i\u00e7in en iyisi olmayabilir. \u00d6rne\u011fin, baz\u0131 bonuslar y\u00fcksek bahisli oyuncular ve ayn\u0131 anda 8 masada oynayan oyuncular i\u00e7in tasarlanm\u0131\u015ft\u0131r ve bu bonuslardan tam olarak yararlanamayabilirsiniz.<\/p>\n<p style=\"text-align: justify;\">\u00c7evrimi\u00e7i poker test sayfalar\u0131m\u0131z\u0131 okurken, yaln\u0131zca yaz\u0131l\u0131m, yar\u0131\u015fma, turnuva program\u0131 ve oyun \u00e7e\u015fitlili\u011fi hakk\u0131nda bilgi edinmekle kalmayacak, ayn\u0131 zamanda poker odas\u0131 testlerimizde bonusun kolayca al\u0131n\u0131p al\u0131namayaca\u011f\u0131n\u0131 da \u00f6\u011freneceksiniz. Karar verirken kendi oyun tarz\u0131n\u0131z\u0131 g\u00f6z \u00f6n\u00fcnde bulundurun.<\/p>\n<h2 style=\"text-align: justify;\"><span style=\"font-size: 12pt;\">\u00c7evrimi\u00e7i Poker Testi Kazanan\u0131m\u0131z<\/span><\/h2>\n<p style=\"text-align: justify;\">Her oyuncunun favori bir poker odas\u0131 vard\u0131r &#8211; kapsaml\u0131 testlerden sonra bizim i\u00e7in bu <strong>Bet365 Poker<\/strong><\/p>\n<p style=\"text-align: justify;\">Ancak piyasada ba\u015fka bir\u00e7ok iyi \u00e7evrimi\u00e7i poker odas\u0131 da var. Amac\u0131m\u0131z, en iyi \u00e7evrimi\u00e7i poker odalar\u0131n\u0131 bulup test etmek ve t\u00fcm poker siteleri i\u00e7in en iyi ve en g\u00fcncel <strong>poker bonus kodlar\u0131n\u0131<\/strong> ve bonus f\u0131rsatlar\u0131n\u0131 s\u00fcrekli olarak listelemektir. Oynayaca\u011f\u0131n\u0131z bir poker odas\u0131 se\u00e7erken do\u011fru bir karar vermeniz i\u00e7in ihtiyac\u0131n\u0131z olan t\u00fcm bilgileri size sa\u011fl\u0131yoruz.<\/p>\n<p style=\"text-align: justify;\">Poker odas\u0131n\u0131n sundu\u011fu para yat\u0131rma bonusundan yararlan\u0131n. Yine de bu her zaman en y\u00fcksek bonusu se\u00e7mek anlam\u0131na gelmez; bonus \u015fartlar\u0131n\u0131 da \u00f6\u011frenin. Her bonus her oyuncu i\u00e7in uygun de\u011fildir. Baz\u0131 odalar\u0131n kendi poker rakeback sistemleri bile vard\u0131r; s\u0131k oyuncu puanlar\u0131 kazan\u0131labilir ve nakite \u00e7evrilebilir! Bet365 Poker, testimize g\u00f6re t\u00fcm poker odalar\u0131 aras\u0131nda en iyi spor bahisleri b\u00f6l\u00fcm\u00fcn\u00fc ve en iyi ger\u00e7ek para casinolar\u0131n\u0131 sundu\u011fu i\u00e7in favori odam\u0131zd\u0131r. <a href=\"go\/Bet365.html\" target=\"_blank\" rel=\"noopener\">Bet365&#8217;teki s\u0131ra d\u0131\u015f\u0131 poker deneyimini ke\u015ffetmek i\u00e7in buraya t\u0131klay\u0131n ve saniyeler i\u00e7inde poker oynay\u0131n ve spor bahislerinizi yap\u0131n.<\/a><\/p>\n<h2 style=\"text-align: justify;\"><span style=\"font-size: 12pt;\">Poker bonus kodlar\u0131 neden bu kadar \u00f6nemli?<\/span><\/h2>\n<p style=\"text-align: justify;\">Son olarak, en iyi poker bonus kodunu kullanmak sadece Bet365 i\u00e7in de\u011fil, t\u00fcm d\u00fcnya i\u00e7in \u00e7ok \u00f6nemlidir. Sitemizde bulabilece\u011finiz en yeni ve en iyi poker bonus kodlar\u0131, odan\u0131z i\u00e7in ger\u00e7ekten mevcut en y\u00fcksek poker bonusunu alman\u0131z\u0131 garanti eder! Poker bonus kodlar\u0131m\u0131z\u0131 ve test sonu\u00e7lar\u0131m\u0131z\u0131 s\u00fcrekli g\u00fcncelliyoruz.<\/p>\n<h2 style=\"text-align: justify;\"><span style=\"font-size: 12pt;\">Ba\u015fka neleri test ediyoruz?<\/span><\/h2>\n<p style=\"text-align: justify;\">\u0130nceleme makalelerimizde, poker sitelerinin nakit poker oyunu ve turnuva \u00e7e\u015fitlili\u011fi, mikro, orta ve y\u00fcksek seviye nakit oyunlar\u0131n mevcudiyeti, b\u00fcy\u00fck, orta ve k\u00fc\u00e7\u00fck turnuvalar, haftal\u0131k ana turnuva etkinli\u011fi, rekabetin yumu\u015fak m\u0131 yoksa sert mi olaca\u011f\u0131n\u0131 beklemeniz gerekti\u011fi ve \u00e7ok daha fazlas\u0131 hakk\u0131nda bilgi bulacaks\u0131n\u0131z.<\/p>\n<p>Se\u00e7ti\u011finiz poker odas\u0131n\u0131n yaz\u0131l\u0131m\u0131 ve m\u00fc\u015fteri deste\u011fi hakk\u0131nda bilgi edinmek de ayn\u0131 derecede \u00f6nemlidir. T\u00fcm bu bilgileri burada bulabilirsiniz.<\/p>\n<p style=\"text-align: justify;\">Ve son olarak, strateji k\u00f6\u015femize g\u00f6z at\u0131n. Hem Limitsiz ve Sabit Limitli nakit oyunlar hem de Limitsiz turnuvalar i\u00e7in temel ve ileri d\u00fczey Texas Holdem stratejileri hakk\u0131nda bir\u00e7ok makale bulacaks\u0131n\u0131z.<\/p>\n<p style=\"text-align: justify;\">\u0130ster masa oyunu ister turnuva oyuncusu olun, poker okulumuzla poker becerilerinizi geli\u015ftirebilirsiniz. Poker stratejisiyle ilgili yeni makaleler d\u00fczenli olarak yay\u0131nlanacakt\u0131r. Poker becerilerinizi keskin tutmak \u00f6nemlidir &#8211; zaman ay\u0131r\u0131n ve strateji hakk\u0131nda bilgi edinin, ard\u0131ndan <strong>\u00e7evrimi\u00e7i poker testimizden yeni bir poker sitesi se\u00e7in<\/strong>, yeni bir bonus kazan\u0131n ve yeni edindi\u011finiz becerileri uygulamak i\u00e7in masalara geri d\u00f6n\u00fcn!<\/p>\n","protected":false},"excerpt":{"rendered":"<p>Hangi poker sitesine kaydolaca\u011f\u0131na karar vermek, bir poker oyuncusunun vermesi gereken en \u00f6nemli kararlardan biridir. Para yat\u0131rmadan \u00f6nce, d\u00fc\u015f\u00fcnd\u00fc\u011f\u00fcn\u00fcz bir<\/p>\n","protected":false},"author":1,"featured_media":0,"parent":0,"menu_order":1,"comment_status":"closed","ping_status":"closed","template":"","meta":{"footnotes":""},"class_list":["post-2908","page","type-page","status-publish","hentry","comments-off"],"yoast_head":"<!-- This site is optimized with the Yoast SEO plugin v25.7 - https:\/\/yoast.com\/wordpress\/plugins\/seo\/ -->\n<title>\u00c7evrimi\u00e7i Poker Testi | En iyi \u00e7evrimi\u00e7i poker sitelerini test edin<\/title>\n<meta name=\"robots\" content=\"index, follow, max-snippet:-1, max-image-preview:large, max-video-preview:-1\" \/>\n<link rel=\"canonical\" href=\"https:\/\/best-poker-bonuscode.com\/tr\/\" \/>\n<meta property=\"og:locale\" content=\"tr_TR\" \/>\n<meta property=\"og:type\" content=\"article\" \/>\n<meta property=\"og:title\" content=\"\u00c7evrimi\u00e7i Poker Testi | En iyi \u00e7evrimi\u00e7i poker sitelerini test edin\" \/>\n<meta property=\"og:description\" content=\"Hangi poker sitesine kaydolaca\u011f\u0131na karar vermek, bir poker oyuncusunun vermesi gereken en \u00f6nemli kararlardan biridir. Para yat\u0131rmadan \u00f6nce, d\u00fc\u015f\u00fcnd\u00fc\u011f\u00fcn\u00fcz bir\" \/>\n<meta property=\"og:url\" content=\"https:\/\/best-poker-bonuscode.com\/tr\/\" \/>\n<meta property=\"og:site_name\" content=\"Best Poker Bonus Codes\" \/>\n<meta name=\"twitter:card\" content=\"summary_large_image\" \/>\n<meta name=\"twitter:label1\" content=\"Tahmini okuma s\u00fcresi\" \/>\n\t<meta name=\"twitter:data1\" content=\"3 dakika\" \/>\n<script type=\"application\/ld+json\" class=\"yoast-schema-graph\">{\"@context\":\"https:\/\/schema.org\",\"@graph\":[{\"@type\":\"WebPage\",\"@id\":\"https:\/\/best-poker-bonuscode.com\/tr\/\",\"url\":\"https:\/\/best-poker-bonuscode.com\/tr\/\",\"name\":\"\u00c7evrimi\u00e7i Poker Testi | En iyi \u00e7evrimi\u00e7i poker sitelerini test edin\",\"isPartOf\":{\"@id\":\"https:\/\/best-poker-bonuscode.com\/tr\/#website\"},\"datePublished\":\"2011-04-14T13:19:27+00:00\",\"breadcrumb\":{\"@id\":\"https:\/\/best-poker-bonuscode.com\/tr\/#breadcrumb\"},\"inLanguage\":\"tr\",\"potentialAction\":[{\"@type\":\"ReadAction\",\"target\":[\"https:\/\/best-poker-bonuscode.com\/tr\/\"]}]},{\"@type\":\"BreadcrumbList\",\"@id\":\"https:\/\/best-poker-bonuscode.com\/tr\/#breadcrumb\",\"itemListElement\":[{\"@type\":\"ListItem\",\"position\":1,\"name\":\"Home\",\"item\":\"https:\/\/best-poker-bonuscode.com\/tr\/\"},{\"@type\":\"ListItem\",\"position\":2,\"name\":\"Ev\"}]},{\"@type\":\"WebSite\",\"@id\":\"https:\/\/best-poker-bonuscode.com\/tr\/#website\",\"url\":\"https:\/\/best-poker-bonuscode.com\/tr\/\",\"name\":\"Best Poker Bonus Codes\",\"description\":\"\",\"potentialAction\":[{\"@type\":\"SearchAction\",\"target\":{\"@type\":\"EntryPoint\",\"urlTemplate\":\"https:\/\/best-poker-bonuscode.com\/tr\/?s={search_term_string}\"},\"query-input\":{\"@type\":\"PropertyValueSpecification\",\"valueRequired\":true,\"valueName\":\"search_term_string\"}}],\"inLanguage\":\"tr\"}]}<\/script>\n<!-- \/ Yoast SEO plugin. -->","yoast_head_json":{"title":"\u00c7evrimi\u00e7i Poker Testi | En iyi \u00e7evrimi\u00e7i poker sitelerini test edin","robots":{"index":"index","follow":"follow","max-snippet":"max-snippet:-1","max-image-preview":"max-image-preview:large","max-video-preview":"max-video-preview:-1"},"canonical":"https:\/\/best-poker-bonuscode.com\/tr\/","og_locale":"tr_TR","og_type":"article","og_title":"\u00c7evrimi\u00e7i Poker Testi | En iyi \u00e7evrimi\u00e7i poker sitelerini test edin","og_description":"Hangi poker sitesine kaydolaca\u011f\u0131na karar vermek, bir poker oyuncusunun vermesi gereken en \u00f6nemli kararlardan biridir. Para yat\u0131rmadan \u00f6nce, d\u00fc\u015f\u00fcnd\u00fc\u011f\u00fcn\u00fcz bir","og_url":"https:\/\/best-poker-bonuscode.com\/tr\/","og_site_name":"Best Poker Bonus Codes","twitter_card":"summary_large_image","twitter_misc":{"Tahmini okuma s\u00fcresi":"3 dakika"},"schema":{"@context":"https:\/\/schema.org","@graph":[{"@type":"WebPage","@id":"https:\/\/best-poker-bonuscode.com\/tr\/","url":"https:\/\/best-poker-bonuscode.com\/tr\/","name":"\u00c7evrimi\u00e7i Poker Testi | En iyi \u00e7evrimi\u00e7i poker sitelerini test edin","isPartOf":{"@id":"https:\/\/best-poker-bonuscode.com\/tr\/#website"},"datePublished":"2011-04-14T13:19:27+00:00","breadcrumb":{"@id":"https:\/\/best-poker-bonuscode.com\/tr\/#breadcrumb"},"inLanguage":"tr","potentialAction":[{"@type":"ReadAction","target":["https:\/\/best-poker-bonuscode.com\/tr\/"]}]},{"@type":"BreadcrumbList","@id":"https:\/\/best-poker-bonuscode.com\/tr\/#breadcrumb","itemListElement":[{"@type":"ListItem","position":1,"name":"Home","item":"https:\/\/best-poker-bonuscode.com\/tr\/"},{"@type":"ListItem","position":2,"name":"Ev"}]},{"@type":"WebSite","@id":"https:\/\/best-poker-bonuscode.com\/tr\/#website","url":"https:\/\/best-poker-bonuscode.com\/tr\/","name":"Best Poker Bonus Codes","description":"","potentialAction":[{"@type":"SearchAction","target":{"@type":"EntryPoint","urlTemplate":"https:\/\/best-poker-bonuscode.com\/tr\/?s={search_term_string}"},"query-input":{"@type":"PropertyValueSpecification","valueRequired":true,"valueName":"search_term_string"}}],"inLanguage":"tr"}]}},"_links":{"self":[{"href":"https:\/\/best-poker-bonuscode.com\/tr\/wp-json\/wp\/v2\/pages\/2908","targetHints":{"allow":["GET"]}}],"collection":[{"href":"https:\/\/best-poker-bonuscode.com\/tr\/wp-json\/wp\/v2\/pages"}],"about":[{"href":"https:\/\/best-poker-bonuscode.com\/tr\/wp-json\/wp\/v2\/types\/page"}],"author":[{"embeddable":true,"href":"https:\/\/best-poker-bonuscode.com\/tr\/wp-json\/wp\/v2\/users\/1"}],"replies":[{"embeddable":true,"href":"https:\/\/best-poker-bonuscode.com\/tr\/wp-json\/wp\/v2\/comments?post=2908"}],"version-history":[{"count":0,"href":"https:\/\/best-poker-bonuscode.com\/tr\/wp-json\/wp\/v2\/pages\/2908\/revisions"}],"wp:attachment":[{"href":"https:\/\/best-poker-bonuscode.com\/tr\/wp-json\/wp\/v2\/media?parent=2908"}],"curies":[{"name":"wp","href":"https:\/\/api.w.org\/{rel}","templated":true}]}}