{"id":2907,"date":"2011-04-14T14:19:27","date_gmt":"2011-04-14T13:19:27","guid":{"rendered":"https:\/\/best-poker-bonuscode.com\/hem\/"},"modified":"2011-04-14T14:19:27","modified_gmt":"2011-04-14T13:19:27","slug":"hem","status":"publish","type":"page","link":"https:\/\/best-poker-bonuscode.com\/sv\/","title":{"rendered":"Hem"},"content":{"rendered":"<p style=\"text-align: justify;\">Att best\u00e4mma vilken pokersajt man ska registrera sig p\u00e5 \u00e4r ett av de viktigaste valen en pokerspelare m\u00e5ste g\u00f6ra. <strong>Att l\u00e4sa ett onlinepokertest om en webbplats<\/strong> du \u00f6verv\u00e4ger \u00e4r absolut n\u00f6dv\u00e4ndigt innan du s\u00e4tter in n\u00e5gra pengar. Vissa webbplatser \u00e4r b\u00e4ttre f\u00f6r nyb\u00f6rjare, andra \u00e4r b\u00e4ttre f\u00f6r avancerade spelare. Vi har testat m\u00e5nga pokerrum \u00e5t dig, och den h\u00e4r webbplatsen inneh\u00e5ller recensioner f\u00f6r vart och ett av dem, med anv\u00e4ndbar information om vad du hittar d\u00e4r.<\/p>\n<p style=\"text-align: justify;\">M\u00e5nga spelare best\u00e4mmer sig helt enkelt genom att v\u00e4lja webbplatsen med den h\u00f6gsta bonusen. Men problemet \u00e4r att den h\u00f6gsta bonusen kanske inte \u00e4r den som \u00e4r b\u00e4st f\u00f6r dig. Till exempel \u00e4r vissa bonusar gjorda f\u00f6r storspelare och spelare som spelar 8 bord samtidigt, och du kanske inte kan klara dessa bonusar och dra full nytta av dem.<\/p>\n<p style=\"text-align: justify;\">Genom att l\u00e4sa v\u00e5ra testsidor f\u00f6r onlinepoker hittar du inte bara information om programvaran, t\u00e4vlingen, turneringsschemat och spelvarianten, utan i v\u00e5ra pokerrumstester kommer vi ocks\u00e5 att ber\u00e4tta om bonusen \u00e4r l\u00e4tt att klara eller inte. Ta h\u00e4nsyn till din egen spelstil n\u00e4r du best\u00e4mmer dig.<\/p>\n<h2 style=\"text-align: justify;\"><span style=\"font-size: 12pt;\">V\u00e5r vinnare av onlinepokertestet<\/span><\/h2>\n<p style=\"text-align: justify;\">Varje spelare har ett favoritpokerrum &#8211; f\u00f6r oss, efter omfattande tester, \u00e4r det<strong>Bet365 Poker. <\/strong><\/p>\n<p style=\"text-align: justify;\">Men det finns m\u00e5nga andra bra onlinepokerrum d\u00e4r ute. V\u00e5rt m\u00e5l \u00e4r att hitta och testa de b\u00e4sta pokerrummen online och st\u00e4ndigt lista de b\u00e4sta och senaste <strong>pokerbonuskoderna<\/strong> och bonuserbjudandena f\u00f6r alla pokersajter. Vi ger dig all relevant information du beh\u00f6ver f\u00f6r att fatta ett korrekt beslut n\u00e4r du v\u00e4ljer ett pokerrum att spela i.<\/p>\n<p style=\"text-align: justify;\">Utnyttja ins\u00e4ttningsbonusen som erbjuds av pokerrummet. \u00c5terigen, det betyder inte alltid att du v\u00e4ljer den h\u00f6gsta bonusen &#8211; ta reda p\u00e5 \u00e4ven om utl\u00f6seskraven. Inte alla bonusar \u00e4r r\u00e4tt f\u00f6r alla spelare. Vissa rum har till och med sitt eget poker rakeback-system &#8211; frekventa spelarpo\u00e4ng kan vinnas och l\u00f6sas in mot kontanter! Bet365 Poker \u00e4r v\u00e5rt favoritrum p\u00e5 grund av att det, enligt v\u00e5rt test, ocks\u00e5 erbjuder den b\u00e4sta sportsbook-sektionen och de b\u00e4sta casinona med riktiga pengar av alla pokerrum. <a href=\"go\/Bet365.html\" target=\"_blank\" rel=\"noopener\">F\u00f6r att kolla in den extraordin\u00e4ra pokeractionen hos Bet365, klicka h\u00e4r f\u00f6r att spela poker och placera dina sportspel inom n\u00e5gra sekunder.<\/a><\/p>\n<h2 style=\"text-align: justify;\"><span style=\"font-size: 12pt;\">Varf\u00f6r \u00e4r pokerbonuskoder s\u00e5 viktiga?<\/span><\/h2>\n<p style=\"text-align: justify;\">Och slutligen, att anv\u00e4nda den b\u00e4sta pokerbonuskoden \u00e4r mycket viktigt, inte bara f\u00f6r Bet365. Endast de nyaste och b\u00e4sta pokerbonuskoderna som du hittar p\u00e5 v\u00e5r webbplats garanterar att du faktiskt f\u00e5r den h\u00f6gsta tillg\u00e4ngliga pokerbonusen f\u00f6r ditt rum! Vi uppdaterar st\u00e4ndigt v\u00e5ra pokerbonuskoder och testresultat.<\/p>\n<h2 style=\"text-align: justify;\"><span style=\"font-size: 12pt;\">Vad testar vi mer?<\/span><\/h2>\n<p style=\"text-align: justify;\">I v\u00e5ra recensionsartiklar hittar du information om pokerspelens cashgame och turneringsutbud p\u00e5 pokersajterna, tillg\u00e4ngligheten av mikro-, mellan- och h\u00f6gniv\u00e5-cashgames, stora, mellan- och sm\u00e5 turneringar, vad som \u00e4r den veckovisa huvudturneringsevenemanget, om du kan f\u00f6rv\u00e4nta dig att konkurrensen blir mjuk eller tuff d\u00e4r, och mycket mer.<\/p>\n<p>Att f\u00e5 en inblick i programvaran och kundsupporten f\u00f6r det pokerrum du v\u00e4ljer \u00e4r lika viktigt. Du hittar all denna information h\u00e4r.<\/p>\n<p style=\"text-align: justify;\">Och sist men inte minst, ta en titt p\u00e5 v\u00e5r strategih\u00f6rna. D\u00e4r hittar du m\u00e5nga artiklar om grundl\u00e4ggande och avancerad Texas Holdem-strategi, b\u00e5de f\u00f6r No Limit- och Fixed Limit-cashgames och f\u00f6r No Limit-turneringar.<\/p>\n<p style=\"text-align: justify;\">Oavsett om du spelar ringspel eller turneringar kan du f\u00f6rb\u00e4ttra dina pokerf\u00e4rdigheter med v\u00e5r pokerskola. Nya artiklar om pokerstrategi kommer att publiceras regelbundet. Att h\u00e5lla dina pokerf\u00e4rdigheter skarpa \u00e4r viktigt &#8211; ta dig tid och l\u00e4s om strategi, <strong>v\u00e4lj sedan en ny pokersajt fr\u00e5n v\u00e5rt onlinepokertest,<\/strong> f\u00e5 en ny bonus och g\u00e5 tillbaka till borden f\u00f6r att till\u00e4mpa de nya f\u00e4rdigheter du just har f\u00f6rv\u00e4rvat!<\/p>\n","protected":false},"excerpt":{"rendered":"<p>Att best\u00e4mma vilken pokersajt man ska registrera sig p\u00e5 \u00e4r ett av de viktigaste valen en pokerspelare m\u00e5ste g\u00f6ra. Att<\/p>\n","protected":false},"author":1,"featured_media":0,"parent":0,"menu_order":1,"comment_status":"closed","ping_status":"closed","template":"","meta":{"footnotes":""},"class_list":["post-2907","page","type-page","status-publish","hentry","comments-off"],"yoast_head":"<!-- This site is optimized with the Yoast SEO plugin v25.7 - https:\/\/yoast.com\/wordpress\/plugins\/seo\/ -->\n<title>Test av onlinepoker | Testa de b\u00e4sta webbplatserna f\u00f6r onlinepoker<\/title>\n<meta name=\"robots\" content=\"index, follow, max-snippet:-1, max-image-preview:large, max-video-preview:-1\" \/>\n<link rel=\"canonical\" href=\"https:\/\/best-poker-bonuscode.com\/sv\/\" \/>\n<meta property=\"og:locale\" content=\"sv_SE\" \/>\n<meta property=\"og:type\" content=\"article\" \/>\n<meta property=\"og:title\" content=\"Test av onlinepoker | Testa de b\u00e4sta webbplatserna f\u00f6r onlinepoker\" \/>\n<meta property=\"og:description\" content=\"Att best\u00e4mma vilken pokersajt man ska registrera sig p\u00e5 \u00e4r ett av de viktigaste valen en pokerspelare m\u00e5ste g\u00f6ra. Att\" \/>\n<meta property=\"og:url\" content=\"https:\/\/best-poker-bonuscode.com\/sv\/\" \/>\n<meta property=\"og:site_name\" content=\"Best Poker Bonus Codes\" \/>\n<meta name=\"twitter:card\" content=\"summary_large_image\" \/>\n<meta name=\"twitter:label1\" content=\"Ber\u00e4knad l\u00e4stid\" \/>\n\t<meta name=\"twitter:data1\" content=\"3 minuter\" \/>\n<script type=\"application\/ld+json\" class=\"yoast-schema-graph\">{\"@context\":\"https:\/\/schema.org\",\"@graph\":[{\"@type\":\"WebPage\",\"@id\":\"https:\/\/best-poker-bonuscode.com\/sv\/\",\"url\":\"https:\/\/best-poker-bonuscode.com\/sv\/\",\"name\":\"Test av onlinepoker | Testa de b\u00e4sta webbplatserna f\u00f6r onlinepoker\",\"isPartOf\":{\"@id\":\"https:\/\/best-poker-bonuscode.com\/sv\/#website\"},\"datePublished\":\"2011-04-14T13:19:27+00:00\",\"breadcrumb\":{\"@id\":\"https:\/\/best-poker-bonuscode.com\/sv\/#breadcrumb\"},\"inLanguage\":\"sv-SE\",\"potentialAction\":[{\"@type\":\"ReadAction\",\"target\":[\"https:\/\/best-poker-bonuscode.com\/sv\/\"]}]},{\"@type\":\"BreadcrumbList\",\"@id\":\"https:\/\/best-poker-bonuscode.com\/sv\/#breadcrumb\",\"itemListElement\":[{\"@type\":\"ListItem\",\"position\":1,\"name\":\"Home\",\"item\":\"https:\/\/best-poker-bonuscode.com\/sv\/\"},{\"@type\":\"ListItem\",\"position\":2,\"name\":\"Hem\"}]},{\"@type\":\"WebSite\",\"@id\":\"https:\/\/best-poker-bonuscode.com\/sv\/#website\",\"url\":\"https:\/\/best-poker-bonuscode.com\/sv\/\",\"name\":\"Best Poker Bonus Codes\",\"description\":\"\",\"potentialAction\":[{\"@type\":\"SearchAction\",\"target\":{\"@type\":\"EntryPoint\",\"urlTemplate\":\"https:\/\/best-poker-bonuscode.com\/sv\/?s={search_term_string}\"},\"query-input\":{\"@type\":\"PropertyValueSpecification\",\"valueRequired\":true,\"valueName\":\"search_term_string\"}}],\"inLanguage\":\"sv-SE\"}]}<\/script>\n<!-- \/ Yoast SEO plugin. -->","yoast_head_json":{"title":"Test av onlinepoker | Testa de b\u00e4sta webbplatserna f\u00f6r onlinepoker","robots":{"index":"index","follow":"follow","max-snippet":"max-snippet:-1","max-image-preview":"max-image-preview:large","max-video-preview":"max-video-preview:-1"},"canonical":"https:\/\/best-poker-bonuscode.com\/sv\/","og_locale":"sv_SE","og_type":"article","og_title":"Test av onlinepoker | Testa de b\u00e4sta webbplatserna f\u00f6r onlinepoker","og_description":"Att best\u00e4mma vilken pokersajt man ska registrera sig p\u00e5 \u00e4r ett av de viktigaste valen en pokerspelare m\u00e5ste g\u00f6ra. Att","og_url":"https:\/\/best-poker-bonuscode.com\/sv\/","og_site_name":"Best Poker Bonus Codes","twitter_card":"summary_large_image","twitter_misc":{"Ber\u00e4knad l\u00e4stid":"3 minuter"},"schema":{"@context":"https:\/\/schema.org","@graph":[{"@type":"WebPage","@id":"https:\/\/best-poker-bonuscode.com\/sv\/","url":"https:\/\/best-poker-bonuscode.com\/sv\/","name":"Test av onlinepoker | Testa de b\u00e4sta webbplatserna f\u00f6r onlinepoker","isPartOf":{"@id":"https:\/\/best-poker-bonuscode.com\/sv\/#website"},"datePublished":"2011-04-14T13:19:27+00:00","breadcrumb":{"@id":"https:\/\/best-poker-bonuscode.com\/sv\/#breadcrumb"},"inLanguage":"sv-SE","potentialAction":[{"@type":"ReadAction","target":["https:\/\/best-poker-bonuscode.com\/sv\/"]}]},{"@type":"BreadcrumbList","@id":"https:\/\/best-poker-bonuscode.com\/sv\/#breadcrumb","itemListElement":[{"@type":"ListItem","position":1,"name":"Home","item":"https:\/\/best-poker-bonuscode.com\/sv\/"},{"@type":"ListItem","position":2,"name":"Hem"}]},{"@type":"WebSite","@id":"https:\/\/best-poker-bonuscode.com\/sv\/#website","url":"https:\/\/best-poker-bonuscode.com\/sv\/","name":"Best Poker Bonus Codes","description":"","potentialAction":[{"@type":"SearchAction","target":{"@type":"EntryPoint","urlTemplate":"https:\/\/best-poker-bonuscode.com\/sv\/?s={search_term_string}"},"query-input":{"@type":"PropertyValueSpecification","valueRequired":true,"valueName":"search_term_string"}}],"inLanguage":"sv-SE"}]}},"_links":{"self":[{"href":"https:\/\/best-poker-bonuscode.com\/sv\/wp-json\/wp\/v2\/pages\/2907","targetHints":{"allow":["GET"]}}],"collection":[{"href":"https:\/\/best-poker-bonuscode.com\/sv\/wp-json\/wp\/v2\/pages"}],"about":[{"href":"https:\/\/best-poker-bonuscode.com\/sv\/wp-json\/wp\/v2\/types\/page"}],"author":[{"embeddable":true,"href":"https:\/\/best-poker-bonuscode.com\/sv\/wp-json\/wp\/v2\/users\/1"}],"replies":[{"embeddable":true,"href":"https:\/\/best-poker-bonuscode.com\/sv\/wp-json\/wp\/v2\/comments?post=2907"}],"version-history":[{"count":0,"href":"https:\/\/best-poker-bonuscode.com\/sv\/wp-json\/wp\/v2\/pages\/2907\/revisions"}],"wp:attachment":[{"href":"https:\/\/best-poker-bonuscode.com\/sv\/wp-json\/wp\/v2\/media?parent=2907"}],"curies":[{"name":"wp","href":"https:\/\/api.w.org\/{rel}","templated":true}]}}