{"id":2905,"date":"2011-04-14T14:19:27","date_gmt":"2011-04-14T13:19:27","guid":{"rendered":"https:\/\/best-poker-bonuscode.com\/domov\/"},"modified":"2011-04-14T14:19:27","modified_gmt":"2011-04-14T13:19:27","slug":"domov","status":"publish","type":"page","link":"https:\/\/best-poker-bonuscode.com\/sl\/","title":{"rendered":"Domov"},"content":{"rendered":"<p style=\"text-align: justify;\">Odlo\u010ditev, na katero spletno mesto za poker se bo registriral, je ena najpomembnej\u0161ih odlo\u010ditev, ki jih mora igralec pokra sprejeti. Preden polo\u017eite denar, je nujno, da <strong>preberete spletni poker test o spletnem mestu<\/strong>, ki ga razmi\u0161ljate. Nekatera spletna mesta so bolj\u0161a za za\u010detnike, nekatera pa za napredne igralce. Za vas smo preizkusili veliko poker sob in to spletno mesto vsebuje ocene za vsako od njih s koristnimi informacijami o tem, kaj boste tam na\u0161li.<\/p>\n<p style=\"text-align: justify;\">Mnogi igralci se preprosto odlo\u010dijo tako, da izberejo spletno mesto z najvi\u0161jim bonusom. Te\u017eava pa je v tem, da najvi\u0161ji bonus morda ni tisti, ki je najbolj\u0161i za vas. Na primer, nekateri bonusi so namenjeni igralcem z visokimi vlo\u017eki in igralcem, ki igrajo za 8 mizami hkrati, zato teh bonusov morda ne boste mogli unov\u010diti in izkoristiti v celoti.<\/p>\n<p style=\"text-align: justify;\">Na na\u0161ih testnih straneh za spletni poker ne boste na\u0161li le informacij o programski opremi, tekmovanju, urniku turnirjev in raznolikosti iger, temve\u010d vam bomo v na\u0161ih testih poker sob povedali tudi, ali je bonus enostavno unov\u010diti ali ne. Pri odlo\u010danju upo\u0161tevajte svoj slog igranja.<\/p>\n<h2 style=\"text-align: justify;\"><span style=\"font-size: 12pt;\">Na\u0161 zmagovalec testa spletnega pokra<\/span><\/h2>\n<p style=\"text-align: justify;\">Vsak igralec ima svojo najljub\u0161o poker sobo \u2013 za nas je to po obse\u017enem testiranju<strong> Bet365 Poker. <\/strong><\/p>\n<p style=\"text-align: justify;\">Vendar obstaja \u0161e veliko drugih dobrih spletnih poker sob. Na\u0161 cilj je najti in preizkusiti najbolj\u0161e spletne poker sobe ter nenehno objavljati najbolj\u0161e in najnovej\u0161e <strong>bonus kode za poker<\/strong> in bonus ponudbe za vse poker spletne strani. Zagotavljamo vam vse ustrezne informacije, ki jih potrebujete za pravilno odlo\u010ditev pri izbiri poker sobe za igranje.<\/p>\n<p style=\"text-align: justify;\">Izkoristite bonus na polog, ki ga ponuja poker soba. Spet to ne pomeni vedno izbire najvi\u0161jega bonusa \u2013 pozanimajte se tudi o pogojih za sprostitev. Ni vsak bonus primeren za vsakega igralca. Nekatere sobe imajo celo svoj sistem rakebacka za poker \u2013 to\u010dke za pogoste igralce je mogo\u010de osvojiti in unov\u010diti za gotovino! Bet365 Poker je na\u0161a najljub\u0161a soba, ker po na\u0161em testu ponuja tudi najbolj\u0161i oddelek za stave in najbolj\u0161e igralnice za pravi denar od vseh poker sob. <a href=\"go\/Bet365.html\" target=\"_blank\" rel=\"noopener\">\u010ce \u017eelite preveriti izjemno poker dogajanje na Bet365, kliknite tukaj, da igrate poker in v nekaj sekundah oddate svoje \u0161portne stave.<\/a><\/p>\n<h2 style=\"text-align: justify;\"><span style=\"font-size: 12pt;\">Zakaj so bonus kode za poker tako pomembne?<\/span><\/h2>\n<p style=\"text-align: justify;\">In kon\u010dno, uporaba najbolj\u0161e bonus kode za poker je zelo pomembna, ne le za Bet365. Samo najnovej\u0161e in najbolj\u0161e bonus kode za poker, ki jih najdete na na\u0161i strani, vam bodo zagotovile, da boste dejansko prejeli najvi\u0161ji razpolo\u017eljivi poker bonus za svojo sobo! Na\u0161e bonus kode za poker in rezultate testov nenehno posodabljamo.<\/p>\n<h2 style=\"text-align: justify;\"><span style=\"font-size: 12pt;\">Kaj \u0161e testiramo?<\/span><\/h2>\n<p style=\"text-align: justify;\">V na\u0161ih preglednih \u010dlankih boste na\u0161li informacije o raznolikosti poker iger za denar in turnirjev na spletnih straneh za poker, razpolo\u017eljivosti mikro, srednje in visoke ravni denarnih iger, velikih, srednjih in majhnih turnirjev, o tem, kateri je tedenski glavni turnir, ali lahko pri\u010dakujete \u0161ibko ali mo\u010dno konkurenco in \u0161e veliko ve\u010d.<\/p>\n<p>Enako pomembno je, da dobite vpogled v programsko opremo in podporo strankam izbrane poker sobe. Vse te informacije boste na\u0161li tukaj.<\/p>\n<p style=\"text-align: justify;\">In nenazadnje si oglejte na\u0161 strate\u0161ki koti\u010dek. Tam boste na\u0161li veliko \u010dlankov o osnovni in napredni strategiji Texas Holdema, tako za denarne igre No Limit kot Fixed Limit ter za turnirje No Limit.<\/p>\n<p style=\"text-align: justify;\">Ne glede na to, ali ste igralec denarnih iger ali turnirjev, lahko v na\u0161i \u0161oli pokra izbolj\u0161ate svoje poker spretnosti. Redno bomo objavljali nove \u010dlanke o poker strategiji. Pomembno je, da ohranite svoje poker spretnosti na vrhuncu \u2013 vzemite si \u010das in preberite o strategiji, nato pa <strong>izberite novo poker spletno stran iz na\u0161ega spletnega poker testa,<\/strong> prejmite nov bonus in se vrnite za mize, da uporabite novo pridobljeno znanje!<\/p>\n","protected":false},"excerpt":{"rendered":"<p>Odlo\u010ditev, na katero spletno mesto za poker se bo registriral, je ena najpomembnej\u0161ih odlo\u010ditev, ki jih mora igralec pokra sprejeti.<\/p>\n","protected":false},"author":1,"featured_media":0,"parent":0,"menu_order":1,"comment_status":"closed","ping_status":"closed","template":"","meta":{"footnotes":""},"class_list":["post-2905","page","type-page","status-publish","hentry","comments-off"],"yoast_head":"<!-- This site is optimized with the Yoast SEO plugin v25.7 - https:\/\/yoast.com\/wordpress\/plugins\/seo\/ -->\n<title>Test spletnega pokra | Preizkusite najbolj\u0161e spletne strani za poker<\/title>\n<meta name=\"robots\" content=\"index, follow, max-snippet:-1, max-image-preview:large, max-video-preview:-1\" \/>\n<link rel=\"canonical\" href=\"https:\/\/best-poker-bonuscode.com\/sl\/\" \/>\n<meta property=\"og:locale\" content=\"sl_SI\" \/>\n<meta property=\"og:type\" content=\"article\" \/>\n<meta property=\"og:title\" content=\"Test spletnega pokra | Preizkusite najbolj\u0161e spletne strani za poker\" \/>\n<meta property=\"og:description\" content=\"Odlo\u010ditev, na katero spletno mesto za poker se bo registriral, je ena najpomembnej\u0161ih odlo\u010ditev, ki jih mora igralec pokra sprejeti.\" \/>\n<meta property=\"og:url\" content=\"https:\/\/best-poker-bonuscode.com\/sl\/\" \/>\n<meta property=\"og:site_name\" content=\"Best Poker Bonus Codes\" \/>\n<meta name=\"twitter:card\" content=\"summary_large_image\" \/>\n<meta name=\"twitter:label1\" content=\"Est. reading time\" \/>\n\t<meta name=\"twitter:data1\" content=\"3 minute\" \/>\n<script type=\"application\/ld+json\" class=\"yoast-schema-graph\">{\"@context\":\"https:\/\/schema.org\",\"@graph\":[{\"@type\":\"WebPage\",\"@id\":\"https:\/\/best-poker-bonuscode.com\/sl\/\",\"url\":\"https:\/\/best-poker-bonuscode.com\/sl\/\",\"name\":\"Test spletnega pokra | Preizkusite najbolj\u0161e spletne strani za poker\",\"isPartOf\":{\"@id\":\"https:\/\/best-poker-bonuscode.com\/sl\/#website\"},\"datePublished\":\"2011-04-14T13:19:27+00:00\",\"breadcrumb\":{\"@id\":\"https:\/\/best-poker-bonuscode.com\/sl\/#breadcrumb\"},\"inLanguage\":\"sl-SI\",\"potentialAction\":[{\"@type\":\"ReadAction\",\"target\":[\"https:\/\/best-poker-bonuscode.com\/sl\/\"]}]},{\"@type\":\"BreadcrumbList\",\"@id\":\"https:\/\/best-poker-bonuscode.com\/sl\/#breadcrumb\",\"itemListElement\":[{\"@type\":\"ListItem\",\"position\":1,\"name\":\"Home\",\"item\":\"https:\/\/best-poker-bonuscode.com\/sl\/\"},{\"@type\":\"ListItem\",\"position\":2,\"name\":\"Domov\"}]},{\"@type\":\"WebSite\",\"@id\":\"https:\/\/best-poker-bonuscode.com\/sl\/#website\",\"url\":\"https:\/\/best-poker-bonuscode.com\/sl\/\",\"name\":\"Best Poker Bonus Codes\",\"description\":\"\",\"potentialAction\":[{\"@type\":\"SearchAction\",\"target\":{\"@type\":\"EntryPoint\",\"urlTemplate\":\"https:\/\/best-poker-bonuscode.com\/sl\/?s={search_term_string}\"},\"query-input\":{\"@type\":\"PropertyValueSpecification\",\"valueRequired\":true,\"valueName\":\"search_term_string\"}}],\"inLanguage\":\"sl-SI\"}]}<\/script>\n<!-- \/ Yoast SEO plugin. -->","yoast_head_json":{"title":"Test spletnega pokra | Preizkusite najbolj\u0161e spletne strani za poker","robots":{"index":"index","follow":"follow","max-snippet":"max-snippet:-1","max-image-preview":"max-image-preview:large","max-video-preview":"max-video-preview:-1"},"canonical":"https:\/\/best-poker-bonuscode.com\/sl\/","og_locale":"sl_SI","og_type":"article","og_title":"Test spletnega pokra | Preizkusite najbolj\u0161e spletne strani za poker","og_description":"Odlo\u010ditev, na katero spletno mesto za poker se bo registriral, je ena najpomembnej\u0161ih odlo\u010ditev, ki jih mora igralec pokra sprejeti.","og_url":"https:\/\/best-poker-bonuscode.com\/sl\/","og_site_name":"Best Poker Bonus Codes","twitter_card":"summary_large_image","twitter_misc":{"Est. reading time":"3 minute"},"schema":{"@context":"https:\/\/schema.org","@graph":[{"@type":"WebPage","@id":"https:\/\/best-poker-bonuscode.com\/sl\/","url":"https:\/\/best-poker-bonuscode.com\/sl\/","name":"Test spletnega pokra | Preizkusite najbolj\u0161e spletne strani za poker","isPartOf":{"@id":"https:\/\/best-poker-bonuscode.com\/sl\/#website"},"datePublished":"2011-04-14T13:19:27+00:00","breadcrumb":{"@id":"https:\/\/best-poker-bonuscode.com\/sl\/#breadcrumb"},"inLanguage":"sl-SI","potentialAction":[{"@type":"ReadAction","target":["https:\/\/best-poker-bonuscode.com\/sl\/"]}]},{"@type":"BreadcrumbList","@id":"https:\/\/best-poker-bonuscode.com\/sl\/#breadcrumb","itemListElement":[{"@type":"ListItem","position":1,"name":"Home","item":"https:\/\/best-poker-bonuscode.com\/sl\/"},{"@type":"ListItem","position":2,"name":"Domov"}]},{"@type":"WebSite","@id":"https:\/\/best-poker-bonuscode.com\/sl\/#website","url":"https:\/\/best-poker-bonuscode.com\/sl\/","name":"Best Poker Bonus Codes","description":"","potentialAction":[{"@type":"SearchAction","target":{"@type":"EntryPoint","urlTemplate":"https:\/\/best-poker-bonuscode.com\/sl\/?s={search_term_string}"},"query-input":{"@type":"PropertyValueSpecification","valueRequired":true,"valueName":"search_term_string"}}],"inLanguage":"sl-SI"}]}},"_links":{"self":[{"href":"https:\/\/best-poker-bonuscode.com\/sl\/wp-json\/wp\/v2\/pages\/2905","targetHints":{"allow":["GET"]}}],"collection":[{"href":"https:\/\/best-poker-bonuscode.com\/sl\/wp-json\/wp\/v2\/pages"}],"about":[{"href":"https:\/\/best-poker-bonuscode.com\/sl\/wp-json\/wp\/v2\/types\/page"}],"author":[{"embeddable":true,"href":"https:\/\/best-poker-bonuscode.com\/sl\/wp-json\/wp\/v2\/users\/1"}],"replies":[{"embeddable":true,"href":"https:\/\/best-poker-bonuscode.com\/sl\/wp-json\/wp\/v2\/comments?post=2905"}],"version-history":[{"count":0,"href":"https:\/\/best-poker-bonuscode.com\/sl\/wp-json\/wp\/v2\/pages\/2905\/revisions"}],"wp:attachment":[{"href":"https:\/\/best-poker-bonuscode.com\/sl\/wp-json\/wp\/v2\/media?parent=2905"}],"curies":[{"name":"wp","href":"https:\/\/api.w.org\/{rel}","templated":true}]}}