{"id":2904,"date":"2011-04-14T14:19:27","date_gmt":"2011-04-14T13:19:27","guid":{"rendered":"https:\/\/best-poker-bonuscode.com\/domov\/"},"modified":"2011-04-14T14:19:27","modified_gmt":"2011-04-14T13:19:27","slug":"domov","status":"publish","type":"page","link":"https:\/\/best-poker-bonuscode.com\/sk\/","title":{"rendered":"Domov"},"content":{"rendered":"<p style=\"text-align: justify;\">Rozhodnutie, na ktorej pokrovej webovej str\u00e1nke sa zaregistrova\u0165, je jedn\u00fdm z najd\u00f4le\u017eitej\u0161\u00edch rozhodnut\u00ed, ktor\u00e9 mus\u00ed pokrov\u00fd hr\u00e1\u010d urobi\u0165. Pred vkladom ak\u00fdchko\u013evek pe\u0148az\u00ed je nevyhnutn\u00e9 <strong>pre\u010d\u00edta\u0165 si online pokrov\u00fd test o webovej str\u00e1nke<\/strong>, ktor\u00fa zva\u017eujete. Niektor\u00e9 webov\u00e9 str\u00e1nky s\u00fa lep\u0161ie pre za\u010diato\u010dn\u00edkov, in\u00e9 pre pokro\u010dil\u00fdch hr\u00e1\u010dov. Otestovali sme pre v\u00e1s mnoho pokrov\u00fdch hern\u00ed a t\u00e1to webov\u00e1 str\u00e1nka obsahuje recenzie pre ka\u017ed\u00fa z nich s u\u017eito\u010dn\u00fdmi inform\u00e1ciami o tom, \u010do tam n\u00e1jdete.<\/p>\n<p style=\"text-align: justify;\">Mnoho hr\u00e1\u010dov sa rozhoduje jednoducho v\u00fdberom str\u00e1nky s najvy\u0161\u0161\u00edm bonusom. Probl\u00e9m je v\u0161ak v tom, \u017ee najvy\u0161\u0161\u00ed bonus nemus\u00ed by\u0165 ten, ktor\u00fd je pre v\u00e1s najlep\u0161\u00ed. Napr\u00edklad niektor\u00e9 bonusy s\u00fa ur\u010den\u00e9 pre high rollerov a hr\u00e1\u010dov, ktor\u00ed hraj\u00fa pri 8 stoloch s\u00fa\u010dasne, a vy nemus\u00edte by\u0165 schopn\u00ed tieto bonusy z\u00edska\u0165 a vyu\u017ei\u0165 ich naplno.<\/p>\n<p style=\"text-align: justify;\">Pri \u010d\u00edtan\u00ed na\u0161ich testovac\u00edch str\u00e1nok online pokru n\u00e1jdete nielen inform\u00e1cie o softv\u00e9ri, s\u00fa\u0165a\u017ei, rozpise turnajov a rozmanitosti hier, ale v na\u0161ich testoch pokrov\u00fdch hern\u00ed v\u00e1m tie\u017e povieme, \u010di je bonus \u013eahk\u00e9 z\u00edska\u0165 alebo nie. Pri rozhodovan\u00ed zoh\u013eadnite svoj vlastn\u00fd \u0161t\u00fdl hry.<\/p>\n<h2 style=\"text-align: justify;\"><span style=\"font-size: 12pt;\">N\u00e1\u0161 v\u00ed\u0165az online pokrov\u00e9ho testu<\/span><\/h2>\n<p style=\"text-align: justify;\">Ka\u017ed\u00fd hr\u00e1\u010d m\u00e1 svoju ob\u013e\u00faben\u00fa pokrov\u00fa her\u0148u &#8211; pre n\u00e1s je to po rozsiahlom testovan\u00ed<strong> Bet365 Poker. <\/strong><\/p>\n<p style=\"text-align: justify;\">Existuje v\u0161ak mnoho \u010fal\u0161\u00edch dobr\u00fdch online pokrov\u00fdch hern\u00ed. Na\u0161\u00edm cie\u013eom je n\u00e1js\u0165 a otestova\u0165 najlep\u0161ie online pokrov\u00e9 herne a neust\u00e1le uv\u00e1dza\u0165 najlep\u0161ie a najnov\u0161ie <strong>bonusov\u00e9 k\u00f3dy pre poker<\/strong> a bonusov\u00e9 ponuky pre v\u0161etky pokrov\u00e9 webov\u00e9 str\u00e1nky. Poskytujeme v\u00e1m v\u0161etky relevantn\u00e9 inform\u00e1cie, ktor\u00e9 potrebujete na spr\u00e1vne rozhodnutie pri v\u00fdbere pokrovej herne, v ktorej chcete hra\u0165.<\/p>\n<p style=\"text-align: justify;\">Vyu\u017eite bonus za vklad, ktor\u00fd pon\u00faka pokrov\u00e1 her\u0148a. Op\u00e4\u0165 to neznamen\u00e1 v\u017edy v\u00fdber najvy\u0161\u0161ieho bonusu \u2013 zistite si aj podmienky na uvo\u013enenie. Nie ka\u017ed\u00fd bonus je vhodn\u00fd pre ka\u017ed\u00e9ho hr\u00e1\u010da. Niektor\u00e9 herne maj\u00fa dokonca vlastn\u00fd syst\u00e9m rakebacku v pokri \u2013 body za \u010dast\u00fdch hr\u00e1\u010dov je mo\u017en\u00e9 vyhra\u0165 a vymeni\u0165 za hotovos\u0165! Bet365 Poker je na\u0161a ob\u013e\u00faben\u00e1 her\u0148a, preto\u017ee pod\u013ea n\u00e1\u0161ho testu pon\u00faka aj najlep\u0161iu sekciu st\u00e1vkov\u00fdch kancel\u00e1ri\u00ed a najlep\u0161ie kas\u00edna o skuto\u010dn\u00e9 peniaze zo v\u0161etk\u00fdch pokrov\u00fdch hern\u00ed. <a href=\"go\/Bet365.html\" target=\"_blank\" rel=\"noopener\">Ak chcete vysk\u00fa\u0161a\u0165 mimoriadnu pokerov\u00fa akciu na Bet365, kliknite sem a hrajte poker, kde m\u00f4\u017eete uzavrie\u0165 svoje \u0161portov\u00e9 st\u00e1vky v priebehu nieko\u013ek\u00fdch sek\u00fand.<\/a><\/p>\n<h2 style=\"text-align: justify;\"><span style=\"font-size: 12pt;\">Pre\u010do s\u00fa pokrov\u00e9 bonusov\u00e9 k\u00f3dy tak\u00e9 d\u00f4le\u017eit\u00e9?<\/span><\/h2>\n<p style=\"text-align: justify;\">A nakoniec, pou\u017e\u00edvanie najlep\u0161ieho pokrov\u00e9ho bonusov\u00e9ho k\u00f3du je ve\u013emi d\u00f4le\u017eit\u00e9, nielen pre Bet365. Iba najnov\u0161ie a najlep\u0161ie pokrov\u00e9 bonusov\u00e9 k\u00f3dy, ktor\u00e9 n\u00e1jdete na na\u0161ej str\u00e1nke, v\u00e1m zaru\u010dia, \u017ee skuto\u010dne z\u00edskate najvy\u0161\u0161\u00ed dostupn\u00fd pokrov\u00fd bonus pre va\u0161u her\u0148u! Neust\u00e1le aktualizujeme na\u0161e pokrov\u00e9 bonusov\u00e9 k\u00f3dy a v\u00fdsledky testov.<\/p>\n<h2 style=\"text-align: justify;\"><span style=\"font-size: 12pt;\">\u010co e\u0161te testujeme?<\/span><\/h2>\n<p style=\"text-align: justify;\">V na\u0161ich recenzn\u00fdch \u010dl\u00e1nkoch n\u00e1jdete inform\u00e1cie o rozmanitosti pokrov\u00fdch cash hier a turnajov na pokrov\u00fdch webov\u00fdch str\u00e1nkach, dostupnosti mikro-, stredn\u00fdch a vysok\u00fdch cash hier, ve\u013ek\u00fdch, stredn\u00fdch a mal\u00fdch turnajov, o tom, ak\u00fd je hlavn\u00fd t\u00fd\u017edenn\u00fd turnaj, \u010di m\u00f4\u017eete o\u010dak\u00e1va\u0165 slab\u00fa alebo tvrd\u00fa konkurenciu a ove\u013ea viac.<\/p>\n<p>Rovnako d\u00f4le\u017eit\u00e9 je z\u00edska\u0165 preh\u013ead o softv\u00e9ri a z\u00e1kazn\u00edckej podpore vami vybranej pokrovej herne. V\u0161etky tieto inform\u00e1cie n\u00e1jdete tu.<\/p>\n<p style=\"text-align: justify;\">A v neposlednom rade si pozrite n\u00e1\u0161 strategick\u00fd k\u00fatik. N\u00e1jdete tam mno\u017estvo \u010dl\u00e1nkov o z\u00e1kladnej aj pokro\u010dilej strat\u00e9gii Texas Holdem, a to ako pre cash games No Limit, tak aj pre No Limit turnaje.<\/p>\n<p style=\"text-align: justify;\">\u010ci u\u017e hr\u00e1\u0161 cash games alebo turnaje, s na\u0161ou pokrovou \u0161kolou si m\u00f4\u017ee\u0161 zlep\u0161i\u0165 svoje pokrov\u00e9 zru\u010dnosti. Pravidelne budeme publikova\u0165 nov\u00e9 \u010dl\u00e1nky o pokrovej strat\u00e9gii. Udr\u017eiavanie si pokrov\u00fdch zru\u010dnost\u00ed je d\u00f4le\u017eit\u00e9 \u2013 n\u00e1jdi si \u010das a pre\u010d\u00edtaj si o strat\u00e9gii, potom si <strong>vyber nov\u00fa pokrov\u00fa webov\u00fa str\u00e1nku z n\u00e1\u0161ho online pokrov\u00e9ho testu,<\/strong> z\u00edskaj nov\u00fd bonus a vr\u00e1\u0165 sa k stolom, aby si uplatnil\/a nov\u00e9 zru\u010dnosti, ktor\u00e9 si pr\u00e1ve z\u00edskal\/a!<\/p>\n","protected":false},"excerpt":{"rendered":"<p>Rozhodnutie, na ktorej pokrovej webovej str\u00e1nke sa zaregistrova\u0165, je jedn\u00fdm z najd\u00f4le\u017eitej\u0161\u00edch rozhodnut\u00ed, ktor\u00e9 mus\u00ed pokrov\u00fd hr\u00e1\u010d urobi\u0165. Pred vkladom<\/p>\n","protected":false},"author":1,"featured_media":0,"parent":0,"menu_order":1,"comment_status":"closed","ping_status":"closed","template":"","meta":{"footnotes":""},"class_list":["post-2904","page","type-page","status-publish","hentry","comments-off"],"yoast_head":"<!-- This site is optimized with the Yoast SEO plugin v25.7 - https:\/\/yoast.com\/wordpress\/plugins\/seo\/ -->\n<title>Test online pokru | Otestujte si najlep\u0161ie webov\u00e9 str\u00e1nky s online pokrom<\/title>\n<meta name=\"robots\" content=\"index, follow, max-snippet:-1, max-image-preview:large, max-video-preview:-1\" \/>\n<link rel=\"canonical\" href=\"https:\/\/best-poker-bonuscode.com\/sk\/\" \/>\n<meta property=\"og:locale\" content=\"sk_SK\" \/>\n<meta property=\"og:type\" content=\"article\" \/>\n<meta property=\"og:title\" content=\"Test online pokru | Otestujte si najlep\u0161ie webov\u00e9 str\u00e1nky s online pokrom\" \/>\n<meta property=\"og:description\" content=\"Rozhodnutie, na ktorej pokrovej webovej str\u00e1nke sa zaregistrova\u0165, je jedn\u00fdm z najd\u00f4le\u017eitej\u0161\u00edch rozhodnut\u00ed, ktor\u00e9 mus\u00ed pokrov\u00fd hr\u00e1\u010d urobi\u0165. Pred vkladom\" \/>\n<meta property=\"og:url\" content=\"https:\/\/best-poker-bonuscode.com\/sk\/\" \/>\n<meta property=\"og:site_name\" content=\"Best Poker Bonus Codes\" \/>\n<meta name=\"twitter:card\" content=\"summary_large_image\" \/>\n<meta name=\"twitter:label1\" content=\"Predpokladan\u00fd \u010das \u010d\u00edtania\" \/>\n\t<meta name=\"twitter:data1\" content=\"4 min\u00faty\" \/>\n<script type=\"application\/ld+json\" class=\"yoast-schema-graph\">{\"@context\":\"https:\/\/schema.org\",\"@graph\":[{\"@type\":\"WebPage\",\"@id\":\"https:\/\/best-poker-bonuscode.com\/sk\/\",\"url\":\"https:\/\/best-poker-bonuscode.com\/sk\/\",\"name\":\"Test online pokru | Otestujte si najlep\u0161ie webov\u00e9 str\u00e1nky s online pokrom\",\"isPartOf\":{\"@id\":\"https:\/\/best-poker-bonuscode.com\/sk\/#website\"},\"datePublished\":\"2011-04-14T13:19:27+00:00\",\"breadcrumb\":{\"@id\":\"https:\/\/best-poker-bonuscode.com\/sk\/#breadcrumb\"},\"inLanguage\":\"sk-SK\",\"potentialAction\":[{\"@type\":\"ReadAction\",\"target\":[\"https:\/\/best-poker-bonuscode.com\/sk\/\"]}]},{\"@type\":\"BreadcrumbList\",\"@id\":\"https:\/\/best-poker-bonuscode.com\/sk\/#breadcrumb\",\"itemListElement\":[{\"@type\":\"ListItem\",\"position\":1,\"name\":\"Home\",\"item\":\"https:\/\/best-poker-bonuscode.com\/sk\/\"},{\"@type\":\"ListItem\",\"position\":2,\"name\":\"Domov\"}]},{\"@type\":\"WebSite\",\"@id\":\"https:\/\/best-poker-bonuscode.com\/sk\/#website\",\"url\":\"https:\/\/best-poker-bonuscode.com\/sk\/\",\"name\":\"Best Poker Bonus Codes\",\"description\":\"\",\"potentialAction\":[{\"@type\":\"SearchAction\",\"target\":{\"@type\":\"EntryPoint\",\"urlTemplate\":\"https:\/\/best-poker-bonuscode.com\/sk\/?s={search_term_string}\"},\"query-input\":{\"@type\":\"PropertyValueSpecification\",\"valueRequired\":true,\"valueName\":\"search_term_string\"}}],\"inLanguage\":\"sk-SK\"}]}<\/script>\n<!-- \/ Yoast SEO plugin. -->","yoast_head_json":{"title":"Test online pokru | Otestujte si najlep\u0161ie webov\u00e9 str\u00e1nky s online pokrom","robots":{"index":"index","follow":"follow","max-snippet":"max-snippet:-1","max-image-preview":"max-image-preview:large","max-video-preview":"max-video-preview:-1"},"canonical":"https:\/\/best-poker-bonuscode.com\/sk\/","og_locale":"sk_SK","og_type":"article","og_title":"Test online pokru | Otestujte si najlep\u0161ie webov\u00e9 str\u00e1nky s online pokrom","og_description":"Rozhodnutie, na ktorej pokrovej webovej str\u00e1nke sa zaregistrova\u0165, je jedn\u00fdm z najd\u00f4le\u017eitej\u0161\u00edch rozhodnut\u00ed, ktor\u00e9 mus\u00ed pokrov\u00fd hr\u00e1\u010d urobi\u0165. Pred vkladom","og_url":"https:\/\/best-poker-bonuscode.com\/sk\/","og_site_name":"Best Poker Bonus Codes","twitter_card":"summary_large_image","twitter_misc":{"Predpokladan\u00fd \u010das \u010d\u00edtania":"4 min\u00faty"},"schema":{"@context":"https:\/\/schema.org","@graph":[{"@type":"WebPage","@id":"https:\/\/best-poker-bonuscode.com\/sk\/","url":"https:\/\/best-poker-bonuscode.com\/sk\/","name":"Test online pokru | Otestujte si najlep\u0161ie webov\u00e9 str\u00e1nky s online pokrom","isPartOf":{"@id":"https:\/\/best-poker-bonuscode.com\/sk\/#website"},"datePublished":"2011-04-14T13:19:27+00:00","breadcrumb":{"@id":"https:\/\/best-poker-bonuscode.com\/sk\/#breadcrumb"},"inLanguage":"sk-SK","potentialAction":[{"@type":"ReadAction","target":["https:\/\/best-poker-bonuscode.com\/sk\/"]}]},{"@type":"BreadcrumbList","@id":"https:\/\/best-poker-bonuscode.com\/sk\/#breadcrumb","itemListElement":[{"@type":"ListItem","position":1,"name":"Home","item":"https:\/\/best-poker-bonuscode.com\/sk\/"},{"@type":"ListItem","position":2,"name":"Domov"}]},{"@type":"WebSite","@id":"https:\/\/best-poker-bonuscode.com\/sk\/#website","url":"https:\/\/best-poker-bonuscode.com\/sk\/","name":"Best Poker Bonus Codes","description":"","potentialAction":[{"@type":"SearchAction","target":{"@type":"EntryPoint","urlTemplate":"https:\/\/best-poker-bonuscode.com\/sk\/?s={search_term_string}"},"query-input":{"@type":"PropertyValueSpecification","valueRequired":true,"valueName":"search_term_string"}}],"inLanguage":"sk-SK"}]}},"_links":{"self":[{"href":"https:\/\/best-poker-bonuscode.com\/sk\/wp-json\/wp\/v2\/pages\/2904","targetHints":{"allow":["GET"]}}],"collection":[{"href":"https:\/\/best-poker-bonuscode.com\/sk\/wp-json\/wp\/v2\/pages"}],"about":[{"href":"https:\/\/best-poker-bonuscode.com\/sk\/wp-json\/wp\/v2\/types\/page"}],"author":[{"embeddable":true,"href":"https:\/\/best-poker-bonuscode.com\/sk\/wp-json\/wp\/v2\/users\/1"}],"replies":[{"embeddable":true,"href":"https:\/\/best-poker-bonuscode.com\/sk\/wp-json\/wp\/v2\/comments?post=2904"}],"version-history":[{"count":0,"href":"https:\/\/best-poker-bonuscode.com\/sk\/wp-json\/wp\/v2\/pages\/2904\/revisions"}],"wp:attachment":[{"href":"https:\/\/best-poker-bonuscode.com\/sk\/wp-json\/wp\/v2\/media?parent=2904"}],"curies":[{"name":"wp","href":"https:\/\/api.w.org\/{rel}","templated":true}]}}