{"id":2901,"date":"2011-04-14T14:19:27","date_gmt":"2011-04-14T13:19:27","guid":{"rendered":"https:\/\/best-poker-bonuscode.com\/acasa\/"},"modified":"2011-04-14T14:19:27","modified_gmt":"2011-04-14T13:19:27","slug":"acasa","status":"publish","type":"page","link":"https:\/\/best-poker-bonuscode.com\/ro\/","title":{"rendered":"Acas\u0103"},"content":{"rendered":"<p style=\"text-align: justify;\">Decizia pe care site de poker s\u0103 se \u00eenscrie este una dintre cele mai importante alegeri pe care trebuie s\u0103 le fac\u0103 un juc\u0103tor de poker. **Citirea unui test de poker online despre un site web** pe care \u00eel ave\u021bi \u00een vedere este imperativ\u0103 \u00eenainte de a depune bani. Unele site-uri web sunt mai bune pentru \u00eencep\u0103tori, altele sunt mai bune pentru juc\u0103torii avansa\u021bi. Am testat multe camere de poker pentru dvs., iar acest site web con\u021bine recenzii pentru fiecare dintre ele, cu informa\u021bii utile despre ceea ce ve\u021bi g\u0103si acolo.<\/p>\n<p style=\"text-align: justify;\">Mul\u021bi juc\u0103tori decid pur \u0219i simplu aleg\u00e2nd site-ul cu cel mai mare bonus. Dar problema este c\u0103 cel mai mare bonus poate s\u0103 nu fie cel mai potrivit pentru dvs. De exemplu, unele bonusuri sunt create pentru juc\u0103torii cu mize mari \u0219i juc\u0103torii care joac\u0103 la 8 mese \u00een acela\u0219i timp \u0219i este posibil s\u0103 nu pute\u021bi ob\u021bine aceste bonusuri \u0219i s\u0103 profita\u021bi din plin de ele.<\/p>\n<p style=\"text-align: justify;\">Citind paginile noastre de testare a pokerului online, nu ve\u021bi g\u0103si doar informa\u021bii despre software, competi\u021bie, programul turneelor \u200b\u200b\u0219i varietatea jocurilor, dar \u00een testele noastre de poker v\u0103 vom spune \u0219i dac\u0103 bonusul este u\u0219or de ob\u021binut sau nu. Lua\u021bi \u00een considerare propriul stil de joc atunci c\u00e2nd decide\u021bi.<\/p>\n<h2 style=\"text-align: justify;\"><span style=\"font-size: 12pt;\">C\u00e2\u0219tig\u0103torul testului nostru de poker online<\/span><\/h2>\n<p style=\"text-align: justify;\">Fiecare juc\u0103tor are o camer\u0103 de poker preferat\u0103 &#8211; pentru noi, dup\u0103 teste ample, este<strong>Bet365 Poker. <\/strong><\/p>\n<p style=\"text-align: justify;\">Dar exist\u0103 multe alte camere de poker online bune. Scopul nostru este s\u0103 g\u0103sim \u0219i s\u0103 test\u0103m cele mai bune camere de poker online \u0219i s\u0103 list\u0103m constant cele mai bune \u0219i mai recente *coduri bonus poker* \u0219i oferte bonus pentru toate site-urile de poker. V\u0103 oferim toate informa\u021biile relevante de care ave\u021bi nevoie pentru a lua o decizie corect\u0103 atunci c\u00e2nd alege\u021bi o camer\u0103 de poker \u00een care s\u0103 juca\u021bi.<\/p>\n<p style=\"text-align: justify;\">Profita\u021bi de bonusul la depunere oferit de camera de poker. Din nou, asta nu \u00eenseamn\u0103 \u00eentotdeauna s\u0103 alege\u021bi cel mai mare bonus &#8211; afla\u021bi \u0219i despre cerin\u021bele de eliberare. Nu fiecare bonus este potrivit pentru fiecare juc\u0103tor. Unele camere au chiar propriul sistem de rakeback la poker &#8211; punctele de juc\u0103tor frecvent pot fi c\u00e2\u0219tigate \u0219i r\u0103scump\u0103rate \u00een bani! Bet365 Poker este camera noastr\u0103 preferat\u0103 datorit\u0103 faptului c\u0103, conform testului nostru, ofer\u0103 \u0219i cea mai bun\u0103 sec\u021biune de pariuri sportive \u0219i cele mai bune cazinouri pe bani reali dintre toate camerele de poker. <a href=\"go\/Bet365.html\" target=\"_blank\" rel=\"noopener\">Pentru a verifica ac\u021biunea extraordinar\u0103 de poker de la Bet365, face\u021bi clic aici pentru a juca poker \u0219i a plasa pariurile sportive \u00een c\u00e2teva secunde.<\/a><\/p>\n<h2 style=\"text-align: justify;\"><span style=\"font-size: 12pt;\">De ce sunt at\u00e2t de importante codurile bonus la poker?<\/span><\/h2>\n<p style=\"text-align: justify;\">\u0218i, \u00een final, utilizarea celui mai bun cod bonus la poker este foarte important\u0103, nu doar pentru Bet365. Doar cele mai noi \u0219i mai bune coduri bonus la poker pe care le g\u0103si\u021bi pe site-ul nostru v\u0103 vor garanta c\u0103 primi\u021bi de fapt cel mai mare bonus de poker disponibil pentru camera dvs.! Actualiz\u0103m constant codurile bonus pentru poker \u0219i rezultatele testelor.<\/p>\n<h2 style=\"text-align: justify;\"><span style=\"font-size: 12pt;\">Ce altceva test\u0103m?<\/span><\/h2>\n<p style=\"text-align: justify;\">\u00cen articolele noastre de recenzie, ve\u021bi g\u0103si informa\u021bii despre varietatea de jocuri \u0219i turnee de poker pe bani reali de pe site-urile de poker, disponibilitatea jocurilor pe bani reali de nivel micro, mediu \u0219i \u00eenalt, turnee mari, medii \u0219i mici, care este evenimentul principal s\u0103pt\u0103m\u00e2nal al turneului, dac\u0103 v\u0103 pute\u021bi a\u0219tepta ca competi\u021bia s\u0103 fie slab\u0103 sau dur\u0103 acolo \u0219i multe altele.<\/p>\n<p>Ob\u021binerea unei perspective asupra software-ului \u0219i a asisten\u021bei pentru clien\u021bi a camerei de poker alese de dvs. este la fel de important\u0103. Ve\u021bi g\u0103si toate aceste informa\u021bii aici.<\/p>\n<p style=\"text-align: justify;\">\u0218i nu \u00een ultimul r\u00e2nd, arunca\u021bi o privire la col\u021bul nostru de strategie. Vei g\u0103si acolo o mul\u021bime de articole despre strategii de baz\u0103 \u0219i avansate de Texas Holdem, at\u00e2t pentru jocurile cash No Limit \u0219i Fixed Limit, c\u00e2t \u0219i pentru turneele No Limit.<\/p>\n<p style=\"text-align: justify;\">Indiferent dac\u0103 e\u0219ti un juc\u0103tor de ring game sau de turneu, \u00ee\u021bi po\u021bi \u00eembun\u0103t\u0103\u021bi abilit\u0103\u021bile de poker cu \u0219coala noastr\u0103 de poker. Noi articole despre strategia de poker vor fi publicate \u00een mod regulat. Men\u021binerea abilit\u0103\u021bilor tale de poker la perfec\u021bie este important\u0103 &#8211; ia-\u021bi timp \u0219i cite\u0219te despre strategie, apoi <strong>alege un nou site de poker din testul nostru de poker online,<\/strong> prime\u0219te un bonus nou \u0219i \u00eentoarce-te la mese pentru a aplica noile abilit\u0103\u021bi pe care tocmai le-ai dob\u00e2ndit!<\/p>\n","protected":false},"excerpt":{"rendered":"<p>Decizia pe care site de poker s\u0103 se \u00eenscrie este una dintre cele mai importante alegeri pe care trebuie s\u0103<\/p>\n","protected":false},"author":1,"featured_media":0,"parent":0,"menu_order":1,"comment_status":"closed","ping_status":"closed","template":"","meta":{"footnotes":""},"class_list":["post-2901","page","type-page","status-publish","hentry","comments-off"],"yoast_head":"<!-- This site is optimized with the Yoast SEO plugin v25.7 - https:\/\/yoast.com\/wordpress\/plugins\/seo\/ -->\n<title>Test de poker online | Testeaz\u0103 cele mai bune site-uri de poker online<\/title>\n<meta name=\"robots\" content=\"index, follow, max-snippet:-1, max-image-preview:large, max-video-preview:-1\" \/>\n<link rel=\"canonical\" href=\"https:\/\/best-poker-bonuscode.com\/ro\/\" \/>\n<meta property=\"og:locale\" content=\"ro_RO\" \/>\n<meta property=\"og:type\" content=\"article\" \/>\n<meta property=\"og:title\" content=\"Test de poker online | Testeaz\u0103 cele mai bune site-uri de poker online\" \/>\n<meta property=\"og:description\" content=\"Decizia pe care site de poker s\u0103 se \u00eenscrie este una dintre cele mai importante alegeri pe care trebuie s\u0103\" \/>\n<meta property=\"og:url\" content=\"https:\/\/best-poker-bonuscode.com\/ro\/\" \/>\n<meta property=\"og:site_name\" content=\"Best Poker Bonus Codes\" \/>\n<meta name=\"twitter:card\" content=\"summary_large_image\" \/>\n<meta name=\"twitter:label1\" content=\"Timp estimat pentru citire\" \/>\n\t<meta name=\"twitter:data1\" content=\"4 minute\" \/>\n<script type=\"application\/ld+json\" class=\"yoast-schema-graph\">{\"@context\":\"https:\/\/schema.org\",\"@graph\":[{\"@type\":\"WebPage\",\"@id\":\"https:\/\/best-poker-bonuscode.com\/ro\/\",\"url\":\"https:\/\/best-poker-bonuscode.com\/ro\/\",\"name\":\"Test de poker online | Testeaz\u0103 cele mai bune site-uri de poker online\",\"isPartOf\":{\"@id\":\"https:\/\/best-poker-bonuscode.com\/ro\/#website\"},\"datePublished\":\"2011-04-14T13:19:27+00:00\",\"breadcrumb\":{\"@id\":\"https:\/\/best-poker-bonuscode.com\/ro\/#breadcrumb\"},\"inLanguage\":\"ro-RO\",\"potentialAction\":[{\"@type\":\"ReadAction\",\"target\":[\"https:\/\/best-poker-bonuscode.com\/ro\/\"]}]},{\"@type\":\"BreadcrumbList\",\"@id\":\"https:\/\/best-poker-bonuscode.com\/ro\/#breadcrumb\",\"itemListElement\":[{\"@type\":\"ListItem\",\"position\":1,\"name\":\"Home\",\"item\":\"https:\/\/best-poker-bonuscode.com\/ro\/\"},{\"@type\":\"ListItem\",\"position\":2,\"name\":\"Acas\u0103\"}]},{\"@type\":\"WebSite\",\"@id\":\"https:\/\/best-poker-bonuscode.com\/ro\/#website\",\"url\":\"https:\/\/best-poker-bonuscode.com\/ro\/\",\"name\":\"Best Poker Bonus Codes\",\"description\":\"\",\"potentialAction\":[{\"@type\":\"SearchAction\",\"target\":{\"@type\":\"EntryPoint\",\"urlTemplate\":\"https:\/\/best-poker-bonuscode.com\/ro\/?s={search_term_string}\"},\"query-input\":{\"@type\":\"PropertyValueSpecification\",\"valueRequired\":true,\"valueName\":\"search_term_string\"}}],\"inLanguage\":\"ro-RO\"}]}<\/script>\n<!-- \/ Yoast SEO plugin. -->","yoast_head_json":{"title":"Test de poker online | Testeaz\u0103 cele mai bune site-uri de poker online","robots":{"index":"index","follow":"follow","max-snippet":"max-snippet:-1","max-image-preview":"max-image-preview:large","max-video-preview":"max-video-preview:-1"},"canonical":"https:\/\/best-poker-bonuscode.com\/ro\/","og_locale":"ro_RO","og_type":"article","og_title":"Test de poker online | Testeaz\u0103 cele mai bune site-uri de poker online","og_description":"Decizia pe care site de poker s\u0103 se \u00eenscrie este una dintre cele mai importante alegeri pe care trebuie s\u0103","og_url":"https:\/\/best-poker-bonuscode.com\/ro\/","og_site_name":"Best Poker Bonus Codes","twitter_card":"summary_large_image","twitter_misc":{"Timp estimat pentru citire":"4 minute"},"schema":{"@context":"https:\/\/schema.org","@graph":[{"@type":"WebPage","@id":"https:\/\/best-poker-bonuscode.com\/ro\/","url":"https:\/\/best-poker-bonuscode.com\/ro\/","name":"Test de poker online | Testeaz\u0103 cele mai bune site-uri de poker online","isPartOf":{"@id":"https:\/\/best-poker-bonuscode.com\/ro\/#website"},"datePublished":"2011-04-14T13:19:27+00:00","breadcrumb":{"@id":"https:\/\/best-poker-bonuscode.com\/ro\/#breadcrumb"},"inLanguage":"ro-RO","potentialAction":[{"@type":"ReadAction","target":["https:\/\/best-poker-bonuscode.com\/ro\/"]}]},{"@type":"BreadcrumbList","@id":"https:\/\/best-poker-bonuscode.com\/ro\/#breadcrumb","itemListElement":[{"@type":"ListItem","position":1,"name":"Home","item":"https:\/\/best-poker-bonuscode.com\/ro\/"},{"@type":"ListItem","position":2,"name":"Acas\u0103"}]},{"@type":"WebSite","@id":"https:\/\/best-poker-bonuscode.com\/ro\/#website","url":"https:\/\/best-poker-bonuscode.com\/ro\/","name":"Best Poker Bonus Codes","description":"","potentialAction":[{"@type":"SearchAction","target":{"@type":"EntryPoint","urlTemplate":"https:\/\/best-poker-bonuscode.com\/ro\/?s={search_term_string}"},"query-input":{"@type":"PropertyValueSpecification","valueRequired":true,"valueName":"search_term_string"}}],"inLanguage":"ro-RO"}]}},"_links":{"self":[{"href":"https:\/\/best-poker-bonuscode.com\/ro\/wp-json\/wp\/v2\/pages\/2901","targetHints":{"allow":["GET"]}}],"collection":[{"href":"https:\/\/best-poker-bonuscode.com\/ro\/wp-json\/wp\/v2\/pages"}],"about":[{"href":"https:\/\/best-poker-bonuscode.com\/ro\/wp-json\/wp\/v2\/types\/page"}],"author":[{"embeddable":true,"href":"https:\/\/best-poker-bonuscode.com\/ro\/wp-json\/wp\/v2\/users\/1"}],"replies":[{"embeddable":true,"href":"https:\/\/best-poker-bonuscode.com\/ro\/wp-json\/wp\/v2\/comments?post=2901"}],"version-history":[{"count":0,"href":"https:\/\/best-poker-bonuscode.com\/ro\/wp-json\/wp\/v2\/pages\/2901\/revisions"}],"wp:attachment":[{"href":"https:\/\/best-poker-bonuscode.com\/ro\/wp-json\/wp\/v2\/media?parent=2901"}],"curies":[{"name":"wp","href":"https:\/\/api.w.org\/{rel}","templated":true}]}}