{"id":2900,"date":"2011-04-14T14:19:27","date_gmt":"2011-04-14T13:19:27","guid":{"rendered":"https:\/\/best-poker-bonuscode.com\/casa\/"},"modified":"2011-04-14T14:19:27","modified_gmt":"2011-04-14T13:19:27","slug":"casa","status":"publish","type":"page","link":"https:\/\/best-poker-bonuscode.com\/pt-pt\/","title":{"rendered":"Casa"},"content":{"rendered":"<p style=\"text-align: justify;\">Decidir em que site de p\u00f3quer se registar \u00e9 uma das escolhas mais importantes que um jogador de p\u00f3quer precisa de fazer. <strong>Ler um teste de p\u00f3quer online sobre um site<\/strong> que est\u00e1 a considerar \u00e9 fundamental antes de depositar qualquer dinheiro. Alguns sites s\u00e3o melhores para principiantes, outros s\u00e3o melhores para jogadores avan\u00e7ados. Test\u00e1mos muitas salas de p\u00f3quer para si, e este site cont\u00e9m avalia\u00e7\u00f5es de cada uma delas, com informa\u00e7\u00f5es \u00fateis sobre o que l\u00e1 encontrar\u00e1.<\/p>\n<p style=\"text-align: justify;\">Muitos jogadores decidem simplesmente escolhendo o site com o b\u00f3nus mais elevado. Mas o problema \u00e9 que o b\u00f3nus mais elevado pode n\u00e3o ser o melhor para si. Por exemplo, alguns b\u00f3nus s\u00e3o feitos para grandes apostadores e jogadores que jogam 8 mesas ao mesmo tempo, e pode n\u00e3o conseguir libertar esses b\u00f3nus e aproveitar ao m\u00e1ximo.<\/p>\n<p style=\"text-align: justify;\">Lendo as nossas p\u00e1ginas de teste de p\u00f3quer online, n\u00e3o s\u00f3 encontrar\u00e1 informa\u00e7\u00f5es sobre o software, a competi\u00e7\u00e3o, o calend\u00e1rio dos torneios e a variedade de jogos, como tamb\u00e9m, nos nossos testes de salas de p\u00f3quer, lhe informaremos se o b\u00f3nus \u00e9 f\u00e1cil de libertar ou n\u00e3o. Tenha em considera\u00e7\u00e3o o seu pr\u00f3prio estilo de jogo ao decidir.<\/p>\n<h2 style=\"text-align: justify;\"><span style=\"font-size: 12pt;\">A Nossa Vencedora do Teste de Poker Online<\/span><\/h2>\n<p style=\"text-align: justify;\">Cada jogador tem uma sala de p\u00f3quer favorita &#8211; para n\u00f3s, ap\u00f3s testes extensivos, \u00e9 a<strong>Bet365 Poker. <\/strong><\/p>\n<p style=\"text-align: justify;\">Mas existem muitas outras boas salas de p\u00f3quer online por a\u00ed. O nosso objetivo \u00e9 encontrar e testar as melhores salas de p\u00f3quer online e listar constantemente os melhores e mais recentes <strong>c\u00f3digos de b\u00f3nus de p\u00f3quer<\/strong> e ofertas de b\u00f3nus para todos os sites de p\u00f3quer. Fornecemos todas as informa\u00e7\u00f5es relevantes para que possa tomar a decis\u00e3o certa ao escolher uma sala de p\u00f3quer para jogar.<\/p>\n<p style=\"text-align: justify;\">Aproveite o b\u00f3nus de dep\u00f3sito oferecido pela sala de p\u00f3quer. Mais uma vez, isto nem sempre significa escolher o b\u00f3nus mais alto &#8211; descubra tamb\u00e9m os requisitos de liberta\u00e7\u00e3o. Nem todo o b\u00f3nus \u00e9 adequado para todos os jogadores. Algumas salas t\u00eam at\u00e9 o seu pr\u00f3prio sistema de rakeback de p\u00f3quer &#8211; os pontos de jogador frequente podem ser ganhos e trocados por dinheiro! O Bet365 Poker \u00e9 a nossa sala favorita porque, de acordo com o nosso teste, tamb\u00e9m oferece a melhor sec\u00e7\u00e3o de apostas desportivas e os melhores casinos a dinheiro de todas as salas de poker. <a href=\"go\/Bet365.html\" target=\"_blank\" rel=\"noopener\">Para conferir a extraordin\u00e1ria ac\u00e7\u00e3o do p\u00f3quer na Bet365, clique aqui para jogar p\u00f3quer e fazer as suas apostas desportivas em segundos.<\/a><\/p>\n<h2 style=\"text-align: justify;\"><span style=\"font-size: 12pt;\">Porque \u00e9 que os c\u00f3digos de b\u00f3nus de p\u00f3quer s\u00e3o t\u00e3o importantes?<\/span><\/h2>\n<p style=\"text-align: justify;\">E, por fim, utilizar o melhor c\u00f3digo de b\u00f3nus de p\u00f3quer \u00e9 muito importante, n\u00e3o apenas para a Bet365. Apenas os mais recentes e melhores c\u00f3digos de b\u00f3nus de p\u00f3quer que encontrar no nosso site garantir\u00e3o que receber\u00e1 realmente o maior b\u00f3nus de p\u00f3quer dispon\u00edvel para a sua sala! Atualizamos constantemente os nossos c\u00f3digos de b\u00f3nus de p\u00f3quer e os resultados dos testes.<\/p>\n<h2 style=\"text-align: justify;\"><span style=\"font-size: 12pt;\">O que mais test\u00e1mos?<\/span><\/h2>\n<p style=\"text-align: justify;\">Nos nossos artigos de an\u00e1lise, encontrar\u00e1 informa\u00e7\u00f5es sobre a variedade de jogos a dinheiro e torneios de p\u00f3quer dos sites de p\u00f3quer, a disponibilidade de jogos a dinheiro de micro, m\u00e9dio e alto n\u00edvel, torneios grandes, m\u00e9dios e pequenos, qual \u00e9 o principal evento semanal, se pode esperar uma competi\u00e7\u00e3o f\u00e1cil ou feroz e muito mais.<\/p>\n<p>Obter uma vis\u00e3o geral do software e do apoio ao cliente da sala de p\u00f3quer da sua escolha \u00e9 igualmente importante. Encontrar\u00e1 todas essas informa\u00e7\u00f5es aqui.<\/p>\n<p style=\"text-align: justify;\">E por \u00faltimo, mas n\u00e3o menos importante, d\u00ea uma vista de olhos ao nosso espa\u00e7o de estrat\u00e9gia. Encontrar\u00e1 muitos artigos sobre estrat\u00e9gias b\u00e1sicas e avan\u00e7adas de Texas Hold\u2019em, tanto para cash games No Limit como Fixed Limit, e tamb\u00e9m para torneios No Limit.<\/p>\n<p style=\"text-align: justify;\">Quer seja um jogador de ring game ou de torneios, pode melhorar as suas habilidades no p\u00f3quer com a nossa escola de p\u00f3quer. Novos artigos sobre estrat\u00e9gia de poker ser\u00e3o publicados regularmente. Manter as suas capacidades de p\u00f3quer afiadas \u00e9 importante &#8211; reserve algum tempo para ler sobre estrat\u00e9gia, depois <strong>escolha um novo site de p\u00f3quer no nosso teste de p\u00f3quer online<\/strong>, ganhe um b\u00f3nus e volte \u00e0s mesas para aplicar as novas compet\u00eancias que acabou de adquirir!<\/p>\n","protected":false},"excerpt":{"rendered":"<p>Decidir em que site de p\u00f3quer se registar \u00e9 uma das escolhas mais importantes que um jogador de p\u00f3quer precisa<\/p>\n","protected":false},"author":1,"featured_media":0,"parent":0,"menu_order":1,"comment_status":"closed","ping_status":"closed","template":"","meta":{"footnotes":""},"class_list":["post-2900","page","type-page","status-publish","hentry","comments-off"],"yoast_head":"<!-- This site is optimized with the Yoast SEO plugin v25.7 - https:\/\/yoast.com\/wordpress\/plugins\/seo\/ -->\n<title>Teste de p\u00f3quer online | Teste os melhores sites de p\u00f3quer online<\/title>\n<meta name=\"robots\" content=\"index, follow, max-snippet:-1, max-image-preview:large, max-video-preview:-1\" \/>\n<link rel=\"canonical\" href=\"https:\/\/best-poker-bonuscode.com\/pt-pt\/\" \/>\n<meta property=\"og:locale\" content=\"pt_PT\" \/>\n<meta property=\"og:type\" content=\"article\" \/>\n<meta property=\"og:title\" content=\"Teste de p\u00f3quer online | Teste os melhores sites de p\u00f3quer online\" \/>\n<meta property=\"og:description\" content=\"Decidir em que site de p\u00f3quer se registar \u00e9 uma das escolhas mais importantes que um jogador de p\u00f3quer precisa\" \/>\n<meta property=\"og:url\" content=\"https:\/\/best-poker-bonuscode.com\/pt-pt\/\" \/>\n<meta property=\"og:site_name\" content=\"Best Poker Bonus Codes\" \/>\n<meta name=\"twitter:card\" content=\"summary_large_image\" \/>\n<meta name=\"twitter:label1\" content=\"Tempo estimado de leitura\" \/>\n\t<meta name=\"twitter:data1\" content=\"4 minutos\" \/>\n<script type=\"application\/ld+json\" class=\"yoast-schema-graph\">{\"@context\":\"https:\/\/schema.org\",\"@graph\":[{\"@type\":\"WebPage\",\"@id\":\"https:\/\/best-poker-bonuscode.com\/pt-pt\/\",\"url\":\"https:\/\/best-poker-bonuscode.com\/pt-pt\/\",\"name\":\"Teste de p\u00f3quer online | Teste os melhores sites de p\u00f3quer online\",\"isPartOf\":{\"@id\":\"https:\/\/best-poker-bonuscode.com\/pt-pt\/#website\"},\"datePublished\":\"2011-04-14T13:19:27+00:00\",\"breadcrumb\":{\"@id\":\"https:\/\/best-poker-bonuscode.com\/pt-pt\/#breadcrumb\"},\"inLanguage\":\"pt-PT\",\"potentialAction\":[{\"@type\":\"ReadAction\",\"target\":[\"https:\/\/best-poker-bonuscode.com\/pt-pt\/\"]}]},{\"@type\":\"BreadcrumbList\",\"@id\":\"https:\/\/best-poker-bonuscode.com\/pt-pt\/#breadcrumb\",\"itemListElement\":[{\"@type\":\"ListItem\",\"position\":1,\"name\":\"Home\",\"item\":\"https:\/\/best-poker-bonuscode.com\/pt-pt\/\"},{\"@type\":\"ListItem\",\"position\":2,\"name\":\"Casa\"}]},{\"@type\":\"WebSite\",\"@id\":\"https:\/\/best-poker-bonuscode.com\/pt-pt\/#website\",\"url\":\"https:\/\/best-poker-bonuscode.com\/pt-pt\/\",\"name\":\"Best Poker Bonus Codes\",\"description\":\"\",\"potentialAction\":[{\"@type\":\"SearchAction\",\"target\":{\"@type\":\"EntryPoint\",\"urlTemplate\":\"https:\/\/best-poker-bonuscode.com\/pt-pt\/?s={search_term_string}\"},\"query-input\":{\"@type\":\"PropertyValueSpecification\",\"valueRequired\":true,\"valueName\":\"search_term_string\"}}],\"inLanguage\":\"pt-PT\"}]}<\/script>\n<!-- \/ Yoast SEO plugin. -->","yoast_head_json":{"title":"Teste de p\u00f3quer online | Teste os melhores sites de p\u00f3quer online","robots":{"index":"index","follow":"follow","max-snippet":"max-snippet:-1","max-image-preview":"max-image-preview:large","max-video-preview":"max-video-preview:-1"},"canonical":"https:\/\/best-poker-bonuscode.com\/pt-pt\/","og_locale":"pt_PT","og_type":"article","og_title":"Teste de p\u00f3quer online | Teste os melhores sites de p\u00f3quer online","og_description":"Decidir em que site de p\u00f3quer se registar \u00e9 uma das escolhas mais importantes que um jogador de p\u00f3quer precisa","og_url":"https:\/\/best-poker-bonuscode.com\/pt-pt\/","og_site_name":"Best Poker Bonus Codes","twitter_card":"summary_large_image","twitter_misc":{"Tempo estimado de leitura":"4 minutos"},"schema":{"@context":"https:\/\/schema.org","@graph":[{"@type":"WebPage","@id":"https:\/\/best-poker-bonuscode.com\/pt-pt\/","url":"https:\/\/best-poker-bonuscode.com\/pt-pt\/","name":"Teste de p\u00f3quer online | Teste os melhores sites de p\u00f3quer online","isPartOf":{"@id":"https:\/\/best-poker-bonuscode.com\/pt-pt\/#website"},"datePublished":"2011-04-14T13:19:27+00:00","breadcrumb":{"@id":"https:\/\/best-poker-bonuscode.com\/pt-pt\/#breadcrumb"},"inLanguage":"pt-PT","potentialAction":[{"@type":"ReadAction","target":["https:\/\/best-poker-bonuscode.com\/pt-pt\/"]}]},{"@type":"BreadcrumbList","@id":"https:\/\/best-poker-bonuscode.com\/pt-pt\/#breadcrumb","itemListElement":[{"@type":"ListItem","position":1,"name":"Home","item":"https:\/\/best-poker-bonuscode.com\/pt-pt\/"},{"@type":"ListItem","position":2,"name":"Casa"}]},{"@type":"WebSite","@id":"https:\/\/best-poker-bonuscode.com\/pt-pt\/#website","url":"https:\/\/best-poker-bonuscode.com\/pt-pt\/","name":"Best Poker Bonus Codes","description":"","potentialAction":[{"@type":"SearchAction","target":{"@type":"EntryPoint","urlTemplate":"https:\/\/best-poker-bonuscode.com\/pt-pt\/?s={search_term_string}"},"query-input":{"@type":"PropertyValueSpecification","valueRequired":true,"valueName":"search_term_string"}}],"inLanguage":"pt-PT"}]}},"_links":{"self":[{"href":"https:\/\/best-poker-bonuscode.com\/pt-pt\/wp-json\/wp\/v2\/pages\/2900","targetHints":{"allow":["GET"]}}],"collection":[{"href":"https:\/\/best-poker-bonuscode.com\/pt-pt\/wp-json\/wp\/v2\/pages"}],"about":[{"href":"https:\/\/best-poker-bonuscode.com\/pt-pt\/wp-json\/wp\/v2\/types\/page"}],"author":[{"embeddable":true,"href":"https:\/\/best-poker-bonuscode.com\/pt-pt\/wp-json\/wp\/v2\/users\/1"}],"replies":[{"embeddable":true,"href":"https:\/\/best-poker-bonuscode.com\/pt-pt\/wp-json\/wp\/v2\/comments?post=2900"}],"version-history":[{"count":0,"href":"https:\/\/best-poker-bonuscode.com\/pt-pt\/wp-json\/wp\/v2\/pages\/2900\/revisions"}],"wp:attachment":[{"href":"https:\/\/best-poker-bonuscode.com\/pt-pt\/wp-json\/wp\/v2\/media?parent=2900"}],"curies":[{"name":"wp","href":"https:\/\/api.w.org\/{rel}","templated":true}]}}