{"id":2899,"date":"2011-04-14T14:19:27","date_gmt":"2011-04-14T13:19:27","guid":{"rendered":"https:\/\/best-poker-bonuscode.com\/hjem\/"},"modified":"2011-04-14T14:19:27","modified_gmt":"2011-04-14T13:19:27","slug":"hjem","status":"publish","type":"page","link":"https:\/\/best-poker-bonuscode.com\/no\/","title":{"rendered":"Hjem"},"content":{"rendered":"<p style=\"text-align: justify;\">\u00c5 bestemme seg for hvilket pokernettsted man skal registrere seg p\u00e5 er et av de viktigste valgene en pokerspiller m\u00e5 ta. <strong>Det er viktig \u00e5 lese en online pokertest om et nettsted<\/strong> du vurderer f\u00f8r du setter inn penger. Noen nettsteder er bedre for nybegynnere, noen er bedre for avanserte spillere. Vi har testet mange pokerrom for deg, og dette nettstedet inneholder anmeldelser for hvert av dem, med nyttig informasjon om hva du finner der.<\/p>\n<p style=\"text-align: justify;\">Mange spillere bestemmer seg ganske enkelt ved \u00e5 velge nettstedet med den h\u00f8yeste bonusen. Men problemet er at den h\u00f8yeste bonusen kanskje ikke er den som er best for deg. For eksempel er noen bonuser laget for storspillere og spillere som spiller 8 bord samtidig, og du kan kanskje ikke klare \u00e5 l\u00f8se inn disse bonusene og dra full nytte av dem.<\/p>\n<p style=\"text-align: justify;\">N\u00e5r du leser v\u00e5re testsider for online poker, vil du ikke bare finne informasjon om programvaren, konkurransen, turneringsplanen og spillvariasjonen, men i v\u00e5re pokerromtester vil vi ogs\u00e5 fortelle deg om bonusen er enkel \u00e5 l\u00f8se inn eller ikke. Ta din egen spillestil i betraktning n\u00e5r du bestemmer deg.<\/p>\n<h2 style=\"text-align: justify;\"><span style=\"font-size: 12pt;\">V\u00e5r online pokertestvinner<\/span><\/h2>\n<p style=\"text-align: justify;\">Hver spiller har et favorittpokerrom &#8211; for oss, etter omfattende testing, er det<strong>Bet365 Poker. <\/strong><\/p>\n<p style=\"text-align: justify;\">Men det finnes mange andre gode online pokerrom der ute. M\u00e5let v\u00e5rt er \u00e5 finne og teste de beste pokerrommene p\u00e5 nett, og \u00e5 kontinuerlig liste opp de beste og nyeste <strong>pokerbonuskodene<\/strong> og bonustilbudene for alle pokernettsteder. Vi gir deg all relevant informasjon du trenger for \u00e5 ta en riktig beslutning n\u00e5r du velger et pokerrom \u00e5 spille i.<\/p>\n<p style=\"text-align: justify;\">Benytt deg av innskuddsbonusen som tilbys av pokerrommet. Igjen, det betyr ikke alltid at du velger den h\u00f8yeste bonusen \u2013 finn ogs\u00e5 ut om utl\u00f8sningskravene. Ikke alle bonuser passer for alle spillere. Noen rom har til og med sitt eget poker rakeback-system \u2013 frequent player points kan vinnes og innl\u00f8ses mot kontanter! Bet365 Poker er v\u00e5rt favorittrom fordi det, if\u00f8lge testen v\u00e5r, ogs\u00e5 tilbyr den beste sportsbook-seksjonen og de beste kasinoene med ekte penger av alle pokerrom. <a href=\"go\/Bet365.html\" target=\"_blank\" rel=\"noopener\">For \u00e5 sjekke ut den ekstraordin\u00e6re pokeropplevelsen hos Bet365, klikk her for \u00e5 spille poker og plassere sportsveddem\u00e5lene dine i l\u00f8pet av sekunder.<\/a><\/p>\n<h2 style=\"text-align: justify;\"><span style=\"font-size: 12pt;\">Hvorfor er pokerbonuskoder s\u00e5 viktige?<\/span><\/h2>\n<p style=\"text-align: justify;\">Og til slutt, det er veldig viktig \u00e5 bruke den beste pokerbonuskoden, ikke bare for Bet365. Bare de nyeste og beste pokerbonuskodene du finner p\u00e5 nettstedet v\u00e5rt, vil garantere at du faktisk f\u00e5r den h\u00f8yeste tilgjengelige pokerbonusen for rommet ditt! Vi oppdaterer pokerbonuskodene og testresultatene v\u00e5re kontinuerlig.<\/p>\n<h2 style=\"text-align: justify;\"><span style=\"font-size: 12pt;\">Hva annet tester vi?<\/span><\/h2>\n<p style=\"text-align: justify;\">I anmeldelsesartiklene v\u00e5re finner du informasjon om poker-cashgame og turneringsutvalget p\u00e5 pokernettstedene, tilgjengeligheten av mikro-, mellom- og h\u00f8yniv\u00e5-cashgames, store, mellom- og sm\u00e5 turneringer, hva som er den ukentlige hovedturneringsarrangementet, om du kan forvente at konkurransen blir myk eller t\u00f8ff der, og mye mer.<\/p>\n<p>Det er like viktig \u00e5 f\u00e5 et innblikk i programvaren og kundesupporten til pokerrommet du \u00f8nsker. Du finner all denne informasjonen her.<\/p>\n<p style=\"text-align: justify;\">Og sist, men ikke minst, ta en titt p\u00e5 strategihj\u00f8rnet v\u00e5rt. Der finner du mange artikler om grunnleggende og avansert Texas Holdem-strategi, b\u00e5de for No Limit- og Fixed Limit-pengespill og for No Limit-turneringer.<\/p>\n<p style=\"text-align: justify;\">Enten du er en ringspill- eller turneringsspiller, kan du forbedre pokerferdighetene dine med pokerskolen v\u00e5r. Nye artikler om pokerstrategi vil bli publisert jevnlig. Det er viktig \u00e5 holde pokerferdighetene dine skarpe \u2013 ta deg god tid og les om strategi, og <strong>velg deretter et nytt pokernettsted fra v\u00e5r online pokertest,<\/strong> f\u00e5 en ny bonus, og g\u00e5 tilbake til bordene for \u00e5 bruke de nye ferdighetene du nettopp har tilegnet deg!<\/p>\n","protected":false},"excerpt":{"rendered":"<p>\u00c5 bestemme seg for hvilket pokernettsted man skal registrere seg p\u00e5 er et av de viktigste valgene en pokerspiller m\u00e5<\/p>\n","protected":false},"author":1,"featured_media":0,"parent":0,"menu_order":1,"comment_status":"closed","ping_status":"closed","template":"","meta":{"footnotes":""},"class_list":["post-2899","page","type-page","status-publish","hentry","comments-off"],"yoast_head":"<!-- This site is optimized with the Yoast SEO plugin v25.7 - https:\/\/yoast.com\/wordpress\/plugins\/seo\/ -->\n<title>Test av online poker | Test de beste nettsidene for online poker<\/title>\n<meta name=\"robots\" content=\"index, follow, max-snippet:-1, max-image-preview:large, max-video-preview:-1\" \/>\n<link rel=\"canonical\" href=\"https:\/\/best-poker-bonuscode.com\/no\/\" \/>\n<meta property=\"og:locale\" content=\"nb_NO\" \/>\n<meta property=\"og:type\" content=\"article\" \/>\n<meta property=\"og:title\" content=\"Test av online poker | Test de beste nettsidene for online poker\" \/>\n<meta property=\"og:description\" content=\"\u00c5 bestemme seg for hvilket pokernettsted man skal registrere seg p\u00e5 er et av de viktigste valgene en pokerspiller m\u00e5\" \/>\n<meta property=\"og:url\" content=\"https:\/\/best-poker-bonuscode.com\/no\/\" \/>\n<meta property=\"og:site_name\" content=\"Best Poker Bonus Codes\" \/>\n<meta name=\"twitter:card\" content=\"summary_large_image\" \/>\n<meta name=\"twitter:label1\" content=\"Ansl. lesetid\" \/>\n\t<meta name=\"twitter:data1\" content=\"3 minutter\" \/>\n<script type=\"application\/ld+json\" class=\"yoast-schema-graph\">{\"@context\":\"https:\/\/schema.org\",\"@graph\":[{\"@type\":\"WebPage\",\"@id\":\"https:\/\/best-poker-bonuscode.com\/no\/\",\"url\":\"https:\/\/best-poker-bonuscode.com\/no\/\",\"name\":\"Test av online poker | Test de beste nettsidene for online poker\",\"isPartOf\":{\"@id\":\"https:\/\/best-poker-bonuscode.com\/no\/#website\"},\"datePublished\":\"2011-04-14T13:19:27+00:00\",\"breadcrumb\":{\"@id\":\"https:\/\/best-poker-bonuscode.com\/no\/#breadcrumb\"},\"inLanguage\":\"nb-NO\",\"potentialAction\":[{\"@type\":\"ReadAction\",\"target\":[\"https:\/\/best-poker-bonuscode.com\/no\/\"]}]},{\"@type\":\"BreadcrumbList\",\"@id\":\"https:\/\/best-poker-bonuscode.com\/no\/#breadcrumb\",\"itemListElement\":[{\"@type\":\"ListItem\",\"position\":1,\"name\":\"Home\",\"item\":\"https:\/\/best-poker-bonuscode.com\/no\/\"},{\"@type\":\"ListItem\",\"position\":2,\"name\":\"Hjem\"}]},{\"@type\":\"WebSite\",\"@id\":\"https:\/\/best-poker-bonuscode.com\/no\/#website\",\"url\":\"https:\/\/best-poker-bonuscode.com\/no\/\",\"name\":\"Best Poker Bonus Codes\",\"description\":\"\",\"potentialAction\":[{\"@type\":\"SearchAction\",\"target\":{\"@type\":\"EntryPoint\",\"urlTemplate\":\"https:\/\/best-poker-bonuscode.com\/no\/?s={search_term_string}\"},\"query-input\":{\"@type\":\"PropertyValueSpecification\",\"valueRequired\":true,\"valueName\":\"search_term_string\"}}],\"inLanguage\":\"nb-NO\"}]}<\/script>\n<!-- \/ Yoast SEO plugin. -->","yoast_head_json":{"title":"Test av online poker | Test de beste nettsidene for online poker","robots":{"index":"index","follow":"follow","max-snippet":"max-snippet:-1","max-image-preview":"max-image-preview:large","max-video-preview":"max-video-preview:-1"},"canonical":"https:\/\/best-poker-bonuscode.com\/no\/","og_locale":"nb_NO","og_type":"article","og_title":"Test av online poker | Test de beste nettsidene for online poker","og_description":"\u00c5 bestemme seg for hvilket pokernettsted man skal registrere seg p\u00e5 er et av de viktigste valgene en pokerspiller m\u00e5","og_url":"https:\/\/best-poker-bonuscode.com\/no\/","og_site_name":"Best Poker Bonus Codes","twitter_card":"summary_large_image","twitter_misc":{"Ansl. lesetid":"3 minutter"},"schema":{"@context":"https:\/\/schema.org","@graph":[{"@type":"WebPage","@id":"https:\/\/best-poker-bonuscode.com\/no\/","url":"https:\/\/best-poker-bonuscode.com\/no\/","name":"Test av online poker | Test de beste nettsidene for online poker","isPartOf":{"@id":"https:\/\/best-poker-bonuscode.com\/no\/#website"},"datePublished":"2011-04-14T13:19:27+00:00","breadcrumb":{"@id":"https:\/\/best-poker-bonuscode.com\/no\/#breadcrumb"},"inLanguage":"nb-NO","potentialAction":[{"@type":"ReadAction","target":["https:\/\/best-poker-bonuscode.com\/no\/"]}]},{"@type":"BreadcrumbList","@id":"https:\/\/best-poker-bonuscode.com\/no\/#breadcrumb","itemListElement":[{"@type":"ListItem","position":1,"name":"Home","item":"https:\/\/best-poker-bonuscode.com\/no\/"},{"@type":"ListItem","position":2,"name":"Hjem"}]},{"@type":"WebSite","@id":"https:\/\/best-poker-bonuscode.com\/no\/#website","url":"https:\/\/best-poker-bonuscode.com\/no\/","name":"Best Poker Bonus Codes","description":"","potentialAction":[{"@type":"SearchAction","target":{"@type":"EntryPoint","urlTemplate":"https:\/\/best-poker-bonuscode.com\/no\/?s={search_term_string}"},"query-input":{"@type":"PropertyValueSpecification","valueRequired":true,"valueName":"search_term_string"}}],"inLanguage":"nb-NO"}]}},"_links":{"self":[{"href":"https:\/\/best-poker-bonuscode.com\/no\/wp-json\/wp\/v2\/pages\/2899","targetHints":{"allow":["GET"]}}],"collection":[{"href":"https:\/\/best-poker-bonuscode.com\/no\/wp-json\/wp\/v2\/pages"}],"about":[{"href":"https:\/\/best-poker-bonuscode.com\/no\/wp-json\/wp\/v2\/types\/page"}],"author":[{"embeddable":true,"href":"https:\/\/best-poker-bonuscode.com\/no\/wp-json\/wp\/v2\/users\/1"}],"replies":[{"embeddable":true,"href":"https:\/\/best-poker-bonuscode.com\/no\/wp-json\/wp\/v2\/comments?post=2899"}],"version-history":[{"count":0,"href":"https:\/\/best-poker-bonuscode.com\/no\/wp-json\/wp\/v2\/pages\/2899\/revisions"}],"wp:attachment":[{"href":"https:\/\/best-poker-bonuscode.com\/no\/wp-json\/wp\/v2\/media?parent=2899"}],"curies":[{"name":"wp","href":"https:\/\/api.w.org\/{rel}","templated":true}]}}