{"id":2896,"date":"2011-04-14T14:19:27","date_gmt":"2011-04-14T13:19:27","guid":{"rendered":"https:\/\/best-poker-bonuscode.com\/sakums\/"},"modified":"2011-04-14T14:19:27","modified_gmt":"2011-04-14T13:19:27","slug":"sakums","status":"publish","type":"page","link":"https:\/\/best-poker-bonuscode.com\/lv\/","title":{"rendered":"S\u0101kums"},"content":{"rendered":"<p style=\"text-align: justify;\">Izv\u0113le, kur\u0101 pokera vietn\u0113 re\u0123istr\u0113ties, ir viena no svar\u012bg\u0101kaj\u0101m izv\u0113l\u0113m, kas pokera sp\u0113l\u0113t\u0101jam j\u0101izdara. <strong>Pirms naudas iemaksas veik\u0161anas ir oblig\u0101ti j\u0101izlasa tie\u0161saistes pokera tests par vietni, kuru apsverat. Da\u017eas vietnes ir lab\u0101kas ies\u0101c\u0113jiem, citas &#8211; pieredz\u0113ju\u0161iem sp\u0113l\u0113t\u0101jiem. M\u0113s esam p\u0101rbaud\u012bju\u0161i daudzas pokera istabas j\u016bsu viet\u0101, un \u0161aj\u0101 vietn\u0113 ir atsauksmes par katru no t\u0101m, k\u0101 ar\u012b noder\u012bga inform\u0101cija par to, ko tur atrad\u012bsiet.<\/p>\n<p style=\"text-align: justify;\">Daudzi sp\u0113l\u0113t\u0101ji pie\u0146em l\u0113mumu, vienk\u0101r\u0161i izv\u0113loties vietni ar visaugst\u0101ko bonusu. Ta\u010du probl\u0113ma ir t\u0101, ka visaugst\u0101kais bonuss var neb\u016bt tas, kas jums ir vislab\u0101kais. Piem\u0113ram, da\u017ei bonusi tiek pie\u0161\u0137irti sp\u0113l\u0113t\u0101jiem ar lieliem likm\u0113m un sp\u0113l\u0113t\u0101jiem, kuri sp\u0113l\u0113 pie 8 galdiem vienlaikus, un j\u016bs, iesp\u0113jams, nevar\u0113siet atbr\u012bvot \u0161os bonusus un piln\u012bb\u0101 izmantot tos.<\/p>\n<p style=\"text-align: justify;\">Lasot m\u016bsu tie\u0161saistes pokera testa lapas, j\u016bs atrad\u012bsiet ne tikai inform\u0101ciju par programmat\u016bru, sacens\u012bb\u0101m, turn\u012bru grafiku un sp\u0113\u013cu daudzveid\u012bbu, bet m\u016bsu pokera istabu testos m\u0113s ar\u012b pateiksim, vai bonusu ir viegli atbr\u012bvot. Pie\u0146emot l\u0113mumu, \u0146emiet v\u0113r\u0101 savu sp\u0113les stilu.<\/p>\n<h2 style=\"text-align: justify;\"><span style=\"font-size: 12pt;\">M\u016bsu tie\u0161saistes pokera testa uzvar\u0113t\u0101js<\/span><\/h2>\n<p style=\"text-align: justify;\">Katram sp\u0113l\u0113t\u0101jam ir iecien\u012bt\u0101k\u0101 pokera istaba \u2014 mums, p\u0113c pla\u0161as test\u0113\u0161anas, t\u0101 ir<strong>Bet365 Poker. <\/strong><\/p>\n<p style=\"text-align: justify;\">Ta\u010du ir ar\u012b daudzas citas labas tie\u0161saistes pokera istabas. M\u016bsu m\u0113r\u0137is ir atrast un p\u0101rbaud\u012bt lab\u0101k\u0101s tie\u0161saistes pokera istabas un past\u0101v\u012bgi uzskait\u012bt lab\u0101kos un jaun\u0101kos <strong>pokera bonusa kodus<\/strong> un bonusa pied\u0101v\u0101jumus vis\u0101m pokera vietn\u0113m. M\u0113s sniedzam jums visu nepiecie\u0161amo inform\u0101ciju, lai j\u016bs var\u0113tu pie\u0146emt pareizu l\u0113mumu, izv\u0113loties pokera istabu, kur\u0101 sp\u0113l\u0113t.<\/p>\n<p style=\"text-align: justify;\">Izmantojiet pokera istabas pied\u0101v\u0101to depoz\u012bta bonusu. Atkal, tas ne vienm\u0113r noz\u012bm\u0113 izv\u0113l\u0113ties augst\u0101ko bonusu &#8211; uzziniet ar\u012b par atbr\u012bvo\u0161anas pras\u012bb\u0101m. Ne katrs bonuss ir piem\u0113rots katram sp\u0113l\u0113t\u0101jam. Da\u017e\u0101m istab\u0101m pat ir sava pokera rakeback sist\u0113ma &#8211; bie\u017eo sp\u0113l\u0113t\u0101ju punktus var laim\u0113t un apmain\u012bt pret naudu! Bet365 Poker ir m\u016bsu iecien\u012bt\u0101k\u0101 istaba, jo, saska\u0146\u0101 ar m\u016bsu testu, t\u0101 pied\u0101v\u0101 ar\u012b lab\u0101ko sporta totalizatoru sada\u013cu un lab\u0101kos kazino uz \u012bstu naudu no vis\u0101m pokera istab\u0101m. <a href=\"go\/Bet365.html\" target=\"_blank\" rel=\"noopener\">Lai p\u0101rbaud\u012btu neparasto pokera aktivit\u0101ti Bet365, noklik\u0161\u0137iniet \u0161eit, lai sp\u0113l\u0113tu pokeru un veiktu sporta likmes da\u017eu sekun\u017eu laik\u0101.<\/a><\/p>\n<h2 style=\"text-align: justify;\"><span style=\"font-size: 12pt;\">K\u0101p\u0113c pokera bonusa kodi ir tik svar\u012bgi?<\/span><\/h2>\n<p style=\"text-align: justify;\">Un visbeidzot, lab\u0101k\u0101 pokera bonusa koda izmanto\u0161ana ir \u013coti svar\u012bga ne tikai Bet365. Tikai jaun\u0101kie un lab\u0101kie pokera bonusa kodi, ko atrad\u012bsiet m\u016bsu vietn\u0113, garant\u0113s, ka j\u016bs patie\u0161\u0101m sa\u0146emsiet augst\u0101ko pieejamo pokera bonusu savai istabai! M\u0113s past\u0101v\u012bgi atjaunin\u0101m savus pokera bonusa kodus un testu rezult\u0101tus.<\/p>\n<h2 style=\"text-align: justify;\"><span style=\"font-size: 12pt;\">Ko v\u0113l m\u0113s test\u0113jam?<\/span><\/h2>\n<p style=\"text-align: justify;\">M\u016bsu apskata rakstos atrad\u012bsiet inform\u0101ciju par pokera naudas sp\u0113\u013cu un turn\u012bru daudzveid\u012bbu pokera vietn\u0113s, mikro, vid\u0113ja un augsta l\u012bme\u0146a naudas sp\u0113\u013cu pieejam\u012bbu, lieliem, vid\u0113jiem un maziem turn\u012briem, k\u0101ds ir ikned\u0113\u013cas galvenais turn\u012bra pas\u0101kums, vai tur var sagaid\u012bt vieglu vai s\u012bvu konkurenci, un daudz ko citu.<\/p>\n<p>Tikpat svar\u012bgi ir ieg\u016bt ieskatu izv\u0113l\u0113t\u0101s pokera istabas programmat\u016br\u0101 un klientu atbalst\u0101. Visu \u0161o inform\u0101ciju atrad\u012bsiet \u0161eit.<\/p>\n<p style=\"text-align: justify;\">Un visbeidzot, ieskatieties m\u016bsu strat\u0113\u0123ijas st\u016br\u012bt\u012b. Tur atrad\u012bsiet daudz rakstu par Texas Holdem pamata un padzi\u013cin\u0101tu strat\u0113\u0123iju gan No Limit, gan Fixed Limit naudas sp\u0113l\u0113m, gan No Limit turn\u012briem.<\/p>\n<p style=\"text-align: justify;\">Neatkar\u012bgi no t\u0101, vai esat gredzenu sp\u0113\u013cu vai turn\u012bru sp\u0113l\u0113t\u0101js, j\u016bs varat uzlabot savas pokera prasmes m\u016bsu pokera skol\u0101. Regul\u0101ri tiks public\u0113ti jauni raksti par pokera strat\u0113\u0123iju. Ir svar\u012bgi uztur\u0113t savas pokera prasmes asas \u2014 veltiet laiku un izlasiet par strat\u0113\u0123iju, p\u0113c tam <strong>izv\u0113lieties jaunu pokera vietni no m\u016bsu tie\u0161saistes pokera testa,<\/strong> sa\u0146emiet jaunu bonusu un atgriezieties pie galdiem, lai pielietotu jaunieg\u016bt\u0101s prasmes!<\/p>\n","protected":false},"excerpt":{"rendered":"<p>Izv\u0113le, kur\u0101 pokera vietn\u0113 re\u0123istr\u0113ties, ir viena no svar\u012bg\u0101kaj\u0101m izv\u0113l\u0113m, kas pokera sp\u0113l\u0113t\u0101jam j\u0101izdara. Pirms naudas iemaksas veik\u0161anas ir oblig\u0101ti<\/p>\n","protected":false},"author":1,"featured_media":0,"parent":0,"menu_order":1,"comment_status":"closed","ping_status":"closed","template":"","meta":{"footnotes":""},"class_list":["post-2896","page","type-page","status-publish","hentry","comments-off"],"yoast_head":"<!-- This site is optimized with the Yoast SEO plugin v25.7 - https:\/\/yoast.com\/wordpress\/plugins\/seo\/ -->\n<title>Tie\u0161saistes pokera tests | P\u0101rbaudiet lab\u0101k\u0101s tie\u0161saistes pokera vietnes<\/title>\n<meta name=\"robots\" content=\"index, follow, max-snippet:-1, max-image-preview:large, max-video-preview:-1\" \/>\n<link rel=\"canonical\" href=\"https:\/\/best-poker-bonuscode.com\/lv\/\" \/>\n<meta property=\"og:locale\" content=\"lv_LV\" \/>\n<meta property=\"og:type\" content=\"article\" \/>\n<meta property=\"og:title\" content=\"Tie\u0161saistes pokera tests | P\u0101rbaudiet lab\u0101k\u0101s tie\u0161saistes pokera vietnes\" \/>\n<meta property=\"og:description\" content=\"Izv\u0113le, kur\u0101 pokera vietn\u0113 re\u0123istr\u0113ties, ir viena no svar\u012bg\u0101kaj\u0101m izv\u0113l\u0113m, kas pokera sp\u0113l\u0113t\u0101jam j\u0101izdara. Pirms naudas iemaksas veik\u0161anas ir oblig\u0101ti\" \/>\n<meta property=\"og:url\" content=\"https:\/\/best-poker-bonuscode.com\/lv\/\" \/>\n<meta property=\"og:site_name\" content=\"Best Poker Bonus Codes\" \/>\n<meta name=\"twitter:card\" content=\"summary_large_image\" \/>\n<meta name=\"twitter:label1\" content=\"Est. reading time\" \/>\n\t<meta name=\"twitter:data1\" content=\"4 minutes\" \/>\n<script type=\"application\/ld+json\" class=\"yoast-schema-graph\">{\"@context\":\"https:\/\/schema.org\",\"@graph\":[{\"@type\":\"WebPage\",\"@id\":\"https:\/\/best-poker-bonuscode.com\/lv\/\",\"url\":\"https:\/\/best-poker-bonuscode.com\/lv\/\",\"name\":\"Tie\u0161saistes pokera tests | P\u0101rbaudiet lab\u0101k\u0101s tie\u0161saistes pokera vietnes\",\"isPartOf\":{\"@id\":\"https:\/\/best-poker-bonuscode.com\/lv\/#website\"},\"datePublished\":\"2011-04-14T13:19:27+00:00\",\"breadcrumb\":{\"@id\":\"https:\/\/best-poker-bonuscode.com\/lv\/#breadcrumb\"},\"inLanguage\":\"lv-LV\",\"potentialAction\":[{\"@type\":\"ReadAction\",\"target\":[\"https:\/\/best-poker-bonuscode.com\/lv\/\"]}]},{\"@type\":\"BreadcrumbList\",\"@id\":\"https:\/\/best-poker-bonuscode.com\/lv\/#breadcrumb\",\"itemListElement\":[{\"@type\":\"ListItem\",\"position\":1,\"name\":\"Home\",\"item\":\"https:\/\/best-poker-bonuscode.com\/lv\/\"},{\"@type\":\"ListItem\",\"position\":2,\"name\":\"S\u0101kums\"}]},{\"@type\":\"WebSite\",\"@id\":\"https:\/\/best-poker-bonuscode.com\/lv\/#website\",\"url\":\"https:\/\/best-poker-bonuscode.com\/lv\/\",\"name\":\"Best Poker Bonus Codes\",\"description\":\"\",\"potentialAction\":[{\"@type\":\"SearchAction\",\"target\":{\"@type\":\"EntryPoint\",\"urlTemplate\":\"https:\/\/best-poker-bonuscode.com\/lv\/?s={search_term_string}\"},\"query-input\":{\"@type\":\"PropertyValueSpecification\",\"valueRequired\":true,\"valueName\":\"search_term_string\"}}],\"inLanguage\":\"lv-LV\"}]}<\/script>\n<!-- \/ Yoast SEO plugin. -->","yoast_head_json":{"title":"Tie\u0161saistes pokera tests | P\u0101rbaudiet lab\u0101k\u0101s tie\u0161saistes pokera vietnes","robots":{"index":"index","follow":"follow","max-snippet":"max-snippet:-1","max-image-preview":"max-image-preview:large","max-video-preview":"max-video-preview:-1"},"canonical":"https:\/\/best-poker-bonuscode.com\/lv\/","og_locale":"lv_LV","og_type":"article","og_title":"Tie\u0161saistes pokera tests | P\u0101rbaudiet lab\u0101k\u0101s tie\u0161saistes pokera vietnes","og_description":"Izv\u0113le, kur\u0101 pokera vietn\u0113 re\u0123istr\u0113ties, ir viena no svar\u012bg\u0101kaj\u0101m izv\u0113l\u0113m, kas pokera sp\u0113l\u0113t\u0101jam j\u0101izdara. Pirms naudas iemaksas veik\u0161anas ir oblig\u0101ti","og_url":"https:\/\/best-poker-bonuscode.com\/lv\/","og_site_name":"Best Poker Bonus Codes","twitter_card":"summary_large_image","twitter_misc":{"Est. reading time":"4 minutes"},"schema":{"@context":"https:\/\/schema.org","@graph":[{"@type":"WebPage","@id":"https:\/\/best-poker-bonuscode.com\/lv\/","url":"https:\/\/best-poker-bonuscode.com\/lv\/","name":"Tie\u0161saistes pokera tests | P\u0101rbaudiet lab\u0101k\u0101s tie\u0161saistes pokera vietnes","isPartOf":{"@id":"https:\/\/best-poker-bonuscode.com\/lv\/#website"},"datePublished":"2011-04-14T13:19:27+00:00","breadcrumb":{"@id":"https:\/\/best-poker-bonuscode.com\/lv\/#breadcrumb"},"inLanguage":"lv-LV","potentialAction":[{"@type":"ReadAction","target":["https:\/\/best-poker-bonuscode.com\/lv\/"]}]},{"@type":"BreadcrumbList","@id":"https:\/\/best-poker-bonuscode.com\/lv\/#breadcrumb","itemListElement":[{"@type":"ListItem","position":1,"name":"Home","item":"https:\/\/best-poker-bonuscode.com\/lv\/"},{"@type":"ListItem","position":2,"name":"S\u0101kums"}]},{"@type":"WebSite","@id":"https:\/\/best-poker-bonuscode.com\/lv\/#website","url":"https:\/\/best-poker-bonuscode.com\/lv\/","name":"Best Poker Bonus Codes","description":"","potentialAction":[{"@type":"SearchAction","target":{"@type":"EntryPoint","urlTemplate":"https:\/\/best-poker-bonuscode.com\/lv\/?s={search_term_string}"},"query-input":{"@type":"PropertyValueSpecification","valueRequired":true,"valueName":"search_term_string"}}],"inLanguage":"lv-LV"}]}},"_links":{"self":[{"href":"https:\/\/best-poker-bonuscode.com\/lv\/wp-json\/wp\/v2\/pages\/2896","targetHints":{"allow":["GET"]}}],"collection":[{"href":"https:\/\/best-poker-bonuscode.com\/lv\/wp-json\/wp\/v2\/pages"}],"about":[{"href":"https:\/\/best-poker-bonuscode.com\/lv\/wp-json\/wp\/v2\/types\/page"}],"author":[{"embeddable":true,"href":"https:\/\/best-poker-bonuscode.com\/lv\/wp-json\/wp\/v2\/users\/1"}],"replies":[{"embeddable":true,"href":"https:\/\/best-poker-bonuscode.com\/lv\/wp-json\/wp\/v2\/comments?post=2896"}],"version-history":[{"count":0,"href":"https:\/\/best-poker-bonuscode.com\/lv\/wp-json\/wp\/v2\/pages\/2896\/revisions"}],"wp:attachment":[{"href":"https:\/\/best-poker-bonuscode.com\/lv\/wp-json\/wp\/v2\/media?parent=2896"}],"curies":[{"name":"wp","href":"https:\/\/api.w.org\/{rel}","templated":true}]}}