{"id":2897,"date":"2011-04-14T14:19:27","date_gmt":"2011-04-14T13:19:27","guid":{"rendered":"https:\/\/best-poker-bonuscode.com\/pradzia\/"},"modified":"2011-04-14T14:19:27","modified_gmt":"2011-04-14T13:19:27","slug":"pradzia","status":"publish","type":"page","link":"https:\/\/best-poker-bonuscode.com\/lt\/","title":{"rendered":"Prad\u017eia"},"content":{"rendered":"<p style=\"text-align: justify;\">Nuspr\u0119sti, kurioje pokerio svetain\u0117je registruotis, yra vienas svarbiausi\u0173 pokerio \u017eaid\u0117jo pasirinkim\u0173. <strong>Prie\u0161 \u012fne\u0161ant pinig\u0173, b\u016btina perskaityti internetinio pokerio test\u0105 apie svarstom\u0105 svetain\u0119<\/strong>. Kai kurios svetain\u0117s labiau tinka pradedantiesiems, kitos \u2013 pa\u017eengusiems \u017eaid\u0117jams. Mes i\u0161band\u0117me daug pokerio kambari\u0173, o \u0161ioje svetain\u0117je pateikiamos kiekvieno i\u0161 j\u0173 ap\u017evalgos su naudinga informacija apie tai, k\u0105 ten rasite.<\/p>\n<p style=\"text-align: justify;\">Daugelis \u017eaid\u0117j\u0173 nusprend\u017eia tiesiog pasirinkdami svetain\u0119 su did\u017eiausia premija. Ta\u010diau problema ta, kad did\u017eiausia premija gali b\u016bti ne ta, kuri jums geriausiai tinka. Pavyzd\u017eiui, kai kurie bonusai skirti dideli\u0173 statym\u0173 \u017eaid\u0117jams ir \u017eaid\u0117jams, kurie \u017eaid\u017eia prie 8 stal\u0173 vienu metu, ir jums gali nepavykti gauti \u0161i\u0173 bonus\u0173 ir pasinaudoti visais privalumais.<\/p>\n<p style=\"text-align: justify;\">Skaitydami m\u016bs\u0173 internetinio pokerio test\u0173 puslapius, rasite ne tik informacijos apie programin\u0119 \u012frang\u0105, var\u017eybas, turnyr\u0173 tvarkara\u0161t\u012f ir \u017eaidim\u0173 \u012fvairov\u0119, bet ir m\u016bs\u0173 pokerio kambari\u0173 testuose nurodysime, ar lengva gauti bonus\u0105. Priimdami sprendim\u0105, atsi\u017evelkite \u012f savo \u017eaidimo stili\u0173.<\/p>\n<h2 style=\"text-align: justify;\"><span style=\"font-size: 12pt;\">M\u016bs\u0173 internetinio pokerio testo nugal\u0117tojas<\/span><\/h2>\n<p style=\"text-align: justify;\">Kiekvienas \u017eaid\u0117jas turi m\u0117gstam\u0105 pokerio kambar\u012f \u2013 mums, po i\u0161sami\u0173 bandym\u0173, tai yra<strong>Bet365 Poker. <\/strong><\/p>\n<p style=\"text-align: justify;\">Ta\u010diau yra ir daug kit\u0173 ger\u0173 internetinio pokerio kambari\u0173. M\u016bs\u0173 tikslas \u2013 rasti ir i\u0161bandyti geriausius internetinius pokerio kambarius ir nuolat skelbti geriausius bei naujausius **pokerio premij\u0173 kodus** ir premij\u0173 pasi\u016blymus visoms pokerio svetain\u0117ms. Mes suteikiame jums vis\u0105 svarbi\u0105 informacij\u0105, kurios jums reikia, kad gal\u0117tum\u0117te priimti teising\u0105 sprendim\u0105 renkantis pokerio kambar\u012f, kuriame \u017eaisti.<\/p>\n<p>**Pasinaudokite pokerio kambario si\u016bloma \u012fmokos premija. V\u0117lgi, tai ne visada rei\u0161kia, kad reikia rinktis did\u017eiausi\u0105 premij\u0105 \u2013 taip pat su\u017einokite apie i\u0161laisvinimo reikalavimus. Ne kiekviena premija tinka kiekvienam \u017eaid\u0117jui. Kai kurie kambariai netgi turi savo pokerio rakeback sistem\u0105 \u2013 da\u017eno \u017eaid\u0117jo ta\u0161kus galima laim\u0117ti ir i\u0161keisti \u012f grynuosius pinigus! \u201eBet365 Poker\u201c yra m\u016bs\u0173 m\u0117gstamiausias kambarys, nes, remiantis m\u016bs\u0173 testu, jame taip pat si\u016bloma geriausia la\u017eyb\u0173 skiltis ir geriausi kazino u\u017e tikrus pinigus i\u0161 vis\u0173 pokerio kambari\u0173. <a href=\"go\/Bet365.html\" target=\"_blank\" rel=\"noopener\">Nor\u0117dami i\u0161bandyti nepaprast\u0105 pokerio veiksm\u0105 \u201eBet365\u201c, spustel\u0117kite \u010dia, kad gal\u0117tum\u0117te \u017eaisti poker\u012f ir atlikti sporto statymus per kelias sekundes.<\/a><\/p>\n<h2 style=\"text-align: justify;\"><span style=\"font-size: 12pt;\">Kod\u0117l pokerio premijos kodai tokie svarb\u016bs?<\/span><\/h2>\n<p style=\"text-align: justify;\">Ir galiausiai, geriausio pokerio premijos kodo naudojimas yra labai svarbus ne tik \u201eBet365\u201c. Tik naujausi ir geriausi pokerio premijos kodai, kuriuos rasite m\u016bs\u0173 svetain\u0117je, garantuos, kad i\u0161 tikr\u0173j\u0173 gausite did\u017eiausi\u0105 \u012fmanom\u0105 pokerio premij\u0105 savo kambariui! Mes nuolat atnaujiname savo pokerio premij\u0173 kodus ir test\u0173 rezultatus.<\/p>\n<h2 style=\"text-align: justify;\"><span style=\"font-size: 12pt;\">K\u0105 dar testuojame?<\/span><\/h2>\n<p style=\"text-align: justify;\">M\u016bs\u0173 ap\u017evalginiuose straipsniuose rasite informacijos apie pokerio pinigini\u0173 \u017eaidim\u0173 ir turnyr\u0173 \u012fvairov\u0119 pokerio svetain\u0117se, mikro, vidutinio ir auk\u0161to lygio pinigini\u0173 \u017eaidim\u0173 prieinamum\u0105, didelius, vidutinio dyd\u017eio ir ma\u017eus turnyrus, koks yra pagrindinis savaitinis turnyro renginys, ar galite tik\u0117tis ma\u017eos, ar didel\u0117s konkurencijos ir daug daugiau.<\/p>\n<p>Ne ma\u017eiau svarbu susipa\u017einti su pasirinkto pokerio kambario programine \u012franga ir klient\u0173 aptarnavimu. Vis\u0105 \u0161i\u0105 informacij\u0105 rasite \u010dia.<\/p>\n<p style=\"text-align: justify;\">Ir galiausiai, bet ne ma\u017eiau svarbu, per\u017ei\u016br\u0117kite m\u016bs\u0173 strategijos kampel\u012f. Ten rasite daug straipsni\u0173 apie pagrindin\u0119 ir pa\u017eengusi\u0173j\u0173 Texas Holdem strategij\u0105, skirt\u0105 tiek No Limit, tiek Fixed Limit piniginiams \u017eaidimams, tiek No Limit turnyrams.<\/p>\n<p style=\"text-align: justify;\">Nesvarbu, ar esate \u017eiedini\u0173 \u017eaidim\u0173, ar turnyr\u0173 \u017eaid\u0117jas, galite patobulinti savo pokerio \u012fg\u016bd\u017eius m\u016bs\u0173 pokerio mokykloje. Reguliariai bus skelbiami nauji straipsniai apie pokerio strategij\u0105. Svarbu i\u0161laikyti a\u0161trius pokerio \u012fg\u016bd\u017eius \u2013 skirkite laiko ir pasiskaitykite apie strategij\u0105, tada <strong>pasirinkite nauj\u0105 pokerio svetain\u0119 i\u0161 m\u016bs\u0173 internetinio pokerio testo,<\/strong> gaukite nauj\u0105 premij\u0105 ir gr\u012f\u017ekite prie stal\u0173, kad pritaikytum\u0117te k\u0105 tik \u012fgytus \u012fg\u016bd\u017eius!<\/p>\n","protected":false},"excerpt":{"rendered":"<p>Nuspr\u0119sti, kurioje pokerio svetain\u0117je registruotis, yra vienas svarbiausi\u0173 pokerio \u017eaid\u0117jo pasirinkim\u0173. Prie\u0161 \u012fne\u0161ant pinig\u0173, b\u016btina perskaityti internetinio pokerio test\u0105 apie<\/p>\n","protected":false},"author":1,"featured_media":0,"parent":0,"menu_order":1,"comment_status":"closed","ping_status":"closed","template":"","meta":{"footnotes":""},"class_list":["post-2897","page","type-page","status-publish","hentry","comments-off"],"yoast_head":"<!-- This site is optimized with the Yoast SEO plugin v25.7 - https:\/\/yoast.com\/wordpress\/plugins\/seo\/ -->\n<title>Internetinio pokerio testas | I\u0161bandykite geriausias internetinio pokerio svetaines<\/title>\n<meta name=\"robots\" content=\"index, follow, max-snippet:-1, max-image-preview:large, max-video-preview:-1\" \/>\n<link rel=\"canonical\" href=\"https:\/\/best-poker-bonuscode.com\/lt\/\" \/>\n<meta property=\"og:locale\" content=\"lt_LT\" \/>\n<meta property=\"og:type\" content=\"article\" \/>\n<meta property=\"og:title\" content=\"Internetinio pokerio testas | I\u0161bandykite geriausias internetinio pokerio svetaines\" \/>\n<meta property=\"og:description\" content=\"Nuspr\u0119sti, kurioje pokerio svetain\u0117je registruotis, yra vienas svarbiausi\u0173 pokerio \u017eaid\u0117jo pasirinkim\u0173. Prie\u0161 \u012fne\u0161ant pinig\u0173, b\u016btina perskaityti internetinio pokerio test\u0105 apie\" \/>\n<meta property=\"og:url\" content=\"https:\/\/best-poker-bonuscode.com\/lt\/\" \/>\n<meta property=\"og:site_name\" content=\"Best Poker Bonus Codes\" \/>\n<meta name=\"twitter:card\" content=\"summary_large_image\" \/>\n<meta name=\"twitter:label1\" content=\"Est. reading time\" \/>\n\t<meta name=\"twitter:data1\" content=\"3 minut\u0117s\" \/>\n<script type=\"application\/ld+json\" class=\"yoast-schema-graph\">{\"@context\":\"https:\/\/schema.org\",\"@graph\":[{\"@type\":\"WebPage\",\"@id\":\"https:\/\/best-poker-bonuscode.com\/lt\/\",\"url\":\"https:\/\/best-poker-bonuscode.com\/lt\/\",\"name\":\"Internetinio pokerio testas | I\u0161bandykite geriausias internetinio pokerio svetaines\",\"isPartOf\":{\"@id\":\"https:\/\/best-poker-bonuscode.com\/lt\/#website\"},\"datePublished\":\"2011-04-14T13:19:27+00:00\",\"breadcrumb\":{\"@id\":\"https:\/\/best-poker-bonuscode.com\/lt\/#breadcrumb\"},\"inLanguage\":\"lt-LT\",\"potentialAction\":[{\"@type\":\"ReadAction\",\"target\":[\"https:\/\/best-poker-bonuscode.com\/lt\/\"]}]},{\"@type\":\"BreadcrumbList\",\"@id\":\"https:\/\/best-poker-bonuscode.com\/lt\/#breadcrumb\",\"itemListElement\":[{\"@type\":\"ListItem\",\"position\":1,\"name\":\"Home\",\"item\":\"https:\/\/best-poker-bonuscode.com\/lt\/\"},{\"@type\":\"ListItem\",\"position\":2,\"name\":\"Prad\u017eia\"}]},{\"@type\":\"WebSite\",\"@id\":\"https:\/\/best-poker-bonuscode.com\/lt\/#website\",\"url\":\"https:\/\/best-poker-bonuscode.com\/lt\/\",\"name\":\"Best Poker Bonus Codes\",\"description\":\"\",\"potentialAction\":[{\"@type\":\"SearchAction\",\"target\":{\"@type\":\"EntryPoint\",\"urlTemplate\":\"https:\/\/best-poker-bonuscode.com\/lt\/?s={search_term_string}\"},\"query-input\":{\"@type\":\"PropertyValueSpecification\",\"valueRequired\":true,\"valueName\":\"search_term_string\"}}],\"inLanguage\":\"lt-LT\"}]}<\/script>\n<!-- \/ Yoast SEO plugin. -->","yoast_head_json":{"title":"Internetinio pokerio testas | I\u0161bandykite geriausias internetinio pokerio svetaines","robots":{"index":"index","follow":"follow","max-snippet":"max-snippet:-1","max-image-preview":"max-image-preview:large","max-video-preview":"max-video-preview:-1"},"canonical":"https:\/\/best-poker-bonuscode.com\/lt\/","og_locale":"lt_LT","og_type":"article","og_title":"Internetinio pokerio testas | I\u0161bandykite geriausias internetinio pokerio svetaines","og_description":"Nuspr\u0119sti, kurioje pokerio svetain\u0117je registruotis, yra vienas svarbiausi\u0173 pokerio \u017eaid\u0117jo pasirinkim\u0173. Prie\u0161 \u012fne\u0161ant pinig\u0173, b\u016btina perskaityti internetinio pokerio test\u0105 apie","og_url":"https:\/\/best-poker-bonuscode.com\/lt\/","og_site_name":"Best Poker Bonus Codes","twitter_card":"summary_large_image","twitter_misc":{"Est. reading time":"3 minut\u0117s"},"schema":{"@context":"https:\/\/schema.org","@graph":[{"@type":"WebPage","@id":"https:\/\/best-poker-bonuscode.com\/lt\/","url":"https:\/\/best-poker-bonuscode.com\/lt\/","name":"Internetinio pokerio testas | I\u0161bandykite geriausias internetinio pokerio svetaines","isPartOf":{"@id":"https:\/\/best-poker-bonuscode.com\/lt\/#website"},"datePublished":"2011-04-14T13:19:27+00:00","breadcrumb":{"@id":"https:\/\/best-poker-bonuscode.com\/lt\/#breadcrumb"},"inLanguage":"lt-LT","potentialAction":[{"@type":"ReadAction","target":["https:\/\/best-poker-bonuscode.com\/lt\/"]}]},{"@type":"BreadcrumbList","@id":"https:\/\/best-poker-bonuscode.com\/lt\/#breadcrumb","itemListElement":[{"@type":"ListItem","position":1,"name":"Home","item":"https:\/\/best-poker-bonuscode.com\/lt\/"},{"@type":"ListItem","position":2,"name":"Prad\u017eia"}]},{"@type":"WebSite","@id":"https:\/\/best-poker-bonuscode.com\/lt\/#website","url":"https:\/\/best-poker-bonuscode.com\/lt\/","name":"Best Poker Bonus Codes","description":"","potentialAction":[{"@type":"SearchAction","target":{"@type":"EntryPoint","urlTemplate":"https:\/\/best-poker-bonuscode.com\/lt\/?s={search_term_string}"},"query-input":{"@type":"PropertyValueSpecification","valueRequired":true,"valueName":"search_term_string"}}],"inLanguage":"lt-LT"}]}},"_links":{"self":[{"href":"https:\/\/best-poker-bonuscode.com\/lt\/wp-json\/wp\/v2\/pages\/2897","targetHints":{"allow":["GET"]}}],"collection":[{"href":"https:\/\/best-poker-bonuscode.com\/lt\/wp-json\/wp\/v2\/pages"}],"about":[{"href":"https:\/\/best-poker-bonuscode.com\/lt\/wp-json\/wp\/v2\/types\/page"}],"author":[{"embeddable":true,"href":"https:\/\/best-poker-bonuscode.com\/lt\/wp-json\/wp\/v2\/users\/1"}],"replies":[{"embeddable":true,"href":"https:\/\/best-poker-bonuscode.com\/lt\/wp-json\/wp\/v2\/comments?post=2897"}],"version-history":[{"count":0,"href":"https:\/\/best-poker-bonuscode.com\/lt\/wp-json\/wp\/v2\/pages\/2897\/revisions"}],"wp:attachment":[{"href":"https:\/\/best-poker-bonuscode.com\/lt\/wp-json\/wp\/v2\/media?parent=2897"}],"curies":[{"name":"wp","href":"https:\/\/api.w.org\/{rel}","templated":true}]}}