{"id":2893,"date":"2011-04-14T14:19:27","date_gmt":"2011-04-14T13:19:27","guid":{"rendered":"https:\/\/best-poker-bonuscode.com\/casa\/"},"modified":"2011-04-14T14:19:27","modified_gmt":"2011-04-14T13:19:27","slug":"casa","status":"publish","type":"page","link":"https:\/\/best-poker-bonuscode.com\/it\/","title":{"rendered":"Casa"},"content":{"rendered":"<p style=\"text-align: justify;\">Decidere a quale sito web di poker iscriversi \u00e8 una delle scelte pi\u00f9 importanti che un giocatore di poker debba fare. <strong>Leggere un test di poker online su un sito web<\/strong> che stai prendendo in considerazione \u00e8 fondamentale prima di depositare denaro. Alcuni siti web sono pi\u00f9 adatti ai principianti, altri ai giocatori esperti. Abbiamo testato molte sale da poker per voi e questo sito web contiene recensioni per ciascuna di esse, con informazioni utili su cosa troverete.<\/p>\n<p style=\"text-align: justify;\">Molti giocatori decidono semplicemente scegliendo il sito con il bonus pi\u00f9 alto. Ma il problema \u00e8 che il bonus pi\u00f9 alto potrebbe non essere quello pi\u00f9 adatto a voi. Ad esempio, alcuni bonus sono pensati per gli high roller e per i giocatori che giocano su 8 tavoli contemporaneamente, e potresti non essere in grado di sbloccarli e trarne il massimo vantaggio.<\/p>\n<p style=\"text-align: justify;\">Leggendo le nostre pagine dedicate ai test di poker online, non solo troverai informazioni sul software, sulla competizione, sul programma dei tornei e sulla variet\u00e0 di gioco, ma nei nostri test delle poker room ti diremo anche se il bonus \u00e8 facile da sbloccare o meno. Tieni conto del tuo stile di gioco quando decidi.<\/p>\n<h2 style=\"text-align: justify;\"><span style=\"font-size: 12pt;\">Il nostro vincitore del test di poker online<\/span><\/h2>\n<p style=\"text-align: justify;\">Ogni giocatore ha una poker room preferita: per noi, dopo approfonditi test, \u00e8 <strong>Bet365 Poker<\/strong><\/p>\n<p style=\"text-align: justify;\">Ma ci sono molte altre valide poker room online. Il nostro obiettivo \u00e8 trovare e testare le migliori sale da poker online e elencare costantemente i migliori e pi\u00f9 recenti <strong>codici bonus poker<\/strong> e le offerte bonus per tutti i siti web di poker. Ti forniamo tutte le informazioni rilevanti di cui hai bisogno per prendere la decisione giusta quando scegli una sala da poker in cui giocare.<\/p>\n<p style=\"text-align: justify;\">Approfitta del bonus di deposito offerto dalla sala da poker. Anche in questo caso, questo non significa sempre scegliere il bonus pi\u00f9 alto: informati anche sui requisiti di rilascio. Non tutti i bonus sono adatti a tutti i giocatori. Alcune sale hanno persino un proprio sistema di rakeback: i punti giocatore frequente possono essere vinti e convertiti in denaro! Bet365 Poker \u00e8 la nostra sala preferita perch\u00e9, secondo il nostro test, offre anche la migliore sezione di scommesse sportive e i migliori casin\u00f2 con soldi veri tra tutte le sale da poker. <a href=\"go\/Bet365.html\" target=\"_blank\" rel=\"noopener\">Per scoprire la straordinaria azione del poker su Bet365, clicca qui per giocare a poker e piazzare le tue scommesse sportive in pochi secondi.<\/a><\/p>\n<h2 style=\"text-align: justify;\"><span style=\"font-size: 12pt;\">Perch\u00e9 i codici bonus poker sono cos\u00ec importanti?<\/span><\/h2>\n<p style=\"text-align: justify;\">E infine, utilizzare il miglior codice bonus poker \u00e8 molto importante, non solo per Bet365. Solo i codici bonus poker pi\u00f9 recenti e migliori che trovi sul nostro sito ti garantiranno di ottenere effettivamente il bonus poker pi\u00f9 alto disponibile per la tua sala! Aggiorniamo costantemente i nostri codici bonus e i risultati dei test per il poker.<\/p>\n<h2 style=\"text-align: justify;\"><span style=\"font-size: 12pt;\">Cos&#8217;altro testiamo?<\/span><\/h2>\n<p style=\"text-align: justify;\">Nei nostri articoli di recensione, troverete informazioni sulla variet\u00e0 di cash game e tornei di poker offerti dai siti web di poker, sulla disponibilit\u00e0 di cash game di livello micro, medio e alto, sui tornei grandi, medi e piccoli, sul torneo principale settimanale, se la concorrenza sar\u00e0 soft o agguerrita e molto altro ancora.<\/p>\n<p>\u00c8 altrettanto importante avere una panoramica del software e dell&#8217;assistenza clienti della poker room di vostra scelta. Troverete tutte queste informazioni qui.<\/p>\n<p style=\"text-align: justify;\">E, ultimo ma non meno importante, date un&#8217;occhiata al nostro angolo dedicato alla strategia. Troverai molti articoli sulla strategia base e avanzata del Texas Hold&#8217;em, sia per i cash game No Limit e Fixed Limit, sia per i tornei No Limit.<\/p>\n<p style=\"text-align: justify;\">Che tu sia un giocatore di cash game o di tornei, puoi migliorare le tue abilit\u00e0 con la nostra scuola di poker. Nuovi articoli sulla strategia del poker saranno pubblicati regolarmente. Mantenere le tue abilit\u00e0 nel poker \u00e8 importante: prenditi il \u200b\u200btempo necessario e leggi informazioni sulla strategia, poi <strong>scegli un nuovo sito web di poker dal nostro test di poker online<\/strong>, ottieni un nuovo bonus e torna ai tavoli per mettere in pratica le nuove competenze che hai appena acquisito!<\/p>\n","protected":false},"excerpt":{"rendered":"<p>Decidere a quale sito web di poker iscriversi \u00e8 una delle scelte pi\u00f9 importanti che un giocatore di poker debba<\/p>\n","protected":false},"author":1,"featured_media":0,"parent":0,"menu_order":1,"comment_status":"closed","ping_status":"closed","template":"","meta":{"footnotes":""},"class_list":["post-2893","page","type-page","status-publish","hentry","comments-off"],"yoast_head":"<!-- This site is optimized with the Yoast SEO plugin v25.7 - https:\/\/yoast.com\/wordpress\/plugins\/seo\/ -->\n<title>Test di poker online | Prova i migliori siti web di poker online<\/title>\n<meta name=\"robots\" content=\"index, follow, max-snippet:-1, max-image-preview:large, max-video-preview:-1\" \/>\n<link rel=\"canonical\" href=\"https:\/\/best-poker-bonuscode.com\/it\/\" \/>\n<meta property=\"og:locale\" content=\"it_IT\" \/>\n<meta property=\"og:type\" content=\"article\" \/>\n<meta property=\"og:title\" content=\"Test di poker online | Prova i migliori siti web di poker online\" \/>\n<meta property=\"og:description\" content=\"Decidere a quale sito web di poker iscriversi \u00e8 una delle scelte pi\u00f9 importanti che un giocatore di poker debba\" \/>\n<meta property=\"og:url\" content=\"https:\/\/best-poker-bonuscode.com\/it\/\" \/>\n<meta property=\"og:site_name\" content=\"Best Poker Bonus Codes\" \/>\n<meta name=\"twitter:card\" content=\"summary_large_image\" \/>\n<meta name=\"twitter:label1\" content=\"Tempo di lettura stimato\" \/>\n\t<meta name=\"twitter:data1\" content=\"3 minuti\" \/>\n<script type=\"application\/ld+json\" class=\"yoast-schema-graph\">{\"@context\":\"https:\/\/schema.org\",\"@graph\":[{\"@type\":\"WebPage\",\"@id\":\"https:\/\/best-poker-bonuscode.com\/it\/\",\"url\":\"https:\/\/best-poker-bonuscode.com\/it\/\",\"name\":\"Test di poker online | Prova i migliori siti web di poker online\",\"isPartOf\":{\"@id\":\"https:\/\/best-poker-bonuscode.com\/it\/#website\"},\"datePublished\":\"2011-04-14T13:19:27+00:00\",\"breadcrumb\":{\"@id\":\"https:\/\/best-poker-bonuscode.com\/it\/#breadcrumb\"},\"inLanguage\":\"it-IT\",\"potentialAction\":[{\"@type\":\"ReadAction\",\"target\":[\"https:\/\/best-poker-bonuscode.com\/it\/\"]}]},{\"@type\":\"BreadcrumbList\",\"@id\":\"https:\/\/best-poker-bonuscode.com\/it\/#breadcrumb\",\"itemListElement\":[{\"@type\":\"ListItem\",\"position\":1,\"name\":\"Home\",\"item\":\"https:\/\/best-poker-bonuscode.com\/it\/\"},{\"@type\":\"ListItem\",\"position\":2,\"name\":\"Casa\"}]},{\"@type\":\"WebSite\",\"@id\":\"https:\/\/best-poker-bonuscode.com\/it\/#website\",\"url\":\"https:\/\/best-poker-bonuscode.com\/it\/\",\"name\":\"Best Poker Bonus Codes\",\"description\":\"\",\"potentialAction\":[{\"@type\":\"SearchAction\",\"target\":{\"@type\":\"EntryPoint\",\"urlTemplate\":\"https:\/\/best-poker-bonuscode.com\/it\/?s={search_term_string}\"},\"query-input\":{\"@type\":\"PropertyValueSpecification\",\"valueRequired\":true,\"valueName\":\"search_term_string\"}}],\"inLanguage\":\"it-IT\"}]}<\/script>\n<!-- \/ Yoast SEO plugin. -->","yoast_head_json":{"title":"Test di poker online | Prova i migliori siti web di poker online","robots":{"index":"index","follow":"follow","max-snippet":"max-snippet:-1","max-image-preview":"max-image-preview:large","max-video-preview":"max-video-preview:-1"},"canonical":"https:\/\/best-poker-bonuscode.com\/it\/","og_locale":"it_IT","og_type":"article","og_title":"Test di poker online | Prova i migliori siti web di poker online","og_description":"Decidere a quale sito web di poker iscriversi \u00e8 una delle scelte pi\u00f9 importanti che un giocatore di poker debba","og_url":"https:\/\/best-poker-bonuscode.com\/it\/","og_site_name":"Best Poker Bonus Codes","twitter_card":"summary_large_image","twitter_misc":{"Tempo di lettura stimato":"3 minuti"},"schema":{"@context":"https:\/\/schema.org","@graph":[{"@type":"WebPage","@id":"https:\/\/best-poker-bonuscode.com\/it\/","url":"https:\/\/best-poker-bonuscode.com\/it\/","name":"Test di poker online | Prova i migliori siti web di poker online","isPartOf":{"@id":"https:\/\/best-poker-bonuscode.com\/it\/#website"},"datePublished":"2011-04-14T13:19:27+00:00","breadcrumb":{"@id":"https:\/\/best-poker-bonuscode.com\/it\/#breadcrumb"},"inLanguage":"it-IT","potentialAction":[{"@type":"ReadAction","target":["https:\/\/best-poker-bonuscode.com\/it\/"]}]},{"@type":"BreadcrumbList","@id":"https:\/\/best-poker-bonuscode.com\/it\/#breadcrumb","itemListElement":[{"@type":"ListItem","position":1,"name":"Home","item":"https:\/\/best-poker-bonuscode.com\/it\/"},{"@type":"ListItem","position":2,"name":"Casa"}]},{"@type":"WebSite","@id":"https:\/\/best-poker-bonuscode.com\/it\/#website","url":"https:\/\/best-poker-bonuscode.com\/it\/","name":"Best Poker Bonus Codes","description":"","potentialAction":[{"@type":"SearchAction","target":{"@type":"EntryPoint","urlTemplate":"https:\/\/best-poker-bonuscode.com\/it\/?s={search_term_string}"},"query-input":{"@type":"PropertyValueSpecification","valueRequired":true,"valueName":"search_term_string"}}],"inLanguage":"it-IT"}]}},"_links":{"self":[{"href":"https:\/\/best-poker-bonuscode.com\/it\/wp-json\/wp\/v2\/pages\/2893","targetHints":{"allow":["GET"]}}],"collection":[{"href":"https:\/\/best-poker-bonuscode.com\/it\/wp-json\/wp\/v2\/pages"}],"about":[{"href":"https:\/\/best-poker-bonuscode.com\/it\/wp-json\/wp\/v2\/types\/page"}],"author":[{"embeddable":true,"href":"https:\/\/best-poker-bonuscode.com\/it\/wp-json\/wp\/v2\/users\/1"}],"replies":[{"embeddable":true,"href":"https:\/\/best-poker-bonuscode.com\/it\/wp-json\/wp\/v2\/comments?post=2893"}],"version-history":[{"count":0,"href":"https:\/\/best-poker-bonuscode.com\/it\/wp-json\/wp\/v2\/pages\/2893\/revisions"}],"wp:attachment":[{"href":"https:\/\/best-poker-bonuscode.com\/it\/wp-json\/wp\/v2\/media?parent=2893"}],"curies":[{"name":"wp","href":"https:\/\/api.w.org\/{rel}","templated":true}]}}