{"id":2892,"date":"2011-04-14T14:19:27","date_gmt":"2011-04-14T13:19:27","guid":{"rendered":"https:\/\/best-poker-bonuscode.com\/otthon\/"},"modified":"2011-04-14T14:19:27","modified_gmt":"2011-04-14T13:19:27","slug":"otthon","status":"publish","type":"page","link":"https:\/\/best-poker-bonuscode.com\/hu\/","title":{"rendered":"Otthon"},"content":{"rendered":"<p style=\"text-align: justify;\">Egy p\u00f3kerj\u00e1t\u00e9kos egyik legfontosabb d\u00f6nt\u00e9se, hogy melyik p\u00f3ker weboldalhoz regisztr\u00e1ljon. <strong>Miel\u0151tt p\u00e9nzt befizetne, elengedhetetlen egy online p\u00f3ker teszt elolvas\u00e1sa a fontolgatott weboldalr\u00f3l<\/strong>. Egyes weboldalak kezd\u0151knek, m\u00e1sok halad\u00f3 j\u00e1t\u00e9kosoknak jobbak. Sz\u00e1mos p\u00f3kertermet tesztelt\u00fcnk m\u00e1r, \u00e9s ez a weboldal mindegyikr\u0151l tartalmaz v\u00e9lem\u00e9nyeket, hasznos inform\u00e1ci\u00f3kkal arr\u00f3l, hogy mit tal\u00e1lhat ott.<\/p>\n<p style=\"text-align: justify;\">Sok j\u00e1t\u00e9kos egyszer\u0171en a legmagasabb b\u00f3nuszt k\u00edn\u00e1l\u00f3 oldalt v\u00e1lasztja. A probl\u00e9ma azonban az, hogy a legmagasabb b\u00f3nusz nem biztos, hogy a legjobb az \u00d6n sz\u00e1m\u00e1ra. P\u00e9ld\u00e1ul bizonyos b\u00f3nuszokat a nagy t\u00e9teket tev\u0151 j\u00e1t\u00e9kosoknak \u00e9s a 8 asztaln\u00e1l egyszerre j\u00e1tsz\u00f3 j\u00e1t\u00e9kosoknak k\u00edn\u00e1lunk, \u00e9s el\u0151fordulhat, hogy nem tudod ezeket a b\u00f3nuszokat teljes m\u00e9rt\u00e9kben kihaszn\u00e1lni.<\/p>\n<p style=\"text-align: justify;\">Online p\u00f3ker tesztoldalainkon nemcsak a szoftverr\u0151l, a versenyekr\u0151l, a versenynapt\u00e1rr\u00f3l \u00e9s a j\u00e1t\u00e9kv\u00e1ltozatoss\u00e1gr\u00f3l tal\u00e1lsz inform\u00e1ci\u00f3kat, hanem p\u00f3kerterem tesztjeinkben azt is megmondjuk, hogy a b\u00f3nusz k\u00f6nnyen felszabad\u00edthat\u00f3-e vagy sem. A d\u00f6nt\u00e9s meghozatalakor vedd figyelembe a saj\u00e1t j\u00e1t\u00e9kst\u00edlusodat.<\/p>\n<h2 style=\"text-align: justify;\"><span style=\"font-size: 12pt;\">Online p\u00f3ker tesztgy\u0151ztes\u00fcnk<\/span><\/h2>\n<p style=\"text-align: justify;\">Minden j\u00e1t\u00e9kosnak van egy kedvenc p\u00f3kerterme &#8211; sz\u00e1munkra, alapos tesztel\u00e9s ut\u00e1n, ez a<strong>Bet365 Poker. <\/strong><\/p>\n<p style=\"text-align: justify;\">De sok m\u00e1s j\u00f3 online p\u00f3kerterem is l\u00e9tezik. C\u00e9lunk, hogy megtal\u00e1ljuk \u00e9s tesztelj\u00fck a legjobb online p\u00f3kertermeket, \u00e9s folyamatosan list\u00e1zzuk a legjobb \u00e9s legfrissebb <strong>p\u00f3ker b\u00f3nuszk\u00f3dokat<\/strong> \u00e9s b\u00f3nuszaj\u00e1nlatokat minden p\u00f3ker weboldalhoz. Minden relev\u00e1ns inform\u00e1ci\u00f3t biztos\u00edtunk, amire sz\u00fcks\u00e9ged van ahhoz, hogy helyes d\u00f6nt\u00e9st hozz, amikor p\u00f3kertermet v\u00e1lasztasz.<\/p>\n<p style=\"text-align: justify;\">Haszn\u00e1ld ki a p\u00f3kerterem \u00e1ltal k\u00edn\u00e1lt befizet\u00e9si b\u00f3nuszt. Ez ism\u00e9t nem mindig jelenti azt, hogy a legmagasabb b\u00f3nuszt kell v\u00e1lasztanod &#8211; t\u00e1j\u00e9koz\u00f3dj a kiv\u00e1lt\u00e1si k\u00f6vetelm\u00e9nyekr\u0151l is. Nem minden b\u00f3nusz minden j\u00e1t\u00e9kosnak megfelel\u0151. N\u00e9h\u00e1ny teremnek saj\u00e1t p\u00f3ker rakeback rendszere is van &#8211; a t\u00f6rzsv\u00e1s\u00e1rl\u00f3i pontok megnyerhet\u0151k \u00e9s k\u00e9szp\u00e9nzre v\u00e1lthat\u00f3k! A Bet365 Poker a kedvenc term\u00fcnk, mert teszt\u00fcnk szerint a legjobb sportfogad\u00e1si szekci\u00f3t \u00e9s a legjobb val\u00f3di p\u00e9nzes kaszin\u00f3kat is k\u00edn\u00e1lja az \u00f6sszes p\u00f3kerterem k\u00f6z\u00fcl. <a href=\"go\/Bet365.html\" target=\"_blank\" rel=\"noopener\">Ha szeretn\u00e9d kipr\u00f3b\u00e1lni a Bet365 rendk\u00edv\u00fcli p\u00f3ker akci\u00f3j\u00e1t, kattints ide, hogy p\u00f3kerezhess, \u00e9s m\u00e1sodperceken bel\u00fcl leadhasd sportfogad\u00e1saidat.<\/a><\/p>\n<h2 style=\"text-align: justify;\"><span style=\"font-size: 12pt;\">Mi\u00e9rt olyan fontosak a p\u00f3ker b\u00f3nuszk\u00f3dok?<\/span><\/h2>\n<p style=\"text-align: justify;\">\u00c9s v\u00e9g\u00fcl, a legjobb p\u00f3ker b\u00f3nuszk\u00f3d haszn\u00e1lata nagyon fontos, nem csak a Bet365 sz\u00e1m\u00e1ra. Csak a leg\u00fajabb \u00e9s legjobb p\u00f3ker b\u00f3nuszk\u00f3dok, amelyeket oldalunkon tal\u00e1lsz, garant\u00e1lj\u00e1k, hogy val\u00f3ban a legmagasabb el\u00e9rhet\u0151 p\u00f3ker b\u00f3nuszt kapod a szob\u00e1dhoz! Folyamatosan friss\u00edtj\u00fck p\u00f3ker b\u00f3nuszk\u00f3djainkat \u00e9s teszteredm\u00e9nyeinket.<\/p>\n<h2 style=\"text-align: justify;\"><span style=\"font-size: 12pt;\">Mit tesztel\u00fcnk m\u00e9g?<\/span><\/h2>\n<p style=\"text-align: justify;\">\u00c1ttekint\u0151 cikkeinkben inform\u00e1ci\u00f3kat tal\u00e1lsz a p\u00f3ker weboldalak p\u00f3ker k\u00e9szp\u00e9nzes j\u00e1t\u00e9kair\u00f3l \u00e9s versenyv\u00e1ltozatoss\u00e1g\u00e1r\u00f3l, a mikro-, k\u00f6z\u00e9p- \u00e9s magas szint\u0171 k\u00e9szp\u00e9nzes j\u00e1t\u00e9kok el\u00e9rhet\u0151s\u00e9g\u00e9r\u0151l, a nagy, k\u00f6zepes \u00e9s kis versenyekr\u0151l, a heti f\u0151versenyr\u0151l, arr\u00f3l, hogy v\u00e1rhat\u00f3-e ott gyenge vagy kem\u00e9ny verseny, \u00e9s sok minden m\u00e1sr\u00f3l.<\/p>\n<p>Ugyanilyen fontos, hogy betekint\u00e9st nyerj a v\u00e1lasztott p\u00f3kerterem szoftver\u00e9be \u00e9s \u00fcgyf\u00e9lszolg\u00e1lat\u00e1ba. Mindezeket az inform\u00e1ci\u00f3kat itt tal\u00e1lod.<\/p>\n<p style=\"text-align: justify;\">\u00c9s v\u00e9g\u00fcl, de nem utols\u00f3sorban, tekintsd meg strat\u00e9giai sarokunkat. Rengeteg cikket tal\u00e1lsz itt az alapvet\u0151 \u00e9s halad\u00f3 Texas Holdem strat\u00e9gi\u00e1r\u00f3l, mind a No Limit, mind a Fixed Limit k\u00e9szp\u00e9nzes j\u00e1t\u00e9kokhoz, mind a No Limit versenyekhez.<\/p>\n<p style=\"text-align: justify;\">Ak\u00e1r k\u00f6rj\u00e1t\u00e9kos, ak\u00e1r versenyj\u00e1t\u00e9kos vagy, p\u00f3keriskol\u00e1nkban fejlesztheted p\u00f3kertud\u00e1sodat. Rendszeresen jelennek meg \u00faj cikkek a p\u00f3kerstrat\u00e9gi\u00e1r\u00f3l. Fontos, hogy naprak\u00e9szen tartsd p\u00f3kertud\u00e1sodat &#8211; sz\u00e1nj r\u00e1 id\u0151t, \u00e9s olvass a strat\u00e9gi\u00e1r\u00f3l, majd <strong>v\u00e1lassz egy \u00faj p\u00f3ker weboldalt online p\u00f3ker teszt\u00fcnkb\u0151l,<\/strong> szerezz egy friss b\u00f3nuszt, \u00e9s t\u00e9rj vissza az asztalokhoz, hogy alkalmazd az \u00fajonnan megszerzett k\u00e9szs\u00e9geidet!<\/p>\n","protected":false},"excerpt":{"rendered":"<p>Egy p\u00f3kerj\u00e1t\u00e9kos egyik legfontosabb d\u00f6nt\u00e9se, hogy melyik p\u00f3ker weboldalhoz regisztr\u00e1ljon. Miel\u0151tt p\u00e9nzt befizetne, elengedhetetlen egy online p\u00f3ker teszt elolvas\u00e1sa a<\/p>\n","protected":false},"author":1,"featured_media":0,"parent":0,"menu_order":1,"comment_status":"closed","ping_status":"closed","template":"","meta":{"footnotes":""},"class_list":["post-2892","page","type-page","status-publish","hentry","comments-off"],"yoast_head":"<!-- This site is optimized with the Yoast SEO plugin v25.7 - https:\/\/yoast.com\/wordpress\/plugins\/seo\/ -->\n<title>Online p\u00f3ker teszt | Teszteld a legjobb online p\u00f3ker weboldalakat<\/title>\n<meta name=\"robots\" content=\"index, follow, max-snippet:-1, max-image-preview:large, max-video-preview:-1\" \/>\n<link rel=\"canonical\" href=\"https:\/\/best-poker-bonuscode.com\/hu\/\" \/>\n<meta property=\"og:locale\" content=\"hu_HU\" \/>\n<meta property=\"og:type\" content=\"article\" \/>\n<meta property=\"og:title\" content=\"Online p\u00f3ker teszt | Teszteld a legjobb online p\u00f3ker weboldalakat\" \/>\n<meta property=\"og:description\" content=\"Egy p\u00f3kerj\u00e1t\u00e9kos egyik legfontosabb d\u00f6nt\u00e9se, hogy melyik p\u00f3ker weboldalhoz regisztr\u00e1ljon. Miel\u0151tt p\u00e9nzt befizetne, elengedhetetlen egy online p\u00f3ker teszt elolvas\u00e1sa a\" \/>\n<meta property=\"og:url\" content=\"https:\/\/best-poker-bonuscode.com\/hu\/\" \/>\n<meta property=\"og:site_name\" content=\"Best Poker Bonus Codes\" \/>\n<meta name=\"twitter:card\" content=\"summary_large_image\" \/>\n<meta name=\"twitter:label1\" content=\"Becs\u00fclt olvas\u00e1si id\u0151\" \/>\n\t<meta name=\"twitter:data1\" content=\"4 perc\" \/>\n<script type=\"application\/ld+json\" class=\"yoast-schema-graph\">{\"@context\":\"https:\/\/schema.org\",\"@graph\":[{\"@type\":\"WebPage\",\"@id\":\"https:\/\/best-poker-bonuscode.com\/hu\/\",\"url\":\"https:\/\/best-poker-bonuscode.com\/hu\/\",\"name\":\"Online p\u00f3ker teszt | Teszteld a legjobb online p\u00f3ker weboldalakat\",\"isPartOf\":{\"@id\":\"https:\/\/best-poker-bonuscode.com\/hu\/#website\"},\"datePublished\":\"2011-04-14T13:19:27+00:00\",\"breadcrumb\":{\"@id\":\"https:\/\/best-poker-bonuscode.com\/hu\/#breadcrumb\"},\"inLanguage\":\"hu\",\"potentialAction\":[{\"@type\":\"ReadAction\",\"target\":[\"https:\/\/best-poker-bonuscode.com\/hu\/\"]}]},{\"@type\":\"BreadcrumbList\",\"@id\":\"https:\/\/best-poker-bonuscode.com\/hu\/#breadcrumb\",\"itemListElement\":[{\"@type\":\"ListItem\",\"position\":1,\"name\":\"Home\",\"item\":\"https:\/\/best-poker-bonuscode.com\/hu\/\"},{\"@type\":\"ListItem\",\"position\":2,\"name\":\"Otthon\"}]},{\"@type\":\"WebSite\",\"@id\":\"https:\/\/best-poker-bonuscode.com\/hu\/#website\",\"url\":\"https:\/\/best-poker-bonuscode.com\/hu\/\",\"name\":\"Best Poker Bonus Codes\",\"description\":\"\",\"potentialAction\":[{\"@type\":\"SearchAction\",\"target\":{\"@type\":\"EntryPoint\",\"urlTemplate\":\"https:\/\/best-poker-bonuscode.com\/hu\/?s={search_term_string}\"},\"query-input\":{\"@type\":\"PropertyValueSpecification\",\"valueRequired\":true,\"valueName\":\"search_term_string\"}}],\"inLanguage\":\"hu\"}]}<\/script>\n<!-- \/ Yoast SEO plugin. -->","yoast_head_json":{"title":"Online p\u00f3ker teszt | Teszteld a legjobb online p\u00f3ker weboldalakat","robots":{"index":"index","follow":"follow","max-snippet":"max-snippet:-1","max-image-preview":"max-image-preview:large","max-video-preview":"max-video-preview:-1"},"canonical":"https:\/\/best-poker-bonuscode.com\/hu\/","og_locale":"hu_HU","og_type":"article","og_title":"Online p\u00f3ker teszt | Teszteld a legjobb online p\u00f3ker weboldalakat","og_description":"Egy p\u00f3kerj\u00e1t\u00e9kos egyik legfontosabb d\u00f6nt\u00e9se, hogy melyik p\u00f3ker weboldalhoz regisztr\u00e1ljon. Miel\u0151tt p\u00e9nzt befizetne, elengedhetetlen egy online p\u00f3ker teszt elolvas\u00e1sa a","og_url":"https:\/\/best-poker-bonuscode.com\/hu\/","og_site_name":"Best Poker Bonus Codes","twitter_card":"summary_large_image","twitter_misc":{"Becs\u00fclt olvas\u00e1si id\u0151":"4 perc"},"schema":{"@context":"https:\/\/schema.org","@graph":[{"@type":"WebPage","@id":"https:\/\/best-poker-bonuscode.com\/hu\/","url":"https:\/\/best-poker-bonuscode.com\/hu\/","name":"Online p\u00f3ker teszt | Teszteld a legjobb online p\u00f3ker weboldalakat","isPartOf":{"@id":"https:\/\/best-poker-bonuscode.com\/hu\/#website"},"datePublished":"2011-04-14T13:19:27+00:00","breadcrumb":{"@id":"https:\/\/best-poker-bonuscode.com\/hu\/#breadcrumb"},"inLanguage":"hu","potentialAction":[{"@type":"ReadAction","target":["https:\/\/best-poker-bonuscode.com\/hu\/"]}]},{"@type":"BreadcrumbList","@id":"https:\/\/best-poker-bonuscode.com\/hu\/#breadcrumb","itemListElement":[{"@type":"ListItem","position":1,"name":"Home","item":"https:\/\/best-poker-bonuscode.com\/hu\/"},{"@type":"ListItem","position":2,"name":"Otthon"}]},{"@type":"WebSite","@id":"https:\/\/best-poker-bonuscode.com\/hu\/#website","url":"https:\/\/best-poker-bonuscode.com\/hu\/","name":"Best Poker Bonus Codes","description":"","potentialAction":[{"@type":"SearchAction","target":{"@type":"EntryPoint","urlTemplate":"https:\/\/best-poker-bonuscode.com\/hu\/?s={search_term_string}"},"query-input":{"@type":"PropertyValueSpecification","valueRequired":true,"valueName":"search_term_string"}}],"inLanguage":"hu"}]}},"_links":{"self":[{"href":"https:\/\/best-poker-bonuscode.com\/hu\/wp-json\/wp\/v2\/pages\/2892","targetHints":{"allow":["GET"]}}],"collection":[{"href":"https:\/\/best-poker-bonuscode.com\/hu\/wp-json\/wp\/v2\/pages"}],"about":[{"href":"https:\/\/best-poker-bonuscode.com\/hu\/wp-json\/wp\/v2\/types\/page"}],"author":[{"embeddable":true,"href":"https:\/\/best-poker-bonuscode.com\/hu\/wp-json\/wp\/v2\/users\/1"}],"replies":[{"embeddable":true,"href":"https:\/\/best-poker-bonuscode.com\/hu\/wp-json\/wp\/v2\/comments?post=2892"}],"version-history":[{"count":0,"href":"https:\/\/best-poker-bonuscode.com\/hu\/wp-json\/wp\/v2\/pages\/2892\/revisions"}],"wp:attachment":[{"href":"https:\/\/best-poker-bonuscode.com\/hu\/wp-json\/wp\/v2\/media?parent=2892"}],"curies":[{"name":"wp","href":"https:\/\/api.w.org\/{rel}","templated":true}]}}