{"id":2884,"date":"2011-04-14T14:19:27","date_gmt":"2011-04-14T13:19:27","guid":{"rendered":"https:\/\/best-poker-bonuscode.com\/dom\/"},"modified":"2011-04-14T14:19:27","modified_gmt":"2011-04-14T13:19:27","slug":"dom","status":"publish","type":"page","link":"https:\/\/best-poker-bonuscode.com\/hr\/","title":{"rendered":"Dom"},"content":{"rendered":"<p style=\"text-align: justify;\">Odluka na koju \u0107e se poker web stranicu registrirati jedan je od najva\u017enijih izbora koje poker igra\u010d mora donijeti. <strong>Pro\u010ditajte online poker test o web stranici<\/strong> koju razmatrate prije nego \u0161to uplatite novac. Neke su web stranice bolje za po\u010detnike, neke za napredne igra\u010de. Testirali smo mnoge poker sobe za vas, a ova web stranica sadr\u017ei recenzije za svaku od njih, s korisnim informacijama o tome \u0161to \u0107ete tamo prona\u0107i.<\/p>\n<p style=\"text-align: justify;\">Mnogi igra\u010di odlu\u010duju jednostavno odabirom stranice s najve\u0107im bonusom. Ali problem je \u0161to najve\u0107i bonus mo\u017eda nije onaj koji je najbolji za vas. Na primjer, neki bonusi su namijenjeni igra\u010dima s visokim ulozima i igra\u010dima koji igraju za 8 stolova istovremeno, a mo\u017eda ne\u0107ete mo\u0107i iskoristiti te bonuse u potpunosti.<\/p>\n<p style=\"text-align: justify;\">\u010citaju\u0107i na\u0161e stranice za testiranje online pokera, ne samo da \u0107ete prona\u0107i informacije o softveru, natjecanju, rasporedu turnira i raznolikosti igara, ve\u0107 \u0107emo vam u na\u0161im testovima poker soba re\u0107i i je li bonus lako iskoristiti ili ne. Uzmite u obzir vlastiti stil igre kada donosite odluku.<\/p>\n<h2 style=\"text-align: justify;\"><span style=\"font-size: 12pt;\">Na\u0161 pobjednik testa online pokera<\/span><\/h2>\n<p style=\"text-align: justify;\">Svaki igra\u010d ima svoju omiljenu poker sobu &#8211; za nas je, nakon opse\u017enog testiranja, to<strong> Bet365 Poker. <\/strong><\/p>\n<p style=\"text-align: justify;\">Ali postoje mnoge druge dobre online poker sobe. Na\u0161 je cilj prona\u0107i i testirati najbolje online poker sobe te stalno navoditi najbolje i najnovije <strong>bonus kodove za poker<\/strong> i bonus ponude za sve poker web stranice. Pru\u017eamo vam sve relevantne informacije potrebne za dono\u0161enje ispravne odluke pri odabiru poker sobe za igranje.<\/p>\n<p style=\"text-align: justify;\">Iskoristite bonus na depozit koji nudi poker soba. Opet, to ne zna\u010di uvijek odabir najve\u0107eg bonusa &#8211; informirajte se i o uvjetima osloba\u0111anja. Nije svaki bonus pravi za svakog igra\u010da. Neke sobe \u010dak imaju i vlastiti sustav rakebacka za poker &#8211; bodovi za \u010deste igra\u010de mogu se osvojiti i unov\u010diti za gotovinu! Bet365 Poker je na\u0161a omiljena soba zbog \u010dinjenice da, prema na\u0161em testu, nudi i najbolji odjeljak za sportsko kla\u0111enje i najbolje kockarnice za pravi novac od svih poker soba. <a href=\"go\/Bet365.html\" target=\"_blank\" rel=\"noopener\">Da biste provjerili izvanrednu poker akciju na Bet365, kliknite ovdje da biste igrali poker i postavili svoje sportske oklade u roku od nekoliko sekundi.<\/a><\/p>\n<h2 style=\"text-align: justify;\"><span style=\"font-size: 12pt;\">Za\u0161to su bonus kodovi za poker toliko va\u017eni?<\/span><\/h2>\n<p style=\"text-align: justify;\">I na kraju, kori\u0161tenje najboljeg bonus koda za poker vrlo je va\u017eno, ne samo za Bet365. Samo najnoviji i najbolji bonus kodovi za poker koje prona\u0111ete na na\u0161oj stranici jam\u010de da \u0107ete zapravo dobiti najve\u0107i dostupni poker bonus za svoju sobu! Neprestano a\u017euriramo na\u0161e poker bonus kodove i rezultate testiranja.<\/p>\n<h2 style=\"text-align: justify;\"><span style=\"font-size: 12pt;\">\u0160to jo\u0161 testiramo?<\/span><\/h2>\n<p style=\"text-align: justify;\">U na\u0161im recenzijskim \u010dlancima prona\u0107i \u0107ete informacije o raznolikosti poker cash igara i turnira na poker web stranicama, dostupnosti mikro, srednje i visoke cash igara, velikih, srednjih i malih turnira, koji je glavni tjedni turnir, mo\u017eete li o\u010dekivati \u200b\u200bda \u0107e konkurencija tamo biti slaba ili jaka i jo\u0161 mnogo toga.<\/p>\n<p>Jednako je va\u017eno dobiti uvid u softver i korisni\u010dku podr\u0161ku poker sobe po va\u0161em izboru. Sve te informacije prona\u0107i \u0107ete ovdje.<\/p>\n<p style=\"text-align: justify;\">I na kraju, ali ne i najmanje va\u017eno, pogledajte na\u0161 strate\u0161ki kutak. Tamo \u0107ete prona\u0107i mnogo \u010dlanaka o osnovnoj i naprednoj strategiji Texas Holdema, kako za No Limit i Fixed Limit cash igre, tako i za No Limit turnire.<\/p>\n<p style=\"text-align: justify;\">Bez obzira jeste li igra\u010d cash igara ili turnira, mo\u017eete pobolj\u0161ati svoje poker vje\u0161tine uz na\u0161u \u0161kolu pokera. Redovito \u0107emo objavljivati \u200b\u200bnove \u010dlanke o poker strategiji. Va\u017eno je odr\u017eavati svoje poker vje\u0161tine o\u0161trima &#8211; odvojite vrijeme i pro\u010ditajte o strategiji, a zatim <strong>odaberite novu poker web stranicu s na\u0161eg online poker testa,<\/strong> osvojite novi bonus i vratite se za stolove kako biste primijenili nove vje\u0161tine koje ste upravo stekli!<\/p>\n","protected":false},"excerpt":{"rendered":"<p>Odluka na koju \u0107e se poker web stranicu registrirati jedan je od najva\u017enijih izbora koje poker igra\u010d mora donijeti. Pro\u010ditajte<\/p>\n","protected":false},"author":1,"featured_media":0,"parent":0,"menu_order":1,"comment_status":"closed","ping_status":"closed","template":"","meta":{"footnotes":""},"class_list":["post-2884","page","type-page","status-publish","hentry","comments-off"],"yoast_head":"<!-- This site is optimized with the Yoast SEO plugin v25.7 - https:\/\/yoast.com\/wordpress\/plugins\/seo\/ -->\n<title>Test online pokera | Testirajte najbolje web stranice za online poker<\/title>\n<meta name=\"robots\" content=\"index, follow, max-snippet:-1, max-image-preview:large, max-video-preview:-1\" \/>\n<link rel=\"canonical\" href=\"https:\/\/best-poker-bonuscode.com\/hr\/\" \/>\n<meta property=\"og:locale\" content=\"hr_HR\" \/>\n<meta property=\"og:type\" content=\"article\" \/>\n<meta property=\"og:title\" content=\"Test online pokera | Testirajte najbolje web stranice za online poker\" \/>\n<meta property=\"og:description\" content=\"Odluka na koju \u0107e se poker web stranicu registrirati jedan je od najva\u017enijih izbora koje poker igra\u010d mora donijeti. Pro\u010ditajte\" \/>\n<meta property=\"og:url\" content=\"https:\/\/best-poker-bonuscode.com\/hr\/\" \/>\n<meta property=\"og:site_name\" content=\"Best Poker Bonus Codes\" \/>\n<meta name=\"twitter:card\" content=\"summary_large_image\" \/>\n<meta name=\"twitter:label1\" content=\"Procijenjeno vrijeme \u010ditanja\" \/>\n\t<meta name=\"twitter:data1\" content=\"3 minute\" \/>\n<script type=\"application\/ld+json\" class=\"yoast-schema-graph\">{\"@context\":\"https:\/\/schema.org\",\"@graph\":[{\"@type\":\"WebPage\",\"@id\":\"https:\/\/best-poker-bonuscode.com\/hr\/\",\"url\":\"https:\/\/best-poker-bonuscode.com\/hr\/\",\"name\":\"Test online pokera | Testirajte najbolje web stranice za online poker\",\"isPartOf\":{\"@id\":\"https:\/\/best-poker-bonuscode.com\/hr\/#website\"},\"datePublished\":\"2011-04-14T13:19:27+00:00\",\"breadcrumb\":{\"@id\":\"https:\/\/best-poker-bonuscode.com\/hr\/#breadcrumb\"},\"inLanguage\":\"hr\",\"potentialAction\":[{\"@type\":\"ReadAction\",\"target\":[\"https:\/\/best-poker-bonuscode.com\/hr\/\"]}]},{\"@type\":\"BreadcrumbList\",\"@id\":\"https:\/\/best-poker-bonuscode.com\/hr\/#breadcrumb\",\"itemListElement\":[{\"@type\":\"ListItem\",\"position\":1,\"name\":\"Home\",\"item\":\"https:\/\/best-poker-bonuscode.com\/hr\/\"},{\"@type\":\"ListItem\",\"position\":2,\"name\":\"Dom\"}]},{\"@type\":\"WebSite\",\"@id\":\"https:\/\/best-poker-bonuscode.com\/hr\/#website\",\"url\":\"https:\/\/best-poker-bonuscode.com\/hr\/\",\"name\":\"Best Poker Bonus Codes\",\"description\":\"\",\"potentialAction\":[{\"@type\":\"SearchAction\",\"target\":{\"@type\":\"EntryPoint\",\"urlTemplate\":\"https:\/\/best-poker-bonuscode.com\/hr\/?s={search_term_string}\"},\"query-input\":{\"@type\":\"PropertyValueSpecification\",\"valueRequired\":true,\"valueName\":\"search_term_string\"}}],\"inLanguage\":\"hr\"}]}<\/script>\n<!-- \/ Yoast SEO plugin. -->","yoast_head_json":{"title":"Test online pokera | Testirajte najbolje web stranice za online poker","robots":{"index":"index","follow":"follow","max-snippet":"max-snippet:-1","max-image-preview":"max-image-preview:large","max-video-preview":"max-video-preview:-1"},"canonical":"https:\/\/best-poker-bonuscode.com\/hr\/","og_locale":"hr_HR","og_type":"article","og_title":"Test online pokera | Testirajte najbolje web stranice za online poker","og_description":"Odluka na koju \u0107e se poker web stranicu registrirati jedan je od najva\u017enijih izbora koje poker igra\u010d mora donijeti. Pro\u010ditajte","og_url":"https:\/\/best-poker-bonuscode.com\/hr\/","og_site_name":"Best Poker Bonus Codes","twitter_card":"summary_large_image","twitter_misc":{"Procijenjeno vrijeme \u010ditanja":"3 minute"},"schema":{"@context":"https:\/\/schema.org","@graph":[{"@type":"WebPage","@id":"https:\/\/best-poker-bonuscode.com\/hr\/","url":"https:\/\/best-poker-bonuscode.com\/hr\/","name":"Test online pokera | Testirajte najbolje web stranice za online poker","isPartOf":{"@id":"https:\/\/best-poker-bonuscode.com\/hr\/#website"},"datePublished":"2011-04-14T13:19:27+00:00","breadcrumb":{"@id":"https:\/\/best-poker-bonuscode.com\/hr\/#breadcrumb"},"inLanguage":"hr","potentialAction":[{"@type":"ReadAction","target":["https:\/\/best-poker-bonuscode.com\/hr\/"]}]},{"@type":"BreadcrumbList","@id":"https:\/\/best-poker-bonuscode.com\/hr\/#breadcrumb","itemListElement":[{"@type":"ListItem","position":1,"name":"Home","item":"https:\/\/best-poker-bonuscode.com\/hr\/"},{"@type":"ListItem","position":2,"name":"Dom"}]},{"@type":"WebSite","@id":"https:\/\/best-poker-bonuscode.com\/hr\/#website","url":"https:\/\/best-poker-bonuscode.com\/hr\/","name":"Best Poker Bonus Codes","description":"","potentialAction":[{"@type":"SearchAction","target":{"@type":"EntryPoint","urlTemplate":"https:\/\/best-poker-bonuscode.com\/hr\/?s={search_term_string}"},"query-input":{"@type":"PropertyValueSpecification","valueRequired":true,"valueName":"search_term_string"}}],"inLanguage":"hr"}]}},"_links":{"self":[{"href":"https:\/\/best-poker-bonuscode.com\/hr\/wp-json\/wp\/v2\/pages\/2884","targetHints":{"allow":["GET"]}}],"collection":[{"href":"https:\/\/best-poker-bonuscode.com\/hr\/wp-json\/wp\/v2\/pages"}],"about":[{"href":"https:\/\/best-poker-bonuscode.com\/hr\/wp-json\/wp\/v2\/types\/page"}],"author":[{"embeddable":true,"href":"https:\/\/best-poker-bonuscode.com\/hr\/wp-json\/wp\/v2\/users\/1"}],"replies":[{"embeddable":true,"href":"https:\/\/best-poker-bonuscode.com\/hr\/wp-json\/wp\/v2\/comments?post=2884"}],"version-history":[{"count":0,"href":"https:\/\/best-poker-bonuscode.com\/hr\/wp-json\/wp\/v2\/pages\/2884\/revisions"}],"wp:attachment":[{"href":"https:\/\/best-poker-bonuscode.com\/hr\/wp-json\/wp\/v2\/media?parent=2884"}],"curies":[{"name":"wp","href":"https:\/\/api.w.org\/{rel}","templated":true}]}}