{"id":2889,"date":"2011-04-14T14:19:27","date_gmt":"2011-04-14T13:19:27","guid":{"rendered":"https:\/\/best-poker-bonuscode.com\/maison\/"},"modified":"2011-04-14T14:19:27","modified_gmt":"2011-04-14T13:19:27","slug":"maison","status":"publish","type":"page","link":"https:\/\/best-poker-bonuscode.com\/fr\/","title":{"rendered":"Maison"},"content":{"rendered":"<p style=\"text-align: justify;\">Choisir un site de poker sur lequel s&rsquo;inscrire est l&rsquo;un des choix les plus importants pour un joueur. Il est imp\u00e9ratif de consulter un test de poker en ligne sur le site que vous envisagez avant de d\u00e9poser de l&rsquo;argent. Certains sites sont plus adapt\u00e9s aux d\u00e9butants, d&rsquo;autres aux joueurs confirm\u00e9s. Nous avons test\u00e9 de nombreuses salles de poker pour vous, et ce site web propose des \u00e9valuations de chacune d&rsquo;entre elles, avec des informations utiles sur ce que vous y trouverez.<\/p>\n<p style=\"text-align: justify;\">De nombreux joueurs choisissent simplement le site offrant le bonus le plus \u00e9lev\u00e9. Mais le probl\u00e8me est que le bonus le plus \u00e9lev\u00e9 n&rsquo;est peut-\u00eatre pas celui qui vous convient le mieux. Par exemple, certains bonus sont destin\u00e9s aux gros joueurs et aux joueurs jouant \u00e0 8 tables simultan\u00e9ment. Il est possible que vous ne puissiez pas les utiliser pleinement.<\/p>\n<p style=\"text-align: justify;\">En consultant nos pages de tests de poker en ligne, vous trouverez non seulement des informations sur le logiciel, la comp\u00e9tition, le calendrier des tournois et la vari\u00e9t\u00e9 des jeux, mais aussi, gr\u00e2ce \u00e0 nos tests de salles de poker, nous vous indiquerons si le bonus est facile \u00e0 utiliser. Tenez compte de votre style de jeu pour prendre votre d\u00e9cision.<\/p>\n<h2 style=\"text-align: justify;\"><span style=\"font-size: 12pt;\">Notre gagnant du test de poker en ligne<\/span><\/h2>\n<p style=\"text-align: justify;\">Chaque joueur a sa salle de poker pr\u00e9f\u00e9r\u00e9e\u00a0; pour nous, apr\u00e8s des tests approfondis, c&rsquo;est Bet365 Poker. <\/strong><\/p>\n<p style=\"text-align: justify;\">Mais il existe de nombreuses autres excellentes salles de poker en ligne. Notre objectif est de trouver et de tester les meilleures salles de poker en ligne et de r\u00e9pertorier en permanence les meilleurs codes bonus et offres de bonus les plus r\u00e9cents pour tous les sites de poker. Nous vous fournissons toutes les informations n\u00e9cessaires pour vous aider \u00e0 choisir la salle de poker qui vous convient.<\/p>\n<p style=\"text-align: justify;\">Profitez du bonus de d\u00e9p\u00f4t offert par la salle de poker. Cela ne signifie pas forc\u00e9ment choisir le bonus le plus \u00e9lev\u00e9\u00a0; renseignez-vous \u00e9galement sur les conditions de d\u00e9blocage. Tous les bonus ne conviennent pas \u00e0 tous les joueurs. Certaines salles ont m\u00eame leur propre syst\u00e8me de rakeback\u00a0: les points de fid\u00e9lit\u00e9 peuvent \u00eatre gagn\u00e9s et \u00e9chang\u00e9s contre de l&rsquo;argent\u00a0! Bet365 Poker est notre salle pr\u00e9f\u00e9r\u00e9e car, selon nos tests, elle propose \u00e9galement la meilleure section de paris sportifs et les meilleurs casinos en argent r\u00e9el de toutes les salles de poker. <a href=\"go\/Bet365.html\" target=\"_blank\" rel=\"noopener\">Pour d\u00e9couvrir l&rsquo;action poker exceptionnelle de Bet365, cliquez ici pour jouer au poker et placer vos paris sportifs en quelques secondes.<\/a><\/p>\n<h2 style=\"text-align: justify;\"><span style=\"font-size: 12pt;\">Pourquoi les codes bonus poker sont-ils si importants\u00a0?<\/span><\/h2>\n<p style=\"text-align: justify;\">Enfin, utiliser le meilleur code bonus poker est essentiel, et pas seulement pour Bet365. Seuls les codes bonus poker les plus r\u00e9cents et les plus performants que vous trouverez sur notre site vous garantiront le meilleur bonus poker disponible pour votre salle\u00a0! Nous mettons constamment \u00e0 jour nos codes bonus poker et les r\u00e9sultats de nos tests.<\/p>\n<h2 style=\"text-align: justify;\"><span style=\"font-size: 12pt;\">Que testons-nous d&rsquo;autre\u00a0?<\/span><\/h2>\n<p style=\"text-align: justify;\">Dans nos articles de test, vous trouverez des informations sur la diversit\u00e9 des cash games et des tournois propos\u00e9s par les sites de poker, la disponibilit\u00e9 des cash games de micro, moyen et haut niveau, les tournois de grande, moyenne et petite envergure, le tournoi principal hebdomadaire, le niveau de comp\u00e9tition, et bien plus encore.<\/p>\n<p>Il est tout aussi important de se renseigner sur le logiciel et le service client de la salle de poker de votre choix. Vous trouverez toutes ces informations ici.<\/p>\n<p style=\"text-align: justify;\">Et enfin, n&rsquo;h\u00e9sitez pas \u00e0 consulter notre coin strat\u00e9gie. Vous y trouverez de nombreux articles sur les strat\u00e9gies de base et avanc\u00e9es du Texas Hold&#8217;em, aussi bien pour les cash games No Limit et Fixed Limit que pour les tournois No Limit.<\/p>\n<p style=\"text-align: justify;\">Que vous soyez un joueur de ring game ou de tournoi, vous pouvez am\u00e9liorer vos comp\u00e9tences au poker gr\u00e2ce \u00e0 notre \u00e9cole de poker. De nouveaux articles sur la strat\u00e9gie du poker seront publi\u00e9s r\u00e9guli\u00e8rement. Il est important de maintenir vos comp\u00e9tences au niveau\u00a0: prenez le temps de vous renseigner sur la strat\u00e9gie, puis choisissez un nouveau site de poker gr\u00e2ce \u00e0 notre test de poker en ligne, obtenez un nouveau bonus et retournez aux tables pour mettre en pratique les nouvelles comp\u00e9tences que vous venez d&rsquo;acqu\u00e9rir\u00a0!<\/p>\n","protected":false},"excerpt":{"rendered":"<p>Choisir un site de poker sur lequel s&rsquo;inscrire est l&rsquo;un des choix les plus importants pour un joueur. Il est<\/p>\n","protected":false},"author":1,"featured_media":0,"parent":0,"menu_order":1,"comment_status":"closed","ping_status":"closed","template":"","meta":{"footnotes":""},"class_list":["post-2889","page","type-page","status-publish","hentry","comments-off"],"yoast_head":"<!-- This site is optimized with the Yoast SEO plugin v25.7 - https:\/\/yoast.com\/wordpress\/plugins\/seo\/ -->\n<title>Test de poker en ligne | Testez les meilleurs sites de poker en ligne<\/title>\n<meta name=\"robots\" content=\"index, follow, max-snippet:-1, max-image-preview:large, max-video-preview:-1\" \/>\n<link rel=\"canonical\" href=\"https:\/\/best-poker-bonuscode.com\/fr\/\" \/>\n<meta property=\"og:locale\" content=\"fr_FR\" \/>\n<meta property=\"og:type\" content=\"article\" \/>\n<meta property=\"og:title\" content=\"Test de poker en ligne | Testez les meilleurs sites de poker en ligne\" \/>\n<meta property=\"og:description\" content=\"Choisir un site de poker sur lequel s&rsquo;inscrire est l&rsquo;un des choix les plus importants pour un joueur. Il est\" \/>\n<meta property=\"og:url\" content=\"https:\/\/best-poker-bonuscode.com\/fr\/\" \/>\n<meta property=\"og:site_name\" content=\"Best Poker Bonus Codes\" \/>\n<meta name=\"twitter:card\" content=\"summary_large_image\" \/>\n<meta name=\"twitter:label1\" content=\"Dur\u00e9e de lecture estim\u00e9e\" \/>\n\t<meta name=\"twitter:data1\" content=\"4 minutes\" \/>\n<script type=\"application\/ld+json\" class=\"yoast-schema-graph\">{\"@context\":\"https:\/\/schema.org\",\"@graph\":[{\"@type\":\"WebPage\",\"@id\":\"https:\/\/best-poker-bonuscode.com\/fr\/\",\"url\":\"https:\/\/best-poker-bonuscode.com\/fr\/\",\"name\":\"Test de poker en ligne | Testez les meilleurs sites de poker en ligne\",\"isPartOf\":{\"@id\":\"https:\/\/best-poker-bonuscode.com\/fr\/#website\"},\"datePublished\":\"2011-04-14T13:19:27+00:00\",\"breadcrumb\":{\"@id\":\"https:\/\/best-poker-bonuscode.com\/fr\/#breadcrumb\"},\"inLanguage\":\"fr-FR\",\"potentialAction\":[{\"@type\":\"ReadAction\",\"target\":[\"https:\/\/best-poker-bonuscode.com\/fr\/\"]}]},{\"@type\":\"BreadcrumbList\",\"@id\":\"https:\/\/best-poker-bonuscode.com\/fr\/#breadcrumb\",\"itemListElement\":[{\"@type\":\"ListItem\",\"position\":1,\"name\":\"Home\",\"item\":\"https:\/\/best-poker-bonuscode.com\/fr\/\"},{\"@type\":\"ListItem\",\"position\":2,\"name\":\"Maison\"}]},{\"@type\":\"WebSite\",\"@id\":\"https:\/\/best-poker-bonuscode.com\/fr\/#website\",\"url\":\"https:\/\/best-poker-bonuscode.com\/fr\/\",\"name\":\"Best Poker Bonus Codes\",\"description\":\"\",\"potentialAction\":[{\"@type\":\"SearchAction\",\"target\":{\"@type\":\"EntryPoint\",\"urlTemplate\":\"https:\/\/best-poker-bonuscode.com\/fr\/?s={search_term_string}\"},\"query-input\":{\"@type\":\"PropertyValueSpecification\",\"valueRequired\":true,\"valueName\":\"search_term_string\"}}],\"inLanguage\":\"fr-FR\"}]}<\/script>\n<!-- \/ Yoast SEO plugin. -->","yoast_head_json":{"title":"Test de poker en ligne | Testez les meilleurs sites de poker en ligne","robots":{"index":"index","follow":"follow","max-snippet":"max-snippet:-1","max-image-preview":"max-image-preview:large","max-video-preview":"max-video-preview:-1"},"canonical":"https:\/\/best-poker-bonuscode.com\/fr\/","og_locale":"fr_FR","og_type":"article","og_title":"Test de poker en ligne | Testez les meilleurs sites de poker en ligne","og_description":"Choisir un site de poker sur lequel s&rsquo;inscrire est l&rsquo;un des choix les plus importants pour un joueur. Il est","og_url":"https:\/\/best-poker-bonuscode.com\/fr\/","og_site_name":"Best Poker Bonus Codes","twitter_card":"summary_large_image","twitter_misc":{"Dur\u00e9e de lecture estim\u00e9e":"4 minutes"},"schema":{"@context":"https:\/\/schema.org","@graph":[{"@type":"WebPage","@id":"https:\/\/best-poker-bonuscode.com\/fr\/","url":"https:\/\/best-poker-bonuscode.com\/fr\/","name":"Test de poker en ligne | Testez les meilleurs sites de poker en ligne","isPartOf":{"@id":"https:\/\/best-poker-bonuscode.com\/fr\/#website"},"datePublished":"2011-04-14T13:19:27+00:00","breadcrumb":{"@id":"https:\/\/best-poker-bonuscode.com\/fr\/#breadcrumb"},"inLanguage":"fr-FR","potentialAction":[{"@type":"ReadAction","target":["https:\/\/best-poker-bonuscode.com\/fr\/"]}]},{"@type":"BreadcrumbList","@id":"https:\/\/best-poker-bonuscode.com\/fr\/#breadcrumb","itemListElement":[{"@type":"ListItem","position":1,"name":"Home","item":"https:\/\/best-poker-bonuscode.com\/fr\/"},{"@type":"ListItem","position":2,"name":"Maison"}]},{"@type":"WebSite","@id":"https:\/\/best-poker-bonuscode.com\/fr\/#website","url":"https:\/\/best-poker-bonuscode.com\/fr\/","name":"Best Poker Bonus Codes","description":"","potentialAction":[{"@type":"SearchAction","target":{"@type":"EntryPoint","urlTemplate":"https:\/\/best-poker-bonuscode.com\/fr\/?s={search_term_string}"},"query-input":{"@type":"PropertyValueSpecification","valueRequired":true,"valueName":"search_term_string"}}],"inLanguage":"fr-FR"}]}},"_links":{"self":[{"href":"https:\/\/best-poker-bonuscode.com\/fr\/wp-json\/wp\/v2\/pages\/2889","targetHints":{"allow":["GET"]}}],"collection":[{"href":"https:\/\/best-poker-bonuscode.com\/fr\/wp-json\/wp\/v2\/pages"}],"about":[{"href":"https:\/\/best-poker-bonuscode.com\/fr\/wp-json\/wp\/v2\/types\/page"}],"author":[{"embeddable":true,"href":"https:\/\/best-poker-bonuscode.com\/fr\/wp-json\/wp\/v2\/users\/1"}],"replies":[{"embeddable":true,"href":"https:\/\/best-poker-bonuscode.com\/fr\/wp-json\/wp\/v2\/comments?post=2889"}],"version-history":[{"count":0,"href":"https:\/\/best-poker-bonuscode.com\/fr\/wp-json\/wp\/v2\/pages\/2889\/revisions"}],"wp:attachment":[{"href":"https:\/\/best-poker-bonuscode.com\/fr\/wp-json\/wp\/v2\/media?parent=2889"}],"curies":[{"name":"wp","href":"https:\/\/api.w.org\/{rel}","templated":true}]}}