{"id":2887,"date":"2011-04-14T14:19:27","date_gmt":"2011-04-14T13:19:27","guid":{"rendered":"https:\/\/best-poker-bonuscode.com\/avaleht\/"},"modified":"2011-04-14T14:19:27","modified_gmt":"2011-04-14T13:19:27","slug":"avaleht","status":"publish","type":"page","link":"https:\/\/best-poker-bonuscode.com\/et\/","title":{"rendered":"Avaleht"},"content":{"rendered":"<p style=\"text-align: justify;\">Pokkeri veebisaidi valimine on \u00fcks olulisemaid valikuid, mida pokkerim\u00e4ngija peab tegema. <strong>Enne raha sissemakse tegemist on h\u00e4davajalik lugeda veebisaidi kohta online-pokkeri testi<\/strong>, mida kaalute. M\u00f5ned veebisaidid sobivad paremini algajatele, m\u00f5ned edasij\u00f5udnutele m\u00e4ngijatele. Oleme teie jaoks testinud paljusid pokkeriruume ja see veebisait sisaldab iga\u00fche kohta arvustusi koos kasuliku teabega selle kohta, mida sealt leiate.<\/p>\n<p style=\"text-align: justify;\">Paljud m\u00e4ngijad otsustavad lihtsalt saidi valides, millel on k\u00f5rgeim boonus. Probleem on aga selles, et k\u00f5rgeim boonus ei pruugi olla teie jaoks parim. N\u00e4iteks on m\u00f5ned boonused m\u00f5eldud suurtele panustajatele ja m\u00e4ngijatele, kes m\u00e4ngivad korraga 8 laua taga, ning teil ei pruugi olla v\u00f5imalik neid boonuseid vabastada ja neist t\u00e4it kasu saada.<\/p>\n<p style=\"text-align: justify;\">Meie online-pokkeri testlehti lugedes leiate teavet mitte ainult tarkvara, v\u00f5istluste, turniiride ajakava ja m\u00e4ngude valiku kohta, vaid meie pokkeritubade testides n\u00e4itame teile ka seda, kas boonust on lihtne vabastada v\u00f5i mitte. Otsustamisel arvestage oma m\u00e4ngustiiliga.<\/p>\n<h2 style=\"text-align: justify;\"><span style=\"font-size: 12pt;\">Meie online-pokkeri testi v\u00f5itja<\/span><\/h2>\n<p style=\"text-align: justify;\">Igal m\u00e4ngijal on lemmikpokkerituba \u2013 meie jaoks on see p\u00e4rast p\u00f5hjalikku testimist<strong>Bet365 Poker. <\/strong><\/p>\n<p style=\"text-align: justify;\">Kuid on ka palju teisi h\u00e4id online-pokkeritubasid. Meie eesm\u00e4rk on leida ja testida parimaid online-pokkeriruume ning pidevalt loetleda parimaid ja uusimaid <strong>pokkeri boonuskoode<\/strong> ja boonuspakkumisi k\u00f5igile pokkeri veebisaitidele. Pakume teile kogu asjakohast teavet, mida vajate \u00f5ige otsuse tegemiseks pokkeritoa valimisel, kus m\u00e4ngida.<\/p>\n<p style=\"text-align: justify;\">Kasutage \u00e4ra pokkeritoa pakutavat sissemakseboonust. J\u00e4llegi, see ei t\u00e4henda alati suurima boonuse valimist \u2013 uurige ka v\u00e4ljalasketingimusi. Mitte iga boonus ei sobi igale m\u00e4ngijale. M\u00f5nel toal on isegi oma pokkeri rakeback-s\u00fcsteem \u2013 sagedase m\u00e4ngija punkte saab v\u00f5ita ja rahaks vahetada! Bet365 Poker on meie lemmikruum, kuna meie testi kohaselt pakub see ka parimat spordiennustuse sektsiooni ja parimaid p\u00e4risraha kasiinosid k\u00f5igist pokkeritubadest. <a href=\"go\/Bet365.html\" target=\"_blank\" rel=\"noopener\">Bet365 erakordse pokkerim\u00e4ngu n\u00e4gemiseks kl\u00f5psake siin, et pokkerit m\u00e4ngida ja oma spordipanused sekunditega teha.<\/a><\/p>\n<h2 style=\"text-align: justify;\"><span style=\"font-size: 12pt;\">Miks on pokkeri boonuskoodid nii olulised?<\/span><\/h2>\n<p style=\"text-align: justify;\">Ja l\u00f5puks, parima pokkeri boonuskoodi kasutamine on v\u00e4ga oluline, mitte ainult Bet365 jaoks. Ainult meie saidilt leitavad uusimad ja parimad pokkeri boonuskoodid tagavad, et saate oma toas tegelikult parima saadaoleva pokkeri boonuse! Uuendame pidevalt oma pokkeri boonuskoode ja testi tulemusi.<\/p>\n<h2 style=\"text-align: justify;\"><span style=\"font-size: 12pt;\">Mida me veel testime?<\/span><\/h2>\n<p style=\"text-align: justify;\">Meie arvustusartiklitest leiate teavet pokkeriveebisaitide pokkeri raham\u00e4ngude ja turniiride valiku, mikro-, kesk- ja k\u00f5rgetasemeliste raham\u00e4ngude, suurte, keskmiste ja v\u00e4ikeste turniiride, igan\u00e4dalase p\u00f5hiturniiri s\u00fcndmuse, selle kohta, kas seal v\u00f5ib oodata n\u00f5rka v\u00f5i tugevat konkurentsi ja palju muud.<\/p>\n<p>Sama oluline on saada \u00fclevaade valitud pokkeritoa tarkvarast ja klienditoest. Kogu selle teabe leiate siit.<\/p>\n<p style=\"text-align: justify;\">Ja viimaseks, aga mitte v\u00e4hem t\u00e4htsaks, vaadake meie strateegianurka. Sealt leiad palju artikleid Texas Holdemi p\u00f5hi- ja edasij\u00f5udnute strateegia kohta, nii No Limit kui ka Fixed Limit raham\u00e4ngude ja No Limit turniiride jaoks.<\/p>\n<p style=\"text-align: justify;\">Oled sa siis raham\u00e4ngude v\u00f5i turniiride m\u00e4ngija, saad oma pokkerioskusi meie pokkerikoolis parandada. Uusi pokkeristrateegia artikleid avaldatakse regulaarselt. Oma pokkerioskuste teravana hoidmine on oluline \u2013 v\u00f5ta aega ja loe strateegia kohta, seej\u00e4rel <strong>vali meie online-pokkeri testist uus pokkeri veebisait,<\/strong> saa uus boonus ja mine tagasi laudadesse, et rakendada \u00e4sja omandatud uusi oskusi!<\/p>\n","protected":false},"excerpt":{"rendered":"<p>Pokkeri veebisaidi valimine on \u00fcks olulisemaid valikuid, mida pokkerim\u00e4ngija peab tegema. Enne raha sissemakse tegemist on h\u00e4davajalik lugeda veebisaidi kohta<\/p>\n","protected":false},"author":1,"featured_media":0,"parent":0,"menu_order":1,"comment_status":"closed","ping_status":"closed","template":"","meta":{"footnotes":""},"class_list":["post-2887","page","type-page","status-publish","hentry","comments-off"],"yoast_head":"<!-- This site is optimized with the Yoast SEO plugin v25.7 - https:\/\/yoast.com\/wordpress\/plugins\/seo\/ -->\n<title>Online pokkeri test | Testi parimaid online pokkeri veebisaite<\/title>\n<meta name=\"robots\" content=\"index, follow, max-snippet:-1, max-image-preview:large, max-video-preview:-1\" \/>\n<link rel=\"canonical\" href=\"https:\/\/best-poker-bonuscode.com\/et\/\" \/>\n<meta property=\"og:locale\" content=\"et_EE\" \/>\n<meta property=\"og:type\" content=\"article\" \/>\n<meta property=\"og:title\" content=\"Online pokkeri test | Testi parimaid online pokkeri veebisaite\" \/>\n<meta property=\"og:description\" content=\"Pokkeri veebisaidi valimine on \u00fcks olulisemaid valikuid, mida pokkerim\u00e4ngija peab tegema. Enne raha sissemakse tegemist on h\u00e4davajalik lugeda veebisaidi kohta\" \/>\n<meta property=\"og:url\" content=\"https:\/\/best-poker-bonuscode.com\/et\/\" \/>\n<meta property=\"og:site_name\" content=\"Best Poker Bonus Codes\" \/>\n<meta name=\"twitter:card\" content=\"summary_large_image\" \/>\n<meta name=\"twitter:label1\" content=\"Est. reading time\" \/>\n\t<meta name=\"twitter:data1\" content=\"3 minutit\" \/>\n<script type=\"application\/ld+json\" class=\"yoast-schema-graph\">{\"@context\":\"https:\/\/schema.org\",\"@graph\":[{\"@type\":\"WebPage\",\"@id\":\"https:\/\/best-poker-bonuscode.com\/et\/\",\"url\":\"https:\/\/best-poker-bonuscode.com\/et\/\",\"name\":\"Online pokkeri test | Testi parimaid online pokkeri veebisaite\",\"isPartOf\":{\"@id\":\"https:\/\/best-poker-bonuscode.com\/et\/#website\"},\"datePublished\":\"2011-04-14T13:19:27+00:00\",\"breadcrumb\":{\"@id\":\"https:\/\/best-poker-bonuscode.com\/et\/#breadcrumb\"},\"inLanguage\":\"et\",\"potentialAction\":[{\"@type\":\"ReadAction\",\"target\":[\"https:\/\/best-poker-bonuscode.com\/et\/\"]}]},{\"@type\":\"BreadcrumbList\",\"@id\":\"https:\/\/best-poker-bonuscode.com\/et\/#breadcrumb\",\"itemListElement\":[{\"@type\":\"ListItem\",\"position\":1,\"name\":\"Home\",\"item\":\"https:\/\/best-poker-bonuscode.com\/et\/\"},{\"@type\":\"ListItem\",\"position\":2,\"name\":\"Avaleht\"}]},{\"@type\":\"WebSite\",\"@id\":\"https:\/\/best-poker-bonuscode.com\/et\/#website\",\"url\":\"https:\/\/best-poker-bonuscode.com\/et\/\",\"name\":\"Best Poker Bonus Codes\",\"description\":\"\",\"potentialAction\":[{\"@type\":\"SearchAction\",\"target\":{\"@type\":\"EntryPoint\",\"urlTemplate\":\"https:\/\/best-poker-bonuscode.com\/et\/?s={search_term_string}\"},\"query-input\":{\"@type\":\"PropertyValueSpecification\",\"valueRequired\":true,\"valueName\":\"search_term_string\"}}],\"inLanguage\":\"et\"}]}<\/script>\n<!-- \/ Yoast SEO plugin. -->","yoast_head_json":{"title":"Online pokkeri test | Testi parimaid online pokkeri veebisaite","robots":{"index":"index","follow":"follow","max-snippet":"max-snippet:-1","max-image-preview":"max-image-preview:large","max-video-preview":"max-video-preview:-1"},"canonical":"https:\/\/best-poker-bonuscode.com\/et\/","og_locale":"et_EE","og_type":"article","og_title":"Online pokkeri test | Testi parimaid online pokkeri veebisaite","og_description":"Pokkeri veebisaidi valimine on \u00fcks olulisemaid valikuid, mida pokkerim\u00e4ngija peab tegema. Enne raha sissemakse tegemist on h\u00e4davajalik lugeda veebisaidi kohta","og_url":"https:\/\/best-poker-bonuscode.com\/et\/","og_site_name":"Best Poker Bonus Codes","twitter_card":"summary_large_image","twitter_misc":{"Est. reading time":"3 minutit"},"schema":{"@context":"https:\/\/schema.org","@graph":[{"@type":"WebPage","@id":"https:\/\/best-poker-bonuscode.com\/et\/","url":"https:\/\/best-poker-bonuscode.com\/et\/","name":"Online pokkeri test | Testi parimaid online pokkeri veebisaite","isPartOf":{"@id":"https:\/\/best-poker-bonuscode.com\/et\/#website"},"datePublished":"2011-04-14T13:19:27+00:00","breadcrumb":{"@id":"https:\/\/best-poker-bonuscode.com\/et\/#breadcrumb"},"inLanguage":"et","potentialAction":[{"@type":"ReadAction","target":["https:\/\/best-poker-bonuscode.com\/et\/"]}]},{"@type":"BreadcrumbList","@id":"https:\/\/best-poker-bonuscode.com\/et\/#breadcrumb","itemListElement":[{"@type":"ListItem","position":1,"name":"Home","item":"https:\/\/best-poker-bonuscode.com\/et\/"},{"@type":"ListItem","position":2,"name":"Avaleht"}]},{"@type":"WebSite","@id":"https:\/\/best-poker-bonuscode.com\/et\/#website","url":"https:\/\/best-poker-bonuscode.com\/et\/","name":"Best Poker Bonus Codes","description":"","potentialAction":[{"@type":"SearchAction","target":{"@type":"EntryPoint","urlTemplate":"https:\/\/best-poker-bonuscode.com\/et\/?s={search_term_string}"},"query-input":{"@type":"PropertyValueSpecification","valueRequired":true,"valueName":"search_term_string"}}],"inLanguage":"et"}]}},"_links":{"self":[{"href":"https:\/\/best-poker-bonuscode.com\/et\/wp-json\/wp\/v2\/pages\/2887","targetHints":{"allow":["GET"]}}],"collection":[{"href":"https:\/\/best-poker-bonuscode.com\/et\/wp-json\/wp\/v2\/pages"}],"about":[{"href":"https:\/\/best-poker-bonuscode.com\/et\/wp-json\/wp\/v2\/types\/page"}],"author":[{"embeddable":true,"href":"https:\/\/best-poker-bonuscode.com\/et\/wp-json\/wp\/v2\/users\/1"}],"replies":[{"embeddable":true,"href":"https:\/\/best-poker-bonuscode.com\/et\/wp-json\/wp\/v2\/comments?post=2887"}],"version-history":[{"count":0,"href":"https:\/\/best-poker-bonuscode.com\/et\/wp-json\/wp\/v2\/pages\/2887\/revisions"}],"wp:attachment":[{"href":"https:\/\/best-poker-bonuscode.com\/et\/wp-json\/wp\/v2\/media?parent=2887"}],"curies":[{"name":"wp","href":"https:\/\/api.w.org\/{rel}","templated":true}]}}