{"id":2906,"date":"2011-04-14T14:19:27","date_gmt":"2011-04-14T13:19:27","guid":{"rendered":"https:\/\/best-poker-bonuscode.com\/hogar\/"},"modified":"2011-04-14T14:19:27","modified_gmt":"2011-04-14T13:19:27","slug":"hogar","status":"publish","type":"page","link":"https:\/\/best-poker-bonuscode.com\/es\/","title":{"rendered":"Hogar"},"content":{"rendered":"<p style=\"text-align: justify;\">Decidir en qu\u00e9 sitio web de p\u00f3ker registrarse es una de las decisiones m\u00e1s importantes que debe tomar un jugador. Es fundamental leer un an\u00e1lisis de p\u00f3ker en l\u00ednea sobre el sitio web que est\u00e9 considerando antes de depositar dinero. Algunos sitios web son mejores para principiantes, otros para jugadores avanzados. Hemos probado muchas salas de p\u00f3ker para usted, y este sitio web contiene rese\u00f1as de cada una de ellas, con informaci\u00f3n \u00fatil sobre lo que encontrar\u00e1 all\u00ed.<\/p>\n<p style=\"text-align: justify;\">Muchos jugadores se deciden simplemente por el sitio con el bono m\u00e1s alto. Pero el problema es que el bono m\u00e1s alto puede no ser el mejor para usted. Por ejemplo, algunos bonos est\u00e1n dise\u00f1ados para grandes apostadores y jugadores que juegan en 8 mesas simult\u00e1neamente, y es posible que no puedas liberarlos y aprovecharlos al m\u00e1ximo.<\/p>\n<p style=\"text-align: justify;\">Al leer nuestras p\u00e1ginas de prueba de p\u00f3ker en l\u00ednea, no solo encontrar\u00e1s informaci\u00f3n sobre el software, la competencia, el calendario de torneos y la variedad de juegos, sino que en nuestras pruebas de salas de p\u00f3ker, tambi\u00e9n te diremos si el bono es f\u00e1cil de liberar o no. Ten en cuenta tu propio estilo de juego al decidir.<\/p>\n<h2 style=\"text-align: justify;\"><span style=\"font-size: 12pt;\">Nuestro ganador de la prueba de p\u00f3ker en l\u00ednea<\/span><\/h2>\n<p style=\"text-align: justify;\">Cada jugador tiene su sala de p\u00f3ker favorita; para nosotros, despu\u00e9s de exhaustivas pruebas, es <strong> Bet365 Poker. <\/strong><\/p>\n<p style=\"text-align: justify;\">Pero existen muchas otras buenas salas de p\u00f3ker en l\u00ednea. Nuestro objetivo es encontrar y probar las mejores salas de p\u00f3ker en l\u00ednea y publicar constantemente los mejores y m\u00e1s recientes <strong>c\u00f3digos de bono de p\u00f3ker<\/strong> y ofertas de bonos para todos los sitios web de p\u00f3ker. Te proporcionamos toda la informaci\u00f3n relevante que necesitas para tomar la decisi\u00f3n correcta al elegir una sala de p\u00f3ker para jugar.<\/p>\n<p style=\"text-align: justify;\">Aprovecha el bono de dep\u00f3sito que ofrece la sala de p\u00f3ker. Recuerda, esto no siempre significa elegir el bono m\u00e1s alto; inf\u00f3rmate tambi\u00e9n sobre los requisitos de liberaci\u00f3n. No todos los bonos son adecuados para todos los jugadores. Algunas salas incluso tienen su propio sistema de rakeback de p\u00f3ker: \u00a1puedes ganar puntos de jugador frecuente y canjearlos por dinero real! Bet365 Poker es nuestra sala favorita porque, seg\u00fan nuestra prueba, tambi\u00e9n ofrece la mejor secci\u00f3n de apuestas deportivas y los mejores casinos con dinero real de todas las salas de p\u00f3ker. <a href=\"go\/Bet365.html\" target=\"_blank\" rel=\"noopener\">Para disfrutar de la extraordinaria acci\u00f3n de p\u00f3ker en Bet365, haz clic aqu\u00ed para jugar al p\u00f3ker y realizar tus apuestas deportivas en segundos.<\/a><\/p>\n<h2 style=\"text-align: justify;\"><span style=\"font-size: 12pt;\">\u00bfPor qu\u00e9 son tan importantes los c\u00f3digos de bono de p\u00f3ker?<\/span><\/h2>\n<p style=\"text-align: justify;\">Y, por \u00faltimo, usar el mejor c\u00f3digo de bono de p\u00f3ker es fundamental, no solo para Bet365. \u00a1Solo los mejores y m\u00e1s recientes c\u00f3digos de bono de p\u00f3ker que encuentres en nuestro sitio te garantizar\u00e1n el mayor bono de p\u00f3ker disponible para tu sala! Actualizamos constantemente nuestros c\u00f3digos de bono de p\u00f3ker y los resultados de las pruebas.<\/p>\n<h2 style=\"text-align: justify;\"><span style=\"font-size: 12pt;\">\u00bfQu\u00e9 m\u00e1s probamos?<\/span><\/h2>\n<p style=\"text-align: justify;\">En nuestros art\u00edculos de an\u00e1lisis, encontrar\u00e1s informaci\u00f3n sobre la variedad de partidas de p\u00f3ker y torneos de los sitios web, la disponibilidad de partidas de p\u00f3ker de nivel micro, medio y alto, torneos grandes, medianos y peque\u00f1os, cu\u00e1l es el evento principal del torneo semanal, si la competencia ser\u00e1 suave o dura, y mucho m\u00e1s.<\/p>\n<p>Conocer el software y la atenci\u00f3n al cliente de la sala de p\u00f3ker que elijas es igualmente importante. Encontrar\u00e1s toda esta informaci\u00f3n aqu\u00ed.<\/p>\n<p style=\"text-align: justify;\">Y por \u00faltimo, pero no menos importante, echa un vistazo a nuestra secci\u00f3n de estrategia. Encontrar\u00e1s muchos art\u00edculos sobre estrategia b\u00e1sica y avanzada de Texas Hold&#8217;em, tanto para partidas de dinero real sin l\u00edmite y con l\u00edmite fijo como para torneos sin l\u00edmite.<\/p>\n<p style=\"text-align: justify;\">Tanto si juegas partidas regulares como en torneos, puedes mejorar tus habilidades de p\u00f3ker con nuestra escuela. Publicaremos nuevos art\u00edculos sobre estrategia de p\u00f3ker regularmente. Mantener tus habilidades de p\u00f3ker al d\u00eda es importante: t\u00f3mate tu tiempo y lee sobre estrategia, luego elige un nuevo sitio web de p\u00f3ker en nuestro test de p\u00f3ker en l\u00ednea, obt\u00e9n un nuevo bono y vuelve a las mesas para aplicar las nuevas habilidades que acabas de adquirir.<\/p>\n","protected":false},"excerpt":{"rendered":"<p>Decidir en qu\u00e9 sitio web de p\u00f3ker registrarse es una de las decisiones m\u00e1s importantes que debe tomar un jugador.<\/p>\n","protected":false},"author":1,"featured_media":0,"parent":0,"menu_order":1,"comment_status":"closed","ping_status":"closed","template":"","meta":{"footnotes":""},"class_list":["post-2906","page","type-page","status-publish","hentry","comments-off"],"yoast_head":"<!-- This site is optimized with the Yoast SEO plugin v25.7 - https:\/\/yoast.com\/wordpress\/plugins\/seo\/ -->\n<title>Prueba de p\u00f3ker en l\u00ednea | Prueba los mejores sitios web de p\u00f3ker en l\u00ednea<\/title>\n<meta name=\"robots\" content=\"index, follow, max-snippet:-1, max-image-preview:large, max-video-preview:-1\" \/>\n<link rel=\"canonical\" href=\"https:\/\/best-poker-bonuscode.com\/es\/\" \/>\n<meta property=\"og:locale\" content=\"es_ES\" \/>\n<meta property=\"og:type\" content=\"article\" \/>\n<meta property=\"og:title\" content=\"Prueba de p\u00f3ker en l\u00ednea | Prueba los mejores sitios web de p\u00f3ker en l\u00ednea\" \/>\n<meta property=\"og:description\" content=\"Decidir en qu\u00e9 sitio web de p\u00f3ker registrarse es una de las decisiones m\u00e1s importantes que debe tomar un jugador.\" \/>\n<meta property=\"og:url\" content=\"https:\/\/best-poker-bonuscode.com\/es\/\" \/>\n<meta property=\"og:site_name\" content=\"Best Poker Bonus Codes\" \/>\n<meta name=\"twitter:card\" content=\"summary_large_image\" \/>\n<meta name=\"twitter:label1\" content=\"Tiempo de lectura\" \/>\n\t<meta name=\"twitter:data1\" content=\"4 minutos\" \/>\n<script type=\"application\/ld+json\" class=\"yoast-schema-graph\">{\"@context\":\"https:\/\/schema.org\",\"@graph\":[{\"@type\":\"WebPage\",\"@id\":\"https:\/\/best-poker-bonuscode.com\/es\/\",\"url\":\"https:\/\/best-poker-bonuscode.com\/es\/\",\"name\":\"Prueba de p\u00f3ker en l\u00ednea | Prueba los mejores sitios web de p\u00f3ker en l\u00ednea\",\"isPartOf\":{\"@id\":\"https:\/\/best-poker-bonuscode.com\/es\/#website\"},\"datePublished\":\"2011-04-14T13:19:27+00:00\",\"breadcrumb\":{\"@id\":\"https:\/\/best-poker-bonuscode.com\/es\/#breadcrumb\"},\"inLanguage\":\"es\",\"potentialAction\":[{\"@type\":\"ReadAction\",\"target\":[\"https:\/\/best-poker-bonuscode.com\/es\/\"]}]},{\"@type\":\"BreadcrumbList\",\"@id\":\"https:\/\/best-poker-bonuscode.com\/es\/#breadcrumb\",\"itemListElement\":[{\"@type\":\"ListItem\",\"position\":1,\"name\":\"Home\",\"item\":\"https:\/\/best-poker-bonuscode.com\/es\/\"},{\"@type\":\"ListItem\",\"position\":2,\"name\":\"Hogar\"}]},{\"@type\":\"WebSite\",\"@id\":\"https:\/\/best-poker-bonuscode.com\/es\/#website\",\"url\":\"https:\/\/best-poker-bonuscode.com\/es\/\",\"name\":\"Best Poker Bonus Codes\",\"description\":\"\",\"potentialAction\":[{\"@type\":\"SearchAction\",\"target\":{\"@type\":\"EntryPoint\",\"urlTemplate\":\"https:\/\/best-poker-bonuscode.com\/es\/?s={search_term_string}\"},\"query-input\":{\"@type\":\"PropertyValueSpecification\",\"valueRequired\":true,\"valueName\":\"search_term_string\"}}],\"inLanguage\":\"es\"}]}<\/script>\n<!-- \/ Yoast SEO plugin. -->","yoast_head_json":{"title":"Prueba de p\u00f3ker en l\u00ednea | Prueba los mejores sitios web de p\u00f3ker en l\u00ednea","robots":{"index":"index","follow":"follow","max-snippet":"max-snippet:-1","max-image-preview":"max-image-preview:large","max-video-preview":"max-video-preview:-1"},"canonical":"https:\/\/best-poker-bonuscode.com\/es\/","og_locale":"es_ES","og_type":"article","og_title":"Prueba de p\u00f3ker en l\u00ednea | Prueba los mejores sitios web de p\u00f3ker en l\u00ednea","og_description":"Decidir en qu\u00e9 sitio web de p\u00f3ker registrarse es una de las decisiones m\u00e1s importantes que debe tomar un jugador.","og_url":"https:\/\/best-poker-bonuscode.com\/es\/","og_site_name":"Best Poker Bonus Codes","twitter_card":"summary_large_image","twitter_misc":{"Tiempo de lectura":"4 minutos"},"schema":{"@context":"https:\/\/schema.org","@graph":[{"@type":"WebPage","@id":"https:\/\/best-poker-bonuscode.com\/es\/","url":"https:\/\/best-poker-bonuscode.com\/es\/","name":"Prueba de p\u00f3ker en l\u00ednea | Prueba los mejores sitios web de p\u00f3ker en l\u00ednea","isPartOf":{"@id":"https:\/\/best-poker-bonuscode.com\/es\/#website"},"datePublished":"2011-04-14T13:19:27+00:00","breadcrumb":{"@id":"https:\/\/best-poker-bonuscode.com\/es\/#breadcrumb"},"inLanguage":"es","potentialAction":[{"@type":"ReadAction","target":["https:\/\/best-poker-bonuscode.com\/es\/"]}]},{"@type":"BreadcrumbList","@id":"https:\/\/best-poker-bonuscode.com\/es\/#breadcrumb","itemListElement":[{"@type":"ListItem","position":1,"name":"Home","item":"https:\/\/best-poker-bonuscode.com\/es\/"},{"@type":"ListItem","position":2,"name":"Hogar"}]},{"@type":"WebSite","@id":"https:\/\/best-poker-bonuscode.com\/es\/#website","url":"https:\/\/best-poker-bonuscode.com\/es\/","name":"Best Poker Bonus Codes","description":"","potentialAction":[{"@type":"SearchAction","target":{"@type":"EntryPoint","urlTemplate":"https:\/\/best-poker-bonuscode.com\/es\/?s={search_term_string}"},"query-input":{"@type":"PropertyValueSpecification","valueRequired":true,"valueName":"search_term_string"}}],"inLanguage":"es"}]}},"_links":{"self":[{"href":"https:\/\/best-poker-bonuscode.com\/es\/wp-json\/wp\/v2\/pages\/2906","targetHints":{"allow":["GET"]}}],"collection":[{"href":"https:\/\/best-poker-bonuscode.com\/es\/wp-json\/wp\/v2\/pages"}],"about":[{"href":"https:\/\/best-poker-bonuscode.com\/es\/wp-json\/wp\/v2\/types\/page"}],"author":[{"embeddable":true,"href":"https:\/\/best-poker-bonuscode.com\/es\/wp-json\/wp\/v2\/users\/1"}],"replies":[{"embeddable":true,"href":"https:\/\/best-poker-bonuscode.com\/es\/wp-json\/wp\/v2\/comments?post=2906"}],"version-history":[{"count":0,"href":"https:\/\/best-poker-bonuscode.com\/es\/wp-json\/wp\/v2\/pages\/2906\/revisions"}],"wp:attachment":[{"href":"https:\/\/best-poker-bonuscode.com\/es\/wp-json\/wp\/v2\/media?parent=2906"}],"curies":[{"name":"wp","href":"https:\/\/api.w.org\/{rel}","templated":true}]}}