{"id":2890,"date":"2011-04-14T14:19:27","date_gmt":"2011-04-14T13:19:27","guid":{"rendered":"https:\/\/best-poker-bonuscode.com\/heim\/"},"modified":"2011-04-14T14:19:27","modified_gmt":"2011-04-14T13:19:27","slug":"heim","status":"publish","type":"page","link":"https:\/\/best-poker-bonuscode.com\/de\/","title":{"rendered":"Heim"},"content":{"rendered":"<p style=\"text-align: justify;\">Die Entscheidung, bei welcher Poker-Website man sich anmeldet, ist eine der wichtigsten Entscheidungen f\u00fcr einen Pokerspieler. <strong>Lesen Sie unbedingt einen Online-Pokertest \u00fcber die gew\u00fcnschte Website<\/strong>, bevor Sie Geld einzahlen. Manche Websites eignen sich besser f\u00fcr Anf\u00e4nger, andere eher f\u00fcr Fortgeschrittene. Wir haben viele Pokerr\u00e4ume f\u00fcr Sie getestet und diese Website enth\u00e4lt Bewertungen zu jedem einzelnen Anbieter mit hilfreichen Informationen zu den dort verf\u00fcgbaren Angeboten.<\/p>\n<p style=\"text-align: justify;\">Viele Spieler entscheiden sich einfach f\u00fcr die Website mit dem h\u00f6chsten Bonus. Das Problem ist jedoch, dass der h\u00f6chste Bonus m\u00f6glicherweise nicht der beste f\u00fcr Sie ist. Beispielsweise sind einige Boni f\u00fcr High Roller und Spieler gedacht, die an 8 Tischen gleichzeitig spielen. Diese Boni k\u00f6nnen Sie m\u00f6glicherweise nicht freispielen und voll ausnutzen.<\/p>\n<p style=\"text-align: justify;\">Auf unseren Online-Poker-Testseiten finden Sie nicht nur Informationen zu Software, Wettbewerb, Turnierplan und Spielvielfalt, sondern erfahren in unseren Pokerraum-Tests auch, ob der Bonus leicht freizuspielen ist. Ber\u00fccksichtigen Sie bei Ihrer Entscheidung Ihren eigenen Spielstil.<\/p>\n<h2 style=\"text-align: justify;\"><span style=\"font-size: 12pt;\">Unser Online-Poker-Testsieger<\/span><\/h2>\n<p style=\"text-align: justify;\">Jeder Spieler hat einen Lieblings-Pokerraum \u2013 f\u00fcr uns ist es nach umfangreichen Tests <strong>Bet365 Poker<\/strong><\/p>\n<p style=\"text-align: justify;\">Aber es gibt noch viele andere gute Online-Pokerr\u00e4ume. Unser Ziel ist es, die besten Online-Pokerr\u00e4ume zu finden und zu testen und st\u00e4ndig die besten und aktuellsten <strong>Poker-Bonuscodes<\/strong> und Bonusangebote f\u00fcr alle Pokerseiten aufzulisten. Wir liefern Ihnen alle relevanten Informationen, die Sie f\u00fcr die richtige Entscheidung bei der Wahl des Pokerraums ben\u00f6tigen.<\/p>\n<p style=\"text-align: justify;\">Nutzen Sie den Einzahlungsbonus des Pokerraums. Das bedeutet aber nicht immer, den h\u00f6chsten Bonus zu w\u00e4hlen \u2013 informieren Sie sich auch \u00fcber die Freispielbedingungen. Nicht jeder Bonus ist f\u00fcr jeden Spieler geeignet. Einige R\u00e4ume bieten sogar ein eigenes Poker-Rakeback-System an \u2013 Vielspielerpunkte k\u00f6nnen gewonnen und gegen Bargeld eingetauscht werden! Bet365 Poker ist unser Lieblingsraum, da er laut unserem Test auch den besten Sportwettenbereich und die besten Echtgeld-Casinos aller Pokerr\u00e4ume bietet. <a href=\"go\/Bet365.html\" target=\"_blank\" rel=\"noopener\">Um die au\u00dfergew\u00f6hnliche Poker-Action bei Bet365 zu erleben, klicken Sie hier, um Poker zu spielen und Ihre Sportwetten in Sekundenschnelle zu platzieren.<\/a><\/p>\n<h2 style=\"text-align: justify;\"><span style=\"font-size: 12pt;\">Warum sind Poker-Bonuscodes so wichtig?<\/span><\/h2>\n<p style=\"text-align: justify;\">Und schlie\u00dflich ist die Verwendung des besten Poker-Bonuscodes sehr wichtig, nicht nur bei Bet365. Nur die neuesten und besten Poker-Bonuscodes, die Sie auf unserer Website finden, garantieren Ihnen den h\u00f6chsten verf\u00fcgbaren Pokerbonus f\u00fcr Ihr Zimmer! Wir aktualisieren unsere Poker-Bonuscodes und Testergebnisse st\u00e4ndig.<\/p>\n<h2 style=\"text-align: justify;\"><span style=\"font-size: 12pt;\">Was testen wir sonst noch?<\/span><\/h2>\n<p style=\"text-align: justify;\">In unseren Testberichten finden Sie Informationen zum Poker-Cashgame- und Turnierangebot der Pokerseiten, zur Verf\u00fcgbarkeit von Cashgames auf Mikro-, Mittel- und High-Level-Niveau, gro\u00dfen, mittleren und kleinen Turnieren, zum w\u00f6chentlichen Hauptturnier, zu ob dort mit leichter oder starker Konkurrenz zu rechnen ist und vieles mehr.<\/p>\n<p>Ebenso wichtig ist es, einen Einblick in die Software und den Kundensupport des Pokerraums Ihrer Wahl zu erhalten. All diese Informationen finden Sie hier.<\/p>\n<p style=\"text-align: justify;\">Und zu guter Letzt werfen Sie einen Blick in unsere Strategie-Ecke. Dort finden Sie zahlreiche Artikel zu grundlegenden und fortgeschrittenen Texas Holdem-Strategien, sowohl f\u00fcr No-Limit- und Fixed-Limit-Cashgames als auch f\u00fcr No-Limit-Turniere.<\/p>\n<p style=\"text-align: justify;\">Ob Ringgame- oder Turnierspieler \u2013 mit unserer Pokerschule k\u00f6nnen Sie Ihre Pokerf\u00e4higkeiten verbessern. Regelm\u00e4\u00dfig erscheinen neue Artikel zur Pokerstrategie. Es ist wichtig, Ihre Pokerf\u00e4higkeiten zu verbessern \u2013 nehmen Sie sich Zeit und informieren Sie sich \u00fcber Strategien. <strong>W\u00e4hlen Sie dann eine neue Poker-Website aus unserem Online-Pokertest<\/strong>, sichern Sie sich einen Bonus und wenden Sie Ihre neu erworbenen F\u00e4higkeiten an den Tischen an!<\/p>\n","protected":false},"excerpt":{"rendered":"<p>Die Entscheidung, bei welcher Poker-Website man sich anmeldet, ist eine der wichtigsten Entscheidungen f\u00fcr einen Pokerspieler. Lesen Sie unbedingt einen<\/p>\n","protected":false},"author":1,"featured_media":0,"parent":0,"menu_order":1,"comment_status":"closed","ping_status":"closed","template":"","meta":{"footnotes":""},"class_list":["post-2890","page","type-page","status-publish","hentry","comments-off"],"yoast_head":"<!-- This site is optimized with the Yoast SEO plugin v25.7 - https:\/\/yoast.com\/wordpress\/plugins\/seo\/ -->\n<title>Online Poker Test | Testen Sie die besten Online Pokerseiten<\/title>\n<meta name=\"robots\" content=\"index, follow, max-snippet:-1, max-image-preview:large, max-video-preview:-1\" \/>\n<link rel=\"canonical\" href=\"https:\/\/best-poker-bonuscode.com\/de\/\" \/>\n<meta property=\"og:locale\" content=\"de_DE\" \/>\n<meta property=\"og:type\" content=\"article\" \/>\n<meta property=\"og:title\" content=\"Online Poker Test | Testen Sie die besten Online Pokerseiten\" \/>\n<meta property=\"og:description\" content=\"Die Entscheidung, bei welcher Poker-Website man sich anmeldet, ist eine der wichtigsten Entscheidungen f\u00fcr einen Pokerspieler. Lesen Sie unbedingt einen\" \/>\n<meta property=\"og:url\" content=\"https:\/\/best-poker-bonuscode.com\/de\/\" \/>\n<meta property=\"og:site_name\" content=\"Best Poker Bonus Codes\" \/>\n<meta name=\"twitter:card\" content=\"summary_large_image\" \/>\n<meta name=\"twitter:label1\" content=\"Gesch\u00e4tzte Lesezeit\" \/>\n\t<meta name=\"twitter:data1\" content=\"3\u00a0Minuten\" \/>\n<script type=\"application\/ld+json\" class=\"yoast-schema-graph\">{\"@context\":\"https:\/\/schema.org\",\"@graph\":[{\"@type\":\"WebPage\",\"@id\":\"https:\/\/best-poker-bonuscode.com\/de\/\",\"url\":\"https:\/\/best-poker-bonuscode.com\/de\/\",\"name\":\"Online Poker Test | Testen Sie die besten Online Pokerseiten\",\"isPartOf\":{\"@id\":\"https:\/\/best-poker-bonuscode.com\/de\/#website\"},\"datePublished\":\"2011-04-14T13:19:27+00:00\",\"breadcrumb\":{\"@id\":\"https:\/\/best-poker-bonuscode.com\/de\/#breadcrumb\"},\"inLanguage\":\"de\",\"potentialAction\":[{\"@type\":\"ReadAction\",\"target\":[\"https:\/\/best-poker-bonuscode.com\/de\/\"]}]},{\"@type\":\"BreadcrumbList\",\"@id\":\"https:\/\/best-poker-bonuscode.com\/de\/#breadcrumb\",\"itemListElement\":[{\"@type\":\"ListItem\",\"position\":1,\"name\":\"Home\",\"item\":\"https:\/\/best-poker-bonuscode.com\/de\/\"},{\"@type\":\"ListItem\",\"position\":2,\"name\":\"Heim\"}]},{\"@type\":\"WebSite\",\"@id\":\"https:\/\/best-poker-bonuscode.com\/de\/#website\",\"url\":\"https:\/\/best-poker-bonuscode.com\/de\/\",\"name\":\"Best Poker Bonus Codes\",\"description\":\"\",\"potentialAction\":[{\"@type\":\"SearchAction\",\"target\":{\"@type\":\"EntryPoint\",\"urlTemplate\":\"https:\/\/best-poker-bonuscode.com\/de\/?s={search_term_string}\"},\"query-input\":{\"@type\":\"PropertyValueSpecification\",\"valueRequired\":true,\"valueName\":\"search_term_string\"}}],\"inLanguage\":\"de\"}]}<\/script>\n<!-- \/ Yoast SEO plugin. -->","yoast_head_json":{"title":"Online Poker Test | Testen Sie die besten Online Pokerseiten","robots":{"index":"index","follow":"follow","max-snippet":"max-snippet:-1","max-image-preview":"max-image-preview:large","max-video-preview":"max-video-preview:-1"},"canonical":"https:\/\/best-poker-bonuscode.com\/de\/","og_locale":"de_DE","og_type":"article","og_title":"Online Poker Test | Testen Sie die besten Online Pokerseiten","og_description":"Die Entscheidung, bei welcher Poker-Website man sich anmeldet, ist eine der wichtigsten Entscheidungen f\u00fcr einen Pokerspieler. Lesen Sie unbedingt einen","og_url":"https:\/\/best-poker-bonuscode.com\/de\/","og_site_name":"Best Poker Bonus Codes","twitter_card":"summary_large_image","twitter_misc":{"Gesch\u00e4tzte Lesezeit":"3\u00a0Minuten"},"schema":{"@context":"https:\/\/schema.org","@graph":[{"@type":"WebPage","@id":"https:\/\/best-poker-bonuscode.com\/de\/","url":"https:\/\/best-poker-bonuscode.com\/de\/","name":"Online Poker Test | Testen Sie die besten Online Pokerseiten","isPartOf":{"@id":"https:\/\/best-poker-bonuscode.com\/de\/#website"},"datePublished":"2011-04-14T13:19:27+00:00","breadcrumb":{"@id":"https:\/\/best-poker-bonuscode.com\/de\/#breadcrumb"},"inLanguage":"de","potentialAction":[{"@type":"ReadAction","target":["https:\/\/best-poker-bonuscode.com\/de\/"]}]},{"@type":"BreadcrumbList","@id":"https:\/\/best-poker-bonuscode.com\/de\/#breadcrumb","itemListElement":[{"@type":"ListItem","position":1,"name":"Home","item":"https:\/\/best-poker-bonuscode.com\/de\/"},{"@type":"ListItem","position":2,"name":"Heim"}]},{"@type":"WebSite","@id":"https:\/\/best-poker-bonuscode.com\/de\/#website","url":"https:\/\/best-poker-bonuscode.com\/de\/","name":"Best Poker Bonus Codes","description":"","potentialAction":[{"@type":"SearchAction","target":{"@type":"EntryPoint","urlTemplate":"https:\/\/best-poker-bonuscode.com\/de\/?s={search_term_string}"},"query-input":{"@type":"PropertyValueSpecification","valueRequired":true,"valueName":"search_term_string"}}],"inLanguage":"de"}]}},"_links":{"self":[{"href":"https:\/\/best-poker-bonuscode.com\/de\/wp-json\/wp\/v2\/pages\/2890","targetHints":{"allow":["GET"]}}],"collection":[{"href":"https:\/\/best-poker-bonuscode.com\/de\/wp-json\/wp\/v2\/pages"}],"about":[{"href":"https:\/\/best-poker-bonuscode.com\/de\/wp-json\/wp\/v2\/types\/page"}],"author":[{"embeddable":true,"href":"https:\/\/best-poker-bonuscode.com\/de\/wp-json\/wp\/v2\/users\/1"}],"replies":[{"embeddable":true,"href":"https:\/\/best-poker-bonuscode.com\/de\/wp-json\/wp\/v2\/comments?post=2890"}],"version-history":[{"count":0,"href":"https:\/\/best-poker-bonuscode.com\/de\/wp-json\/wp\/v2\/pages\/2890\/revisions"}],"wp:attachment":[{"href":"https:\/\/best-poker-bonuscode.com\/de\/wp-json\/wp\/v2\/media?parent=2890"}],"curies":[{"name":"wp","href":"https:\/\/api.w.org\/{rel}","templated":true}]}}