{"id":2885,"date":"2011-04-14T14:19:27","date_gmt":"2011-04-14T13:19:27","guid":{"rendered":"https:\/\/best-poker-bonuscode.com\/domov\/"},"modified":"2011-04-14T14:19:27","modified_gmt":"2011-04-14T13:19:27","slug":"domov","status":"publish","type":"page","link":"https:\/\/best-poker-bonuscode.com\/cs\/","title":{"rendered":"Domov"},"content":{"rendered":"<p style=\"text-align: justify;\">Rozhodnut\u00ed, na kter\u00e9 pokerov\u00e9 str\u00e1nce se zaregistrovat, je jedn\u00edm z nejd\u016fle\u017eit\u011bj\u0161\u00edch rozhodnut\u00ed, kter\u00e9 mus\u00ed hr\u00e1\u010d pokeru u\u010dinit. P\u0159ed vkladem jak\u00fdchkoli pen\u011bz je nezbytn\u00e9 si <strong>p\u0159e\u010d\u00edst online pokerov\u00fd test o webov\u00e9 str\u00e1nce<\/strong>, kterou zva\u017eujete. N\u011bkter\u00e9 webov\u00e9 str\u00e1nky jsou lep\u0161\u00ed pro za\u010d\u00e1te\u010dn\u00edky, jin\u00e9 pro pokro\u010dil\u00e9 hr\u00e1\u010de. Otestovali jsme pro v\u00e1s mnoho pokerov\u00fdch heren a tato webov\u00e1 str\u00e1nka obsahuje recenze pro ka\u017edou z nich s u\u017eite\u010dn\u00fdmi informacemi o tom, co tam najdete.<\/p>\n<p style=\"text-align: justify;\">Mnoho hr\u00e1\u010d\u016f se rozhoduje jednodu\u0161e podle v\u00fdb\u011bru str\u00e1nky s nejvy\u0161\u0161\u00edm bonusem. Probl\u00e9m je ale v tom, \u017ee nejvy\u0161\u0161\u00ed bonus nemus\u00ed b\u00fdt ten, kter\u00fd je pro v\u00e1s nejlep\u0161\u00ed. Nap\u0159\u00edklad n\u011bkter\u00e9 bonusy jsou ur\u010deny pro high rollery a hr\u00e1\u010de, kte\u0159\u00ed hraj\u00ed u 8 stol\u016f sou\u010dasn\u011b, a vy se nemus\u00edte dostat k t\u011bmto bonus\u016fm a vyu\u017e\u00edt je naplno.<\/p>\n<p style=\"text-align: justify;\">P\u0159i \u010dten\u00ed na\u0161ich testovac\u00edch str\u00e1nek online pokeru najdete nejen informace o softwaru, sout\u011b\u017e\u00edch, rozpisu turnaj\u016f a rozmanitosti her, ale v na\u0161ich testech pokerov\u00fdch heren v\u00e1m tak\u00e9 \u0159ekneme, zda je bonus snadn\u00e9 z\u00edskat, \u010di nikoli. P\u0159i rozhodov\u00e1n\u00ed vezm\u011bte v \u00favahu sv\u016fj vlastn\u00ed hern\u00ed styl.<\/p>\n<h2 style=\"text-align: justify;\"><span style=\"font-size: 12pt;\">N\u00e1\u0161 v\u00edt\u011bz testu online pokeru<\/span><\/h2>\n<p style=\"text-align: justify;\">Ka\u017ed\u00fd hr\u00e1\u010d m\u00e1 svou obl\u00edbenou pokerovou hernu &#8211; pro n\u00e1s je to po rozs\u00e1hl\u00e9m testov\u00e1n\u00ed<strong> Bet365 Poker. <\/strong><\/p>\n<p style=\"text-align: justify;\">Existuje v\u0161ak mnoho dal\u0161\u00edch dobr\u00fdch online pokerov\u00fdch heren. Na\u0161\u00edm c\u00edlem je naj\u00edt a otestovat nejlep\u0161\u00ed online pokerov\u00e9 herny a neust\u00e1le uv\u00e1d\u011bt nejlep\u0161\u00ed a nejnov\u011bj\u0161\u00ed <strong>pokerov\u00e9 bonusov\u00e9 k\u00f3dy<\/strong> a bonusov\u00e9 nab\u00eddky pro v\u0161echny pokerov\u00e9 weby. Poskytujeme v\u00e1m v\u0161echny relevantn\u00ed informace, kter\u00e9 pot\u0159ebujete k tomu, abyste se p\u0159i v\u00fdb\u011bru pokerov\u00e9 herny spr\u00e1vn\u011b rozhodli.<\/p>\n<p style=\"text-align: justify;\">Vyu\u017eijte bonus za vklad, kter\u00fd pokerov\u00e1 herna nab\u00edz\u00ed. Op\u011bt to neznamen\u00e1 v\u017edy vybrat si nejvy\u0161\u0161\u00ed bonus \u2013 informujte se tak\u00e9 o podm\u00ednk\u00e1ch jeho uvoln\u011bn\u00ed. Ne ka\u017ed\u00fd bonus je vhodn\u00fd pro ka\u017ed\u00e9ho hr\u00e1\u010de. N\u011bkter\u00e9 herny maj\u00ed dokonce sv\u016fj vlastn\u00ed syst\u00e9m rakebacku v pokeru \u2013 body pro \u010dast\u00e9 hr\u00e1\u010de lze vyhr\u00e1t a sm\u011bnit za hotovost! Bet365 Poker je na\u0161e obl\u00edben\u00e1 herna, proto\u017ee podle na\u0161eho testu nab\u00edz\u00ed tak\u00e9 nejlep\u0161\u00ed sekci sportovn\u00edch s\u00e1zek a nejlep\u0161\u00ed kasina o skute\u010dn\u00e9 pen\u00edze ze v\u0161ech pokerov\u00fdch heren. <a href=\"go\/Bet365.html\" target=\"_blank\" rel=\"noopener\">Chcete-li se pod\u00edvat na mimo\u0159\u00e1dnou pokerovou akci na Bet365, klikn\u011bte sem a zahrajte si poker, kde si m\u016f\u017eete b\u011bhem n\u011bkolika sekund vsadit na sporty.<\/a><\/p>\n<h2 style=\"text-align: justify;\"><span style=\"font-size: 12pt;\">Pro\u010d jsou pokerov\u00e9 bonusov\u00e9 k\u00f3dy tak d\u016fle\u017eit\u00e9?<\/span><\/h2>\n<p style=\"text-align: justify;\">A kone\u010dn\u011b, pou\u017eit\u00ed nejlep\u0161\u00edho pokerov\u00e9ho bonusov\u00e9ho k\u00f3du je velmi d\u016fle\u017eit\u00e9, a to nejen pro Bet365. Pouze nejnov\u011bj\u0161\u00ed a nejlep\u0161\u00ed pokerov\u00e9 bonusov\u00e9 k\u00f3dy, kter\u00e9 najdete na na\u0161ich str\u00e1nk\u00e1ch, v\u00e1m zaru\u010d\u00ed, \u017ee skute\u010dn\u011b z\u00edsk\u00e1te nejvy\u0161\u0161\u00ed dostupn\u00fd pokerov\u00fd bonus pro va\u0161i hernu! Neust\u00e1le aktualizujeme na\u0161e pokerov\u00e9 bonusov\u00e9 k\u00f3dy a v\u00fdsledky test\u016f.<\/p>\n<h2 style=\"text-align: justify;\"><span style=\"font-size: 12pt;\">Co dal\u0161\u00edho testujeme?<\/span><\/h2>\n<p style=\"text-align: justify;\">V na\u0161ich recenzn\u00edch \u010dl\u00e1nc\u00edch najdete informace o rozmanitosti pokerov\u00fdch cash game a turnaj\u016f na pokerov\u00fdch webech, dostupnosti mikro-, st\u0159edn\u00ed a vysok\u00e9 cash games, velk\u00fdch, st\u0159edn\u00edch a mal\u00fdch turnaj\u016f, jak\u00fd je hlavn\u00ed t\u00fddenn\u00ed turnaj, zda m\u016f\u017eete o\u010dek\u00e1vat slabou nebo tvrdou konkurenci a mnoho dal\u0161\u00edho.<\/p>\n<p>Stejn\u011b d\u016fle\u017eit\u00e9 je z\u00edskat p\u0159ehled o softwaru a z\u00e1kaznick\u00e9 podpo\u0159e v\u00e1mi vybran\u00e9 pokerov\u00e9 herny. V\u0161echny tyto informace najdete zde.<\/p>\n<p style=\"text-align: justify;\">A v neposledn\u00ed \u0159ad\u011b se pod\u00edvejte na n\u00e1\u0161 strategick\u00fd koutek. Najdete zde spoustu \u010dl\u00e1nk\u016f o z\u00e1kladn\u00ed i pokro\u010dil\u00e9 strategii Texas Holdem, a to jak pro cash games No Limit i Fixed Limit, tak i pro No Limit turnaje.<\/p>\n<p style=\"text-align: justify;\">A\u0165 u\u017e hrajete cash games nebo turnaje, s na\u0161\u00ed pokerovou \u0161kolou si m\u016f\u017eete zlep\u0161it sv\u00e9 pokerov\u00e9 dovednosti. Pravideln\u011b budeme publikovat nov\u00e9 \u010dl\u00e1nky o pokerov\u00e9 strategii. Udr\u017eovat si pokerov\u00e9 dovednosti je d\u016fle\u017eit\u00e9 \u2013 v\u011bnujte \u010das p\u0159e\u010dten\u00ed si o strategii, pot\u00e9 si <strong>vyberte novou pokerovou webovou str\u00e1nku z na\u0161eho online pokerov\u00e9ho testu,<\/strong> z\u00edskejte nov\u00fd bonus a vra\u0165te se ke stol\u016fm, abyste si uplatnili nov\u011b z\u00edskan\u00e9 dovednosti!<\/p>\n","protected":false},"excerpt":{"rendered":"<p>Rozhodnut\u00ed, na kter\u00e9 pokerov\u00e9 str\u00e1nce se zaregistrovat, je jedn\u00edm z nejd\u016fle\u017eit\u011bj\u0161\u00edch rozhodnut\u00ed, kter\u00e9 mus\u00ed hr\u00e1\u010d pokeru u\u010dinit. P\u0159ed vkladem jak\u00fdchkoli<\/p>\n","protected":false},"author":1,"featured_media":0,"parent":0,"menu_order":1,"comment_status":"closed","ping_status":"closed","template":"","meta":{"footnotes":""},"class_list":["post-2885","page","type-page","status-publish","hentry","comments-off"],"yoast_head":"<!-- This site is optimized with the Yoast SEO plugin v25.7 - https:\/\/yoast.com\/wordpress\/plugins\/seo\/ -->\n<title>Test online pokeru | Otestujte si nejlep\u0161\u00ed webov\u00e9 str\u00e1nky pro online poker<\/title>\n<meta name=\"robots\" content=\"index, follow, max-snippet:-1, max-image-preview:large, max-video-preview:-1\" \/>\n<link rel=\"canonical\" href=\"https:\/\/best-poker-bonuscode.com\/cs\/\" \/>\n<meta property=\"og:locale\" content=\"cs_CZ\" \/>\n<meta property=\"og:type\" content=\"article\" \/>\n<meta property=\"og:title\" content=\"Test online pokeru | Otestujte si nejlep\u0161\u00ed webov\u00e9 str\u00e1nky pro online poker\" \/>\n<meta property=\"og:description\" content=\"Rozhodnut\u00ed, na kter\u00e9 pokerov\u00e9 str\u00e1nce se zaregistrovat, je jedn\u00edm z nejd\u016fle\u017eit\u011bj\u0161\u00edch rozhodnut\u00ed, kter\u00e9 mus\u00ed hr\u00e1\u010d pokeru u\u010dinit. P\u0159ed vkladem jak\u00fdchkoli\" \/>\n<meta property=\"og:url\" content=\"https:\/\/best-poker-bonuscode.com\/cs\/\" \/>\n<meta property=\"og:site_name\" content=\"Best Poker Bonus Codes\" \/>\n<meta name=\"twitter:card\" content=\"summary_large_image\" \/>\n<meta name=\"twitter:label1\" content=\"Odhadovan\u00e1 doba \u010dten\u00ed\" \/>\n\t<meta name=\"twitter:data1\" content=\"4 minuty\" \/>\n<script type=\"application\/ld+json\" class=\"yoast-schema-graph\">{\"@context\":\"https:\/\/schema.org\",\"@graph\":[{\"@type\":\"WebPage\",\"@id\":\"https:\/\/best-poker-bonuscode.com\/cs\/\",\"url\":\"https:\/\/best-poker-bonuscode.com\/cs\/\",\"name\":\"Test online pokeru | Otestujte si nejlep\u0161\u00ed webov\u00e9 str\u00e1nky pro online poker\",\"isPartOf\":{\"@id\":\"https:\/\/best-poker-bonuscode.com\/cs\/#website\"},\"datePublished\":\"2011-04-14T13:19:27+00:00\",\"breadcrumb\":{\"@id\":\"https:\/\/best-poker-bonuscode.com\/cs\/#breadcrumb\"},\"inLanguage\":\"cs\",\"potentialAction\":[{\"@type\":\"ReadAction\",\"target\":[\"https:\/\/best-poker-bonuscode.com\/cs\/\"]}]},{\"@type\":\"BreadcrumbList\",\"@id\":\"https:\/\/best-poker-bonuscode.com\/cs\/#breadcrumb\",\"itemListElement\":[{\"@type\":\"ListItem\",\"position\":1,\"name\":\"Home\",\"item\":\"https:\/\/best-poker-bonuscode.com\/cs\/\"},{\"@type\":\"ListItem\",\"position\":2,\"name\":\"Domov\"}]},{\"@type\":\"WebSite\",\"@id\":\"https:\/\/best-poker-bonuscode.com\/cs\/#website\",\"url\":\"https:\/\/best-poker-bonuscode.com\/cs\/\",\"name\":\"Best Poker Bonus Codes\",\"description\":\"\",\"potentialAction\":[{\"@type\":\"SearchAction\",\"target\":{\"@type\":\"EntryPoint\",\"urlTemplate\":\"https:\/\/best-poker-bonuscode.com\/cs\/?s={search_term_string}\"},\"query-input\":{\"@type\":\"PropertyValueSpecification\",\"valueRequired\":true,\"valueName\":\"search_term_string\"}}],\"inLanguage\":\"cs\"}]}<\/script>\n<!-- \/ Yoast SEO plugin. -->","yoast_head_json":{"title":"Test online pokeru | Otestujte si nejlep\u0161\u00ed webov\u00e9 str\u00e1nky pro online poker","robots":{"index":"index","follow":"follow","max-snippet":"max-snippet:-1","max-image-preview":"max-image-preview:large","max-video-preview":"max-video-preview:-1"},"canonical":"https:\/\/best-poker-bonuscode.com\/cs\/","og_locale":"cs_CZ","og_type":"article","og_title":"Test online pokeru | Otestujte si nejlep\u0161\u00ed webov\u00e9 str\u00e1nky pro online poker","og_description":"Rozhodnut\u00ed, na kter\u00e9 pokerov\u00e9 str\u00e1nce se zaregistrovat, je jedn\u00edm z nejd\u016fle\u017eit\u011bj\u0161\u00edch rozhodnut\u00ed, kter\u00e9 mus\u00ed hr\u00e1\u010d pokeru u\u010dinit. P\u0159ed vkladem jak\u00fdchkoli","og_url":"https:\/\/best-poker-bonuscode.com\/cs\/","og_site_name":"Best Poker Bonus Codes","twitter_card":"summary_large_image","twitter_misc":{"Odhadovan\u00e1 doba \u010dten\u00ed":"4 minuty"},"schema":{"@context":"https:\/\/schema.org","@graph":[{"@type":"WebPage","@id":"https:\/\/best-poker-bonuscode.com\/cs\/","url":"https:\/\/best-poker-bonuscode.com\/cs\/","name":"Test online pokeru | Otestujte si nejlep\u0161\u00ed webov\u00e9 str\u00e1nky pro online poker","isPartOf":{"@id":"https:\/\/best-poker-bonuscode.com\/cs\/#website"},"datePublished":"2011-04-14T13:19:27+00:00","breadcrumb":{"@id":"https:\/\/best-poker-bonuscode.com\/cs\/#breadcrumb"},"inLanguage":"cs","potentialAction":[{"@type":"ReadAction","target":["https:\/\/best-poker-bonuscode.com\/cs\/"]}]},{"@type":"BreadcrumbList","@id":"https:\/\/best-poker-bonuscode.com\/cs\/#breadcrumb","itemListElement":[{"@type":"ListItem","position":1,"name":"Home","item":"https:\/\/best-poker-bonuscode.com\/cs\/"},{"@type":"ListItem","position":2,"name":"Domov"}]},{"@type":"WebSite","@id":"https:\/\/best-poker-bonuscode.com\/cs\/#website","url":"https:\/\/best-poker-bonuscode.com\/cs\/","name":"Best Poker Bonus Codes","description":"","potentialAction":[{"@type":"SearchAction","target":{"@type":"EntryPoint","urlTemplate":"https:\/\/best-poker-bonuscode.com\/cs\/?s={search_term_string}"},"query-input":{"@type":"PropertyValueSpecification","valueRequired":true,"valueName":"search_term_string"}}],"inLanguage":"cs"}]}},"_links":{"self":[{"href":"https:\/\/best-poker-bonuscode.com\/cs\/wp-json\/wp\/v2\/pages\/2885","targetHints":{"allow":["GET"]}}],"collection":[{"href":"https:\/\/best-poker-bonuscode.com\/cs\/wp-json\/wp\/v2\/pages"}],"about":[{"href":"https:\/\/best-poker-bonuscode.com\/cs\/wp-json\/wp\/v2\/types\/page"}],"author":[{"embeddable":true,"href":"https:\/\/best-poker-bonuscode.com\/cs\/wp-json\/wp\/v2\/users\/1"}],"replies":[{"embeddable":true,"href":"https:\/\/best-poker-bonuscode.com\/cs\/wp-json\/wp\/v2\/comments?post=2885"}],"version-history":[{"count":0,"href":"https:\/\/best-poker-bonuscode.com\/cs\/wp-json\/wp\/v2\/pages\/2885\/revisions"}],"wp:attachment":[{"href":"https:\/\/best-poker-bonuscode.com\/cs\/wp-json\/wp\/v2\/media?parent=2885"}],"curies":[{"name":"wp","href":"https:\/\/api.w.org\/{rel}","templated":true}]}}